{"id":440,"date":"2024-10-03T18:41:56","date_gmt":"2024-10-03T18:41:56","guid":{"rendered":"https:\/\/halonyspa.com\/?post_type=product&#038;p=440"},"modified":"2025-06-08T21:39:50","modified_gmt":"2025-06-08T21:39:50","slug":"combo-150ml-yen-chung-san-mua-5-tang-1","status":"publish","type":"product","link":"https:\/\/halonyspa.com\/ko\/combo-150ml-yen-chung-san-mua-5-tang-1","title":{"rendered":"COMBO 150ML Y\u1ebeN CH\u01afNG S\u1eb4N &#8211; MUA 5 T\u1eb6NG 1"},"content":{"rendered":"<p>COMBO MUA 4 H\u0168 Y\u1ebeN CH\u01afNG S\u1eb4N LO\u1ea0I 150ML T\u1eb6NG 1 H\u0168 Y\u1ebeN C\u00d9NG DUNG T\u00cdCH<\/p>\n<p>Y\u1ebfn s\u00e0o ch\u01b0ng s\u1eb5n h\u00e0ng ng\u00e0y nguy\u00ean ch\u1ea5t 100%, g\u1ed3m nhi\u1ec1u h\u01b0\u01a1ng v\u1ecb:<\/p>\n<ul>\n<li><em>Y\u1ebfn s\u00e0o ch\u01b0ng \u0111\u01b0\u1eddng ph\u00e8n.<\/em><\/li>\n<li><em>Y\u1ebf s\u00e0o ch\u01b0ng n\u1ea5m \u0111\u00f4ng tr\u00f9ng h\u1ea1 th\u1ea3o, k\u1ef7 t\u1eed.<\/em><\/li>\n<li><em>Y\u1ebfn s\u00e0o ch\u01b0ng mix theo ng\u00e0y.<\/em><\/li>\n<\/ul>\n<p><strong>HALONY<em> c\u00f3 c\u01a1 s\u1edf nu\u00f4i Y\u1ebfn v\u00e0 N\u1ea5m \u0110\u00f4ng tr\u00f9ng h\u1ea1 th\u1ea3o t\u1ea1i Ti\u1ec1n Giang. Vi\u1ec7c thu gom v\u00e0 s\u1ea3n xu\u1ea5t\u00a0 Y\u1ebfn\/ N\u1ea5m l\u00e0 tr\u1ef1c ti\u1ebfp, kh\u00f4ng qua kh\u00e2u trung gian.<\/em><\/strong><\/p>\n<p><strong><em>HALONY ho\u00e0n to\u00e0n \u0111\u1ea3m b\u1ea3o v\u1ec1 ch\u1ea5t l\u01b0\u1ee3ng T\u1ed5 Y\u1ebfn\/ N\u1ea5m \u0111\u00f4ng tr\u00f9ng ch\u00fang t\u00f4i cung c\u1ea5p 100% l\u00e0 Y\u1ebfn\/ N\u1ea5m \u0111\u00f4ng tr\u00f9ng nguy\u00ean ch\u1ea5t th\u1eadt, kh\u00f4ng pha tr\u1ed9n.<\/em><\/strong><\/p>","protected":false},"excerpt":{"rendered":"<p>COMBO MUA 4 H\u0168 Y\u1ebeN CH\u01afNG S\u1eb4N LO\u1ea0I 150ML T\u1eb6NG 1 H\u0168 Y\u1ebeN C\u00d9NG DUNG T\u00cdCH Y\u1ebfn s\u00e0o ch\u01b0ng s\u1eb5n h\u00e0ng ng\u00e0y nguy\u00ean ch\u1ea5t 100%, g\u1ed3m nhi\u1ec1u h\u01b0\u01a1ng v\u1ecb: Y\u1ebfn s\u00e0o ch\u01b0ng \u0111\u01b0\u1eddng ph\u00e8n. Y\u1ebf s\u00e0o ch\u01b0ng n\u1ea5m \u0111\u00f4ng tr\u00f9ng h\u1ea1 th\u1ea3o, k\u1ef7 t\u1eed. Y\u1ebfn s\u00e0o ch\u01b0ng mix theo ng\u00e0y. HALONY c\u00f3 c\u01a1 s\u1edf nu\u00f4i<\/p>","protected":false},"featured_media":397,"comment_status":"open","ping_status":"closed","template":"","meta":[],"product_cat":[20,29,24,18],"product_tag":[38],"class_list":{"0":"post-440","1":"product","2":"type-product","3":"status-publish","4":"has-post-thumbnail","6":"product_cat-combo","7":"product_cat-set-5-hu-yen-sao","8":"product_cat-yen-chung-san","9":"product_cat-yen-sao","10":"product_tag-yen-chung-san","12":"first","13":"instock","14":"sale","15":"taxable","16":"shipping-taxable","17":"purchasable","18":"product-type-simple"},"yoast_head":"<!-- This site is optimized with the Yoast SEO Premium plugin v23.2 (Yoast SEO v23.2) - https:\/\/yoast.com\/wordpress\/plugins\/seo\/ -->\n<title>COMBO 150ML Y\u1ebeN CH\u01afNG S\u1eb4N - MUA 5 T\u1eb6NG 1 - Halony \u0110\u00e0 L\u1ea1t<\/title>\n<meta name=\"description\" content=\"Combo Mua 5 h\u0169 Gi\u00e1 4 h\u0169 - Lo\u1ea1i 150ml Y\u1ebfn s\u00e0o nguy\u00ean ch\u1ea5t 100% \u0111\u01b0\u1ee3c ch\u01b0ng c\u1ea5t t\u01b0\u01a1i m\u1edbi m\u1ed7i ng\u00e0y.\" \/>\n<meta name=\"robots\" content=\"index, follow, max-snippet:-1, max-image-preview:large, max-video-preview:-1\" \/>\n<link rel=\"canonical\" href=\"https:\/\/halonyspa.com\/ko\/combo-150ml-yen-chung-san-mua-5-tang-1\/\" \/>\n<meta property=\"og:locale\" content=\"ko_KR\" \/>\n<meta property=\"og:type\" content=\"article\" \/>\n<meta property=\"og:title\" content=\"COMBO 150ML Y\u1ebeN CH\u01afNG S\u1eb4N - MUA 5 T\u1eb6NG 1\" \/>\n<meta property=\"og:description\" content=\"Combo Mua 5 h\u0169 Gi\u00e1 4 h\u0169 - Lo\u1ea1i 150ml Y\u1ebfn s\u00e0o nguy\u00ean ch\u1ea5t 100% \u0111\u01b0\u1ee3c ch\u01b0ng c\u1ea5t t\u01b0\u01a1i m\u1edbi m\u1ed7i ng\u00e0y.\" \/>\n<meta property=\"og:url\" content=\"https:\/\/halonyspa.com\/ko\/combo-150ml-yen-chung-san-mua-5-tang-1\/\" \/>\n<meta property=\"og:site_name\" content=\"Halony \u0110\u00e0 L\u1ea1t\" \/>\n<meta property=\"article:modified_time\" content=\"2025-06-08T21:39:50+00:00\" \/>\n<meta property=\"og:image\" content=\"https:\/\/halonyspa.com\/wp-content\/uploads\/2024\/09\/yen-nam.png\" \/>\n\t<meta property=\"og:image:width\" content=\"1000\" \/>\n\t<meta property=\"og:image:height\" content=\"1000\" \/>\n\t<meta property=\"og:image:type\" content=\"image\/png\" \/>\n<meta name=\"twitter:card\" content=\"summary_large_image\" \/>\n<meta name=\"twitter:label1\" content=\"\uc608\uc0c1 \ub418\ub294 \ud310\ub3c5 \uc2dc\uac04\" \/>\n\t<meta name=\"twitter:data1\" content=\"1\ubd84\" \/>\n<script type=\"application\/ld+json\" class=\"yoast-schema-graph\">{\"@context\":\"https:\/\/schema.org\",\"@graph\":[{\"@type\":\"WebPage\",\"@id\":\"https:\/\/halonyspa.com\/combo-150ml-yen-chung-san-mua-5-tang-1\",\"url\":\"https:\/\/halonyspa.com\/combo-150ml-yen-chung-san-mua-5-tang-1\",\"name\":\"COMBO 150ML Y\u1ebeN CH\u01afNG S\u1eb4N - MUA 5 T\u1eb6NG 1 - Halony \u0110\u00e0 L\u1ea1t\",\"isPartOf\":{\"@id\":\"https:\/\/halonyspa.com\/#website\"},\"primaryImageOfPage\":{\"@id\":\"https:\/\/halonyspa.com\/combo-150ml-yen-chung-san-mua-5-tang-1#primaryimage\"},\"image\":{\"@id\":\"https:\/\/halonyspa.com\/combo-150ml-yen-chung-san-mua-5-tang-1#primaryimage\"},\"thumbnailUrl\":\"https:\/\/halonyspa.com\/wp-content\/uploads\/2024\/09\/yen-nam.png\",\"datePublished\":\"2024-10-03T18:41:56+00:00\",\"dateModified\":\"2025-06-08T21:39:50+00:00\",\"description\":\"Combo Mua 5 h\u0169 Gi\u00e1 4 h\u0169 - Lo\u1ea1i 150ml Y\u1ebfn s\u00e0o nguy\u00ean ch\u1ea5t 100% \u0111\u01b0\u1ee3c ch\u01b0ng c\u1ea5t t\u01b0\u01a1i m\u1edbi m\u1ed7i ng\u00e0y.\",\"breadcrumb\":{\"@id\":\"https:\/\/halonyspa.com\/combo-150ml-yen-chung-san-mua-5-tang-1#breadcrumb\"},\"inLanguage\":\"ko-KR\",\"potentialAction\":[{\"@type\":\"ReadAction\",\"target\":[\"https:\/\/halonyspa.com\/combo-150ml-yen-chung-san-mua-5-tang-1\"]}]},{\"@type\":\"ImageObject\",\"inLanguage\":\"ko-KR\",\"@id\":\"https:\/\/halonyspa.com\/combo-150ml-yen-chung-san-mua-5-tang-1#primaryimage\",\"url\":\"https:\/\/halonyspa.com\/wp-content\/uploads\/2024\/09\/yen-nam.png\",\"contentUrl\":\"https:\/\/halonyspa.com\/wp-content\/uploads\/2024\/09\/yen-nam.png\",\"width\":1000,\"height\":1000},{\"@type\":\"BreadcrumbList\",\"@id\":\"https:\/\/halonyspa.com\/combo-150ml-yen-chung-san-mua-5-tang-1#breadcrumb\",\"itemListElement\":[{\"@type\":\"ListItem\",\"position\":1,\"name\":\"Trang ch\u1ee7\",\"item\":\"https:\/\/halonyspa.com\/\"},{\"@type\":\"ListItem\",\"position\":2,\"name\":\"S\u1ea3n ph\u1ea9m\",\"item\":\"https:\/\/halonyspa.com\/san-pham\"},{\"@type\":\"ListItem\",\"position\":3,\"name\":\"COMBO 150ML Y\u1ebeN CH\u01afNG S\u1eb4N &#8211; MUA 5 T\u1eb6NG 1\"}]},{\"@type\":\"WebSite\",\"@id\":\"https:\/\/halonyspa.com\/#website\",\"url\":\"https:\/\/halonyspa.com\/\",\"name\":\"Halony \u0110\u00e0 L\u1ea1t\",\"description\":\"\",\"potentialAction\":[{\"@type\":\"SearchAction\",\"target\":{\"@type\":\"EntryPoint\",\"urlTemplate\":\"https:\/\/halonyspa.com\/?s={search_term_string}\"},\"query-input\":\"required name=search_term_string\"}],\"inLanguage\":\"ko-KR\"}]}<\/script>\n<!-- \/ Yoast SEO Premium plugin. -->","yoast_head_json":{"title":"COMBO 150ML Y\u1ebeN CH\u01afNG S\u1eb4N - MUA 5 T\u1eb6NG 1 - Halony \u0110\u00e0 L\u1ea1t","description":"Combo Mua 5 h\u0169 Gi\u00e1 4 h\u0169 - Lo\u1ea1i 150ml Y\u1ebfn s\u00e0o nguy\u00ean ch\u1ea5t 100% \u0111\u01b0\u1ee3c ch\u01b0ng c\u1ea5t t\u01b0\u01a1i m\u1edbi m\u1ed7i ng\u00e0y.","robots":{"index":"index","follow":"follow","max-snippet":"max-snippet:-1","max-image-preview":"max-image-preview:large","max-video-preview":"max-video-preview:-1"},"canonical":"https:\/\/halonyspa.com\/ko\/combo-150ml-yen-chung-san-mua-5-tang-1\/","og_locale":"ko_KR","og_type":"article","og_title":"COMBO 150ML Y\u1ebeN CH\u01afNG S\u1eb4N - MUA 5 T\u1eb6NG 1","og_description":"Combo Mua 5 h\u0169 Gi\u00e1 4 h\u0169 - Lo\u1ea1i 150ml Y\u1ebfn s\u00e0o nguy\u00ean ch\u1ea5t 100% \u0111\u01b0\u1ee3c ch\u01b0ng c\u1ea5t t\u01b0\u01a1i m\u1edbi m\u1ed7i ng\u00e0y.","og_url":"https:\/\/halonyspa.com\/ko\/combo-150ml-yen-chung-san-mua-5-tang-1\/","og_site_name":"Halony \u0110\u00e0 L\u1ea1t","article_modified_time":"2025-06-08T21:39:50+00:00","og_image":[{"width":1000,"height":1000,"url":"https:\/\/halonyspa.com\/wp-content\/uploads\/2024\/09\/yen-nam.png","type":"image\/png"}],"twitter_card":"summary_large_image","twitter_misc":{"\uc608\uc0c1 \ub418\ub294 \ud310\ub3c5 \uc2dc\uac04":"1\ubd84"},"schema":{"@context":"https:\/\/schema.org","@graph":[{"@type":"WebPage","@id":"https:\/\/halonyspa.com\/combo-150ml-yen-chung-san-mua-5-tang-1","url":"https:\/\/halonyspa.com\/combo-150ml-yen-chung-san-mua-5-tang-1","name":"COMBO 150ML Y\u1ebeN CH\u01afNG S\u1eb4N - MUA 5 T\u1eb6NG 1 - Halony \u0110\u00e0 L\u1ea1t","isPartOf":{"@id":"https:\/\/halonyspa.com\/#website"},"primaryImageOfPage":{"@id":"https:\/\/halonyspa.com\/combo-150ml-yen-chung-san-mua-5-tang-1#primaryimage"},"image":{"@id":"https:\/\/halonyspa.com\/combo-150ml-yen-chung-san-mua-5-tang-1#primaryimage"},"thumbnailUrl":"https:\/\/halonyspa.com\/wp-content\/uploads\/2024\/09\/yen-nam.png","datePublished":"2024-10-03T18:41:56+00:00","dateModified":"2025-06-08T21:39:50+00:00","description":"Combo Mua 5 h\u0169 Gi\u00e1 4 h\u0169 - Lo\u1ea1i 150ml Y\u1ebfn s\u00e0o nguy\u00ean ch\u1ea5t 100% \u0111\u01b0\u1ee3c ch\u01b0ng c\u1ea5t t\u01b0\u01a1i m\u1edbi m\u1ed7i ng\u00e0y.","breadcrumb":{"@id":"https:\/\/halonyspa.com\/combo-150ml-yen-chung-san-mua-5-tang-1#breadcrumb"},"inLanguage":"ko-KR","potentialAction":[{"@type":"ReadAction","target":["https:\/\/halonyspa.com\/combo-150ml-yen-chung-san-mua-5-tang-1"]}]},{"@type":"ImageObject","inLanguage":"ko-KR","@id":"https:\/\/halonyspa.com\/combo-150ml-yen-chung-san-mua-5-tang-1#primaryimage","url":"https:\/\/halonyspa.com\/wp-content\/uploads\/2024\/09\/yen-nam.png","contentUrl":"https:\/\/halonyspa.com\/wp-content\/uploads\/2024\/09\/yen-nam.png","width":1000,"height":1000},{"@type":"BreadcrumbList","@id":"https:\/\/halonyspa.com\/combo-150ml-yen-chung-san-mua-5-tang-1#breadcrumb","itemListElement":[{"@type":"ListItem","position":1,"name":"Trang ch\u1ee7","item":"https:\/\/halonyspa.com\/"},{"@type":"ListItem","position":2,"name":"S\u1ea3n ph\u1ea9m","item":"https:\/\/halonyspa.com\/san-pham"},{"@type":"ListItem","position":3,"name":"COMBO 150ML Y\u1ebeN CH\u01afNG S\u1eb4N &#8211; MUA 5 T\u1eb6NG 1"}]},{"@type":"WebSite","@id":"https:\/\/halonyspa.com\/#website","url":"https:\/\/halonyspa.com\/","name":"Halony \u0110\u00e0 L\u1ea1t","description":"","potentialAction":[{"@type":"SearchAction","target":{"@type":"EntryPoint","urlTemplate":"https:\/\/halonyspa.com\/?s={search_term_string}"},"query-input":"required name=search_term_string"}],"inLanguage":"ko-KR"}]}},"_links":{"self":[{"href":"https:\/\/halonyspa.com\/ko\/wp-json\/wp\/v2\/product\/440","targetHints":{"allow":["GET"]}}],"collection":[{"href":"https:\/\/halonyspa.com\/ko\/wp-json\/wp\/v2\/product"}],"about":[{"href":"https:\/\/halonyspa.com\/ko\/wp-json\/wp\/v2\/types\/product"}],"replies":[{"embeddable":true,"href":"https:\/\/halonyspa.com\/ko\/wp-json\/wp\/v2\/comments?post=440"}],"wp:featuredmedia":[{"embeddable":true,"href":"https:\/\/halonyspa.com\/ko\/wp-json\/wp\/v2\/media\/397"}],"wp:attachment":[{"href":"https:\/\/halonyspa.com\/ko\/wp-json\/wp\/v2\/media?parent=440"}],"wp:term":[{"taxonomy":"product_cat","embeddable":true,"href":"https:\/\/halonyspa.com\/ko\/wp-json\/wp\/v2\/product_cat?post=440"},{"taxonomy":"product_tag","embeddable":true,"href":"https:\/\/halonyspa.com\/ko\/wp-json\/wp\/v2\/product_tag?post=440"}],"curies":[{"name":"wp","href":"https:\/\/api.w.org\/{rel}","templated":true}]}}