{"id":436,"date":"2024-10-03T18:14:54","date_gmt":"2024-10-03T18:14:54","guid":{"rendered":"https:\/\/halonyspa.com\/?post_type=product&#038;p=436"},"modified":"2026-03-28T18:12:15","modified_gmt":"2026-03-28T18:12:15","slug":"combo-100gr-yen-10gr-nam-dong-trung-dang-soi","status":"publish","type":"product","link":"https:\/\/halonyspa.com\/ko\/combo-100gr-yen-10gr-nam-dong-trung-dang-soi","title":{"rendered":"COMBO 100GR Y\u1ebeN &#038; 10GR N\u1ea4M \u0110\u00d4NG TR\u00d9NG H\u1ea0 TH\u1ea2O S\u1ea4Y TH\u0102NG HOA"},"content":{"rendered":"<p>COMBO 100GR Y\u1ebeN &amp; 10GR N\u1ea4M \u0110\u00d4NG TR\u00d9NG H\u1ea0 TH\u1ea2O S\u1ea4Y TH\u0102NG HOA (D\u1ea0NG S\u1ee2I)<\/p>\n<p><strong>HALONY<em> c\u00f3 c\u01a1 s\u1edf nu\u00f4i Y\u1ebfn v\u00e0 N\u1ea5m \u0110\u00f4ng tr\u00f9ng h\u1ea1 th\u1ea3o t\u1ea1i Ti\u1ec1n Giang. Vi\u1ec7c thu gom v\u00e0 s\u1ea3n xu\u1ea5t\u00a0 Y\u1ebfn\/ N\u1ea5m l\u00e0 tr\u1ef1c ti\u1ebfp, kh\u00f4ng qua kh\u00e2u trung gian.<\/em><\/strong><\/p>\n<p><strong><em>HALONY ho\u00e0n to\u00e0n \u0111\u1ea3m b\u1ea3o v\u1ec1 ch\u1ea5t l\u01b0\u1ee3ng T\u1ed5 Y\u1ebfn\/ N\u1ea5m \u0111\u00f4ng tr\u00f9ng ch\u00fang t\u00f4i cung c\u1ea5p 100% l\u00e0 Y\u1ebfn\/ N\u1ea5m \u0111\u00f4ng tr\u00f9ng nguy\u00ean ch\u1ea5t th\u1eadt, kh\u00f4ng pha tr\u1ed9n.<\/em><\/strong><\/p>","protected":false},"excerpt":{"rendered":"<p>COMBO 100GR Y\u1ebeN &amp; 10GR N\u1ea4M \u0110\u00d4NG TR\u00d9NG H\u1ea0 TH\u1ea2O S\u1ea4Y TH\u0102NG HOA (D\u1ea0NG S\u1ee2I) HALONY c\u00f3 c\u01a1 s\u1edf nu\u00f4i Y\u1ebfn v\u00e0 N\u1ea5m \u0110\u00f4ng tr\u00f9ng h\u1ea1 th\u1ea3o t\u1ea1i Ti\u1ec1n Giang. Vi\u1ec7c thu gom v\u00e0 s\u1ea3n xu\u1ea5t\u00a0 Y\u1ebfn\/ N\u1ea5m l\u00e0 tr\u1ef1c ti\u1ebfp, kh\u00f4ng qua kh\u00e2u trung gian. HALONY ho\u00e0n to\u00e0n \u0111\u1ea3m b\u1ea3o v\u1ec1 ch\u1ea5t l\u01b0\u1ee3ng T\u1ed5<\/p>","protected":false},"featured_media":437,"comment_status":"open","ping_status":"closed","template":"","meta":[],"product_cat":[20,19,25,21,18,28],"product_tag":[42,39,40,30],"class_list":{"0":"post-436","1":"product","2":"type-product","3":"status-publish","4":"has-post-thumbnail","6":"product_cat-combo","7":"product_cat-nam-dong-trung-ha-thao","8":"product_cat-nam-soi-thang-hoa","9":"product_cat-yen-sach","10":"product_cat-yen-sao","11":"product_cat-yen-sao-nam","12":"product_tag-gift-set-cap-cap","13":"product_tag-nam-dong-trung-ha-thao","14":"product_tag-to-yen","15":"product_tag-yen-sao","17":"first","18":"instock","19":"taxable","20":"shipping-taxable","21":"purchasable","22":"product-type-simple"},"yoast_head":"<!-- This site is optimized with the Yoast SEO Premium plugin v23.2 (Yoast SEO v23.2) - https:\/\/yoast.com\/wordpress\/plugins\/seo\/ -->\n<title>COMBO 100GR Y\u1ebeN &amp; 10GR N\u1ea4M \u0110\u00d4NG TR\u00d9NG H\u1ea0 TH\u1ea2O S\u1ea4Y TH\u0102NG HOA - Halony \u0110\u00e0 L\u1ea1t<\/title>\n<meta name=\"description\" content=\"COMBO 100gr Y\u1ebfn s\u00e0o cao c\u1ea5p &amp; 10gr N\u1ea5m \u0111\u00f4ng tr\u00f9ng h\u1ea1 th\u1ea3o s\u1ea5y th\u0103ng hoa. S\u1ea3n ph\u1ea9m 100% nguy\u00ean ch\u1ea5t.\" \/>\n<meta name=\"robots\" content=\"index, follow, max-snippet:-1, max-image-preview:large, max-video-preview:-1\" \/>\n<link rel=\"canonical\" href=\"https:\/\/halonyspa.com\/ko\/combo-100gr-yen-10gr-nam-dong-trung-dang-soi\/\" \/>\n<meta property=\"og:locale\" content=\"ko_KR\" \/>\n<meta property=\"og:type\" content=\"article\" \/>\n<meta property=\"og:title\" content=\"COMBO 100GR Y\u1ebeN &amp; 10GR N\u1ea4M \u0110\u00d4NG TR\u00d9NG H\u1ea0 TH\u1ea2O S\u1ea4Y TH\u0102NG HOA\" \/>\n<meta property=\"og:description\" content=\"COMBO 100gr Y\u1ebfn s\u00e0o cao c\u1ea5p &amp; 10gr N\u1ea5m \u0111\u00f4ng tr\u00f9ng h\u1ea1 th\u1ea3o s\u1ea5y th\u0103ng hoa. S\u1ea3n ph\u1ea9m 100% nguy\u00ean ch\u1ea5t.\" \/>\n<meta property=\"og:url\" content=\"https:\/\/halonyspa.com\/ko\/combo-100gr-yen-10gr-nam-dong-trung-dang-soi\/\" \/>\n<meta property=\"og:site_name\" content=\"Halony \u0110\u00e0 L\u1ea1t\" \/>\n<meta property=\"article:modified_time\" content=\"2026-03-28T18:12:15+00:00\" \/>\n<meta property=\"og:image\" content=\"https:\/\/halonyspa.com\/wp-content\/uploads\/2024\/10\/409685305_7375421949137548_8449440738128954949_n-e1727979612297.jpg\" \/>\n\t<meta property=\"og:image:width\" content=\"1536\" \/>\n\t<meta property=\"og:image:height\" content=\"1501\" \/>\n\t<meta property=\"og:image:type\" content=\"image\/jpeg\" \/>\n<meta name=\"twitter:card\" content=\"summary_large_image\" \/>\n<meta name=\"twitter:label1\" content=\"\uc608\uc0c1 \ub418\ub294 \ud310\ub3c5 \uc2dc\uac04\" \/>\n\t<meta name=\"twitter:data1\" content=\"1\ubd84\" \/>\n<script type=\"application\/ld+json\" class=\"yoast-schema-graph\">{\"@context\":\"https:\/\/schema.org\",\"@graph\":[{\"@type\":\"WebPage\",\"@id\":\"https:\/\/halonyspa.com\/combo-100gr-yen-10gr-nam-dong-trung-dang-soi\",\"url\":\"https:\/\/halonyspa.com\/combo-100gr-yen-10gr-nam-dong-trung-dang-soi\",\"name\":\"COMBO 100GR Y\u1ebeN & 10GR N\u1ea4M \u0110\u00d4NG TR\u00d9NG H\u1ea0 TH\u1ea2O S\u1ea4Y TH\u0102NG HOA - Halony \u0110\u00e0 L\u1ea1t\",\"isPartOf\":{\"@id\":\"https:\/\/halonyspa.com\/#website\"},\"primaryImageOfPage\":{\"@id\":\"https:\/\/halonyspa.com\/combo-100gr-yen-10gr-nam-dong-trung-dang-soi#primaryimage\"},\"image\":{\"@id\":\"https:\/\/halonyspa.com\/combo-100gr-yen-10gr-nam-dong-trung-dang-soi#primaryimage\"},\"thumbnailUrl\":\"https:\/\/halonyspa.com\/wp-content\/uploads\/2024\/10\/409685305_7375421949137548_8449440738128954949_n-e1727979612297.jpg\",\"datePublished\":\"2024-10-03T18:14:54+00:00\",\"dateModified\":\"2026-03-28T18:12:15+00:00\",\"description\":\"COMBO 100gr Y\u1ebfn s\u00e0o cao c\u1ea5p & 10gr N\u1ea5m \u0111\u00f4ng tr\u00f9ng h\u1ea1 th\u1ea3o s\u1ea5y th\u0103ng hoa. S\u1ea3n ph\u1ea9m 100% nguy\u00ean ch\u1ea5t.\",\"breadcrumb\":{\"@id\":\"https:\/\/halonyspa.com\/combo-100gr-yen-10gr-nam-dong-trung-dang-soi#breadcrumb\"},\"inLanguage\":\"ko-KR\",\"potentialAction\":[{\"@type\":\"ReadAction\",\"target\":[\"https:\/\/halonyspa.com\/combo-100gr-yen-10gr-nam-dong-trung-dang-soi\"]}]},{\"@type\":\"ImageObject\",\"inLanguage\":\"ko-KR\",\"@id\":\"https:\/\/halonyspa.com\/combo-100gr-yen-10gr-nam-dong-trung-dang-soi#primaryimage\",\"url\":\"https:\/\/halonyspa.com\/wp-content\/uploads\/2024\/10\/409685305_7375421949137548_8449440738128954949_n-e1727979612297.jpg\",\"contentUrl\":\"https:\/\/halonyspa.com\/wp-content\/uploads\/2024\/10\/409685305_7375421949137548_8449440738128954949_n-e1727979612297.jpg\",\"width\":1536,\"height\":1501},{\"@type\":\"BreadcrumbList\",\"@id\":\"https:\/\/halonyspa.com\/combo-100gr-yen-10gr-nam-dong-trung-dang-soi#breadcrumb\",\"itemListElement\":[{\"@type\":\"ListItem\",\"position\":1,\"name\":\"Trang ch\u1ee7\",\"item\":\"https:\/\/halonyspa.com\/\"},{\"@type\":\"ListItem\",\"position\":2,\"name\":\"S\u1ea3n ph\u1ea9m\",\"item\":\"https:\/\/halonyspa.com\/san-pham\"},{\"@type\":\"ListItem\",\"position\":3,\"name\":\"COMBO 100GR Y\u1ebeN &#038; 10GR N\u1ea4M \u0110\u00d4NG TR\u00d9NG H\u1ea0 TH\u1ea2O S\u1ea4Y TH\u0102NG HOA\"}]},{\"@type\":\"WebSite\",\"@id\":\"https:\/\/halonyspa.com\/#website\",\"url\":\"https:\/\/halonyspa.com\/\",\"name\":\"Halony \u0110\u00e0 L\u1ea1t\",\"description\":\"\",\"potentialAction\":[{\"@type\":\"SearchAction\",\"target\":{\"@type\":\"EntryPoint\",\"urlTemplate\":\"https:\/\/halonyspa.com\/?s={search_term_string}\"},\"query-input\":\"required name=search_term_string\"}],\"inLanguage\":\"ko-KR\"}]}<\/script>\n<!-- \/ Yoast SEO Premium plugin. -->","yoast_head_json":{"title":"COMBO 100GR Y\u1ebeN & 10GR N\u1ea4M \u0110\u00d4NG TR\u00d9NG H\u1ea0 TH\u1ea2O S\u1ea4Y TH\u0102NG HOA - Halony \u0110\u00e0 L\u1ea1t","description":"COMBO 100gr Y\u1ebfn s\u00e0o cao c\u1ea5p & 10gr N\u1ea5m \u0111\u00f4ng tr\u00f9ng h\u1ea1 th\u1ea3o s\u1ea5y th\u0103ng hoa. S\u1ea3n ph\u1ea9m 100% nguy\u00ean ch\u1ea5t.","robots":{"index":"index","follow":"follow","max-snippet":"max-snippet:-1","max-image-preview":"max-image-preview:large","max-video-preview":"max-video-preview:-1"},"canonical":"https:\/\/halonyspa.com\/ko\/combo-100gr-yen-10gr-nam-dong-trung-dang-soi\/","og_locale":"ko_KR","og_type":"article","og_title":"COMBO 100GR Y\u1ebeN & 10GR N\u1ea4M \u0110\u00d4NG TR\u00d9NG H\u1ea0 TH\u1ea2O S\u1ea4Y TH\u0102NG HOA","og_description":"COMBO 100gr Y\u1ebfn s\u00e0o cao c\u1ea5p & 10gr N\u1ea5m \u0111\u00f4ng tr\u00f9ng h\u1ea1 th\u1ea3o s\u1ea5y th\u0103ng hoa. S\u1ea3n ph\u1ea9m 100% nguy\u00ean ch\u1ea5t.","og_url":"https:\/\/halonyspa.com\/ko\/combo-100gr-yen-10gr-nam-dong-trung-dang-soi\/","og_site_name":"Halony \u0110\u00e0 L\u1ea1t","article_modified_time":"2026-03-28T18:12:15+00:00","og_image":[{"width":1536,"height":1501,"url":"https:\/\/halonyspa.com\/wp-content\/uploads\/2024\/10\/409685305_7375421949137548_8449440738128954949_n-e1727979612297.jpg","type":"image\/jpeg"}],"twitter_card":"summary_large_image","twitter_misc":{"\uc608\uc0c1 \ub418\ub294 \ud310\ub3c5 \uc2dc\uac04":"1\ubd84"},"schema":{"@context":"https:\/\/schema.org","@graph":[{"@type":"WebPage","@id":"https:\/\/halonyspa.com\/combo-100gr-yen-10gr-nam-dong-trung-dang-soi","url":"https:\/\/halonyspa.com\/combo-100gr-yen-10gr-nam-dong-trung-dang-soi","name":"COMBO 100GR Y\u1ebeN & 10GR N\u1ea4M \u0110\u00d4NG TR\u00d9NG H\u1ea0 TH\u1ea2O S\u1ea4Y TH\u0102NG HOA - Halony \u0110\u00e0 L\u1ea1t","isPartOf":{"@id":"https:\/\/halonyspa.com\/#website"},"primaryImageOfPage":{"@id":"https:\/\/halonyspa.com\/combo-100gr-yen-10gr-nam-dong-trung-dang-soi#primaryimage"},"image":{"@id":"https:\/\/halonyspa.com\/combo-100gr-yen-10gr-nam-dong-trung-dang-soi#primaryimage"},"thumbnailUrl":"https:\/\/halonyspa.com\/wp-content\/uploads\/2024\/10\/409685305_7375421949137548_8449440738128954949_n-e1727979612297.jpg","datePublished":"2024-10-03T18:14:54+00:00","dateModified":"2026-03-28T18:12:15+00:00","description":"COMBO 100gr Y\u1ebfn s\u00e0o cao c\u1ea5p & 10gr N\u1ea5m \u0111\u00f4ng tr\u00f9ng h\u1ea1 th\u1ea3o s\u1ea5y th\u0103ng hoa. S\u1ea3n ph\u1ea9m 100% nguy\u00ean ch\u1ea5t.","breadcrumb":{"@id":"https:\/\/halonyspa.com\/combo-100gr-yen-10gr-nam-dong-trung-dang-soi#breadcrumb"},"inLanguage":"ko-KR","potentialAction":[{"@type":"ReadAction","target":["https:\/\/halonyspa.com\/combo-100gr-yen-10gr-nam-dong-trung-dang-soi"]}]},{"@type":"ImageObject","inLanguage":"ko-KR","@id":"https:\/\/halonyspa.com\/combo-100gr-yen-10gr-nam-dong-trung-dang-soi#primaryimage","url":"https:\/\/halonyspa.com\/wp-content\/uploads\/2024\/10\/409685305_7375421949137548_8449440738128954949_n-e1727979612297.jpg","contentUrl":"https:\/\/halonyspa.com\/wp-content\/uploads\/2024\/10\/409685305_7375421949137548_8449440738128954949_n-e1727979612297.jpg","width":1536,"height":1501},{"@type":"BreadcrumbList","@id":"https:\/\/halonyspa.com\/combo-100gr-yen-10gr-nam-dong-trung-dang-soi#breadcrumb","itemListElement":[{"@type":"ListItem","position":1,"name":"Trang ch\u1ee7","item":"https:\/\/halonyspa.com\/"},{"@type":"ListItem","position":2,"name":"S\u1ea3n ph\u1ea9m","item":"https:\/\/halonyspa.com\/san-pham"},{"@type":"ListItem","position":3,"name":"COMBO 100GR Y\u1ebeN &#038; 10GR N\u1ea4M \u0110\u00d4NG TR\u00d9NG H\u1ea0 TH\u1ea2O S\u1ea4Y TH\u0102NG HOA"}]},{"@type":"WebSite","@id":"https:\/\/halonyspa.com\/#website","url":"https:\/\/halonyspa.com\/","name":"Halony \u0110\u00e0 L\u1ea1t","description":"","potentialAction":[{"@type":"SearchAction","target":{"@type":"EntryPoint","urlTemplate":"https:\/\/halonyspa.com\/?s={search_term_string}"},"query-input":"required name=search_term_string"}],"inLanguage":"ko-KR"}]}},"_links":{"self":[{"href":"https:\/\/halonyspa.com\/ko\/wp-json\/wp\/v2\/product\/436","targetHints":{"allow":["GET"]}}],"collection":[{"href":"https:\/\/halonyspa.com\/ko\/wp-json\/wp\/v2\/product"}],"about":[{"href":"https:\/\/halonyspa.com\/ko\/wp-json\/wp\/v2\/types\/product"}],"replies":[{"embeddable":true,"href":"https:\/\/halonyspa.com\/ko\/wp-json\/wp\/v2\/comments?post=436"}],"wp:featuredmedia":[{"embeddable":true,"href":"https:\/\/halonyspa.com\/ko\/wp-json\/wp\/v2\/media\/437"}],"wp:attachment":[{"href":"https:\/\/halonyspa.com\/ko\/wp-json\/wp\/v2\/media?parent=436"}],"wp:term":[{"taxonomy":"product_cat","embeddable":true,"href":"https:\/\/halonyspa.com\/ko\/wp-json\/wp\/v2\/product_cat?post=436"},{"taxonomy":"product_tag","embeddable":true,"href":"https:\/\/halonyspa.com\/ko\/wp-json\/wp\/v2\/product_tag?post=436"}],"curies":[{"name":"wp","href":"https:\/\/api.w.org\/{rel}","templated":true}]}}