{"id":414,"date":"2024-10-03T17:06:29","date_gmt":"2024-10-03T17:06:29","guid":{"rendered":"https:\/\/halonyspa.com\/?post_type=product&#038;p=414"},"modified":"2026-03-28T18:13:56","modified_gmt":"2026-03-28T18:13:56","slug":"100gr-yen-sach-say-thang-hoa-hop","status":"publish","type":"product","link":"https:\/\/halonyspa.com\/ko\/100gr-yen-sach-say-thang-hoa-hop","title":{"rendered":"100GR Y\u1ebeN S\u1ea0CH S\u1ea4Y TH\u0102NG HOA (H\u1ed8P)"},"content":{"rendered":"<div class=\"woocommerce-product-details__short-description\">\n<p>T\u1ed5 Y\u1ebfn tinh ch\u1ebf \u0111\u01b0\u1ee3c l\u00e0m s\u1ea1ch th\u1ee7 c\u00f4ng, s\u1ea5y th\u0103ng hoa. \u0110\u1ea3m b\u1ea3o kh\u00f4 r\u00e1o b\u1ea3o qu\u1ea3n \u0111\u01b0\u1ee3c d\u00e0i l\u00e2u.<\/p>\n<p>T\u1ed5 Y\u1ebfn \u0111\u1eb9p, s\u1ee3i d\u00e0i v\u00e0 d\u00e0y kh\u00edt ch\u1eb7t.<\/p>\n<p><strong><em>HALONY c\u00f3 c\u01a1 s\u1edf nu\u00f4i Y\u1ebfn t\u1ea1i Ti\u1ec1n Giang, thu gom v\u00e0 s\u1ea3n xu\u1ea5t\u00a0 Y\u1ebfn tr\u1ef1c ti\u1ebfp, kh\u00f4ng qua kh\u00e2u trung gian. <\/em><\/strong><\/p>\n<p><strong><em>HALONY ho\u00e0n to\u00e0n \u0111\u1ea3m b\u1ea3o v\u1ec1 ch\u1ea5t l\u01b0\u1ee3ng T\u1ed5 Y\u1ebfn\u00a0 ch\u00fang t\u00f4i cung c\u1ea5p 100% l\u00e0 Y\u1ebfn th\u1eadt, kh\u00f4ng pha tr\u1ed9n.<\/em><\/strong><\/p>\n<\/div>","protected":false},"excerpt":{"rendered":"<p>T\u1ed5 Y\u1ebfn tinh ch\u1ebf \u0111\u01b0\u1ee3c l\u00e0m s\u1ea1ch th\u1ee7 c\u00f4ng, s\u1ea5y th\u0103ng hoa. \u0110\u1ea3m b\u1ea3o kh\u00f4 r\u00e1o b\u1ea3o qu\u1ea3n \u0111\u01b0\u1ee3c d\u00e0i l\u00e2u. T\u1ed5 Y\u1ebfn \u0111\u1eb9p, s\u1ee3i d\u00e0i v\u00e0 d\u00e0y kh\u00edt ch\u1eb7t. HALONY c\u00f3 c\u01a1 s\u1edf nu\u00f4i Y\u1ebfn t\u1ea1i Ti\u1ec1n Giang, thu gom v\u00e0 s\u1ea3n xu\u1ea5t\u00a0 Y\u1ebfn tr\u1ef1c ti\u1ebfp, kh\u00f4ng qua kh\u00e2u trung gian. HALONY ho\u00e0n to\u00e0n<\/p>","protected":false},"featured_media":417,"comment_status":"open","ping_status":"closed","template":"","meta":[],"product_cat":[21,18],"product_tag":[45,46],"class_list":{"0":"post-414","1":"product","2":"type-product","3":"status-publish","4":"has-post-thumbnail","6":"product_cat-yen-sach","7":"product_cat-yen-sao","8":"product_tag-yen-sach-say-thang-hoa","9":"product_tag-yen-tinh-che-sach","11":"first","12":"instock","13":"taxable","14":"shipping-taxable","15":"purchasable","16":"product-type-simple"},"yoast_head":"<!-- This site is optimized with the Yoast SEO Premium plugin v23.2 (Yoast SEO v23.2) - https:\/\/yoast.com\/wordpress\/plugins\/seo\/ -->\n<title>100GR Y\u1ebeN S\u1ea0CH S\u1ea4Y TH\u0102NG HOA (H\u1ed8P) - Halony \u0110\u00e0 L\u1ea1t<\/title>\n<meta name=\"description\" content=\"Y\u1ebfn s\u00e0o, 100% y\u1ebfn s\u1ea1ch\" \/>\n<meta name=\"robots\" content=\"index, follow, max-snippet:-1, max-image-preview:large, max-video-preview:-1\" \/>\n<link rel=\"canonical\" href=\"https:\/\/halonyspa.com\/ko\/100gr-yen-sach-say-thang-hoa-hop\/\" \/>\n<meta property=\"og:locale\" content=\"ko_KR\" \/>\n<meta property=\"og:type\" content=\"article\" \/>\n<meta property=\"og:title\" content=\"100GR Y\u1ebeN S\u1ea0CH S\u1ea4Y TH\u0102NG HOA (H\u1ed8P)\" \/>\n<meta property=\"og:description\" content=\"Y\u1ebfn s\u00e0o, 100% y\u1ebfn s\u1ea1ch\" \/>\n<meta property=\"og:url\" content=\"https:\/\/halonyspa.com\/ko\/100gr-yen-sach-say-thang-hoa-hop\/\" \/>\n<meta property=\"og:site_name\" content=\"Halony \u0110\u00e0 L\u1ea1t\" \/>\n<meta property=\"article:modified_time\" content=\"2026-03-28T18:13:56+00:00\" \/>\n<meta property=\"og:image\" content=\"https:\/\/halonyspa.com\/wp-content\/uploads\/2024\/10\/z5751948045287_cdbac7e7e3bfa99836311c84e863cf86-e1727975524248.jpg\" \/>\n\t<meta property=\"og:image:width\" content=\"2355\" \/>\n\t<meta property=\"og:image:height\" content=\"2355\" \/>\n\t<meta property=\"og:image:type\" content=\"image\/jpeg\" \/>\n<meta name=\"twitter:card\" content=\"summary_large_image\" \/>\n<meta name=\"twitter:label1\" content=\"\uc608\uc0c1 \ub418\ub294 \ud310\ub3c5 \uc2dc\uac04\" \/>\n\t<meta name=\"twitter:data1\" content=\"1\ubd84\" \/>\n<script type=\"application\/ld+json\" class=\"yoast-schema-graph\">{\"@context\":\"https:\/\/schema.org\",\"@graph\":[{\"@type\":\"WebPage\",\"@id\":\"https:\/\/halonyspa.com\/100gr-yen-sach-say-thang-hoa-hop\",\"url\":\"https:\/\/halonyspa.com\/100gr-yen-sach-say-thang-hoa-hop\",\"name\":\"100GR Y\u1ebeN S\u1ea0CH S\u1ea4Y TH\u0102NG HOA (H\u1ed8P) - Halony \u0110\u00e0 L\u1ea1t\",\"isPartOf\":{\"@id\":\"https:\/\/halonyspa.com\/#website\"},\"primaryImageOfPage\":{\"@id\":\"https:\/\/halonyspa.com\/100gr-yen-sach-say-thang-hoa-hop#primaryimage\"},\"image\":{\"@id\":\"https:\/\/halonyspa.com\/100gr-yen-sach-say-thang-hoa-hop#primaryimage\"},\"thumbnailUrl\":\"https:\/\/halonyspa.com\/wp-content\/uploads\/2024\/10\/z5751948045287_cdbac7e7e3bfa99836311c84e863cf86-e1727975524248.jpg\",\"datePublished\":\"2024-10-03T17:06:29+00:00\",\"dateModified\":\"2026-03-28T18:13:56+00:00\",\"description\":\"Y\u1ebfn s\u00e0o, 100% y\u1ebfn s\u1ea1ch\",\"breadcrumb\":{\"@id\":\"https:\/\/halonyspa.com\/100gr-yen-sach-say-thang-hoa-hop#breadcrumb\"},\"inLanguage\":\"ko-KR\",\"potentialAction\":[{\"@type\":\"ReadAction\",\"target\":[\"https:\/\/halonyspa.com\/100gr-yen-sach-say-thang-hoa-hop\"]}]},{\"@type\":\"ImageObject\",\"inLanguage\":\"ko-KR\",\"@id\":\"https:\/\/halonyspa.com\/100gr-yen-sach-say-thang-hoa-hop#primaryimage\",\"url\":\"https:\/\/halonyspa.com\/wp-content\/uploads\/2024\/10\/z5751948045287_cdbac7e7e3bfa99836311c84e863cf86-e1727975524248.jpg\",\"contentUrl\":\"https:\/\/halonyspa.com\/wp-content\/uploads\/2024\/10\/z5751948045287_cdbac7e7e3bfa99836311c84e863cf86-e1727975524248.jpg\",\"width\":2355,\"height\":2355},{\"@type\":\"BreadcrumbList\",\"@id\":\"https:\/\/halonyspa.com\/100gr-yen-sach-say-thang-hoa-hop#breadcrumb\",\"itemListElement\":[{\"@type\":\"ListItem\",\"position\":1,\"name\":\"Trang ch\u1ee7\",\"item\":\"https:\/\/halonyspa.com\/\"},{\"@type\":\"ListItem\",\"position\":2,\"name\":\"S\u1ea3n ph\u1ea9m\",\"item\":\"https:\/\/halonyspa.com\/san-pham\"},{\"@type\":\"ListItem\",\"position\":3,\"name\":\"100GR Y\u1ebeN S\u1ea0CH S\u1ea4Y TH\u0102NG HOA (H\u1ed8P)\"}]},{\"@type\":\"WebSite\",\"@id\":\"https:\/\/halonyspa.com\/#website\",\"url\":\"https:\/\/halonyspa.com\/\",\"name\":\"Halony \u0110\u00e0 L\u1ea1t\",\"description\":\"\",\"potentialAction\":[{\"@type\":\"SearchAction\",\"target\":{\"@type\":\"EntryPoint\",\"urlTemplate\":\"https:\/\/halonyspa.com\/?s={search_term_string}\"},\"query-input\":\"required name=search_term_string\"}],\"inLanguage\":\"ko-KR\"}]}<\/script>\n<!-- \/ Yoast SEO Premium plugin. -->","yoast_head_json":{"title":"100GR Y\u1ebeN S\u1ea0CH S\u1ea4Y TH\u0102NG HOA (H\u1ed8P) - Halony \u0110\u00e0 L\u1ea1t","description":"Y\u1ebfn s\u00e0o, 100% y\u1ebfn s\u1ea1ch","robots":{"index":"index","follow":"follow","max-snippet":"max-snippet:-1","max-image-preview":"max-image-preview:large","max-video-preview":"max-video-preview:-1"},"canonical":"https:\/\/halonyspa.com\/ko\/100gr-yen-sach-say-thang-hoa-hop\/","og_locale":"ko_KR","og_type":"article","og_title":"100GR Y\u1ebeN S\u1ea0CH S\u1ea4Y TH\u0102NG HOA (H\u1ed8P)","og_description":"Y\u1ebfn s\u00e0o, 100% y\u1ebfn s\u1ea1ch","og_url":"https:\/\/halonyspa.com\/ko\/100gr-yen-sach-say-thang-hoa-hop\/","og_site_name":"Halony \u0110\u00e0 L\u1ea1t","article_modified_time":"2026-03-28T18:13:56+00:00","og_image":[{"width":2355,"height":2355,"url":"https:\/\/halonyspa.com\/wp-content\/uploads\/2024\/10\/z5751948045287_cdbac7e7e3bfa99836311c84e863cf86-e1727975524248.jpg","type":"image\/jpeg"}],"twitter_card":"summary_large_image","twitter_misc":{"\uc608\uc0c1 \ub418\ub294 \ud310\ub3c5 \uc2dc\uac04":"1\ubd84"},"schema":{"@context":"https:\/\/schema.org","@graph":[{"@type":"WebPage","@id":"https:\/\/halonyspa.com\/100gr-yen-sach-say-thang-hoa-hop","url":"https:\/\/halonyspa.com\/100gr-yen-sach-say-thang-hoa-hop","name":"100GR Y\u1ebeN S\u1ea0CH S\u1ea4Y TH\u0102NG HOA (H\u1ed8P) - Halony \u0110\u00e0 L\u1ea1t","isPartOf":{"@id":"https:\/\/halonyspa.com\/#website"},"primaryImageOfPage":{"@id":"https:\/\/halonyspa.com\/100gr-yen-sach-say-thang-hoa-hop#primaryimage"},"image":{"@id":"https:\/\/halonyspa.com\/100gr-yen-sach-say-thang-hoa-hop#primaryimage"},"thumbnailUrl":"https:\/\/halonyspa.com\/wp-content\/uploads\/2024\/10\/z5751948045287_cdbac7e7e3bfa99836311c84e863cf86-e1727975524248.jpg","datePublished":"2024-10-03T17:06:29+00:00","dateModified":"2026-03-28T18:13:56+00:00","description":"Y\u1ebfn s\u00e0o, 100% y\u1ebfn s\u1ea1ch","breadcrumb":{"@id":"https:\/\/halonyspa.com\/100gr-yen-sach-say-thang-hoa-hop#breadcrumb"},"inLanguage":"ko-KR","potentialAction":[{"@type":"ReadAction","target":["https:\/\/halonyspa.com\/100gr-yen-sach-say-thang-hoa-hop"]}]},{"@type":"ImageObject","inLanguage":"ko-KR","@id":"https:\/\/halonyspa.com\/100gr-yen-sach-say-thang-hoa-hop#primaryimage","url":"https:\/\/halonyspa.com\/wp-content\/uploads\/2024\/10\/z5751948045287_cdbac7e7e3bfa99836311c84e863cf86-e1727975524248.jpg","contentUrl":"https:\/\/halonyspa.com\/wp-content\/uploads\/2024\/10\/z5751948045287_cdbac7e7e3bfa99836311c84e863cf86-e1727975524248.jpg","width":2355,"height":2355},{"@type":"BreadcrumbList","@id":"https:\/\/halonyspa.com\/100gr-yen-sach-say-thang-hoa-hop#breadcrumb","itemListElement":[{"@type":"ListItem","position":1,"name":"Trang ch\u1ee7","item":"https:\/\/halonyspa.com\/"},{"@type":"ListItem","position":2,"name":"S\u1ea3n ph\u1ea9m","item":"https:\/\/halonyspa.com\/san-pham"},{"@type":"ListItem","position":3,"name":"100GR Y\u1ebeN S\u1ea0CH S\u1ea4Y TH\u0102NG HOA (H\u1ed8P)"}]},{"@type":"WebSite","@id":"https:\/\/halonyspa.com\/#website","url":"https:\/\/halonyspa.com\/","name":"Halony \u0110\u00e0 L\u1ea1t","description":"","potentialAction":[{"@type":"SearchAction","target":{"@type":"EntryPoint","urlTemplate":"https:\/\/halonyspa.com\/?s={search_term_string}"},"query-input":"required name=search_term_string"}],"inLanguage":"ko-KR"}]}},"_links":{"self":[{"href":"https:\/\/halonyspa.com\/ko\/wp-json\/wp\/v2\/product\/414","targetHints":{"allow":["GET"]}}],"collection":[{"href":"https:\/\/halonyspa.com\/ko\/wp-json\/wp\/v2\/product"}],"about":[{"href":"https:\/\/halonyspa.com\/ko\/wp-json\/wp\/v2\/types\/product"}],"replies":[{"embeddable":true,"href":"https:\/\/halonyspa.com\/ko\/wp-json\/wp\/v2\/comments?post=414"}],"wp:featuredmedia":[{"embeddable":true,"href":"https:\/\/halonyspa.com\/ko\/wp-json\/wp\/v2\/media\/417"}],"wp:attachment":[{"href":"https:\/\/halonyspa.com\/ko\/wp-json\/wp\/v2\/media?parent=414"}],"wp:term":[{"taxonomy":"product_cat","embeddable":true,"href":"https:\/\/halonyspa.com\/ko\/wp-json\/wp\/v2\/product_cat?post=414"},{"taxonomy":"product_tag","embeddable":true,"href":"https:\/\/halonyspa.com\/ko\/wp-json\/wp\/v2\/product_tag?post=414"}],"curies":[{"name":"wp","href":"https:\/\/api.w.org\/{rel}","templated":true}]}}