{"id":1163,"date":"2026-04-27T22:50:20","date_gmt":"2026-04-27T22:50:20","guid":{"rendered":"https:\/\/halonyspa.com\/?post_type=product&#038;p=1163"},"modified":"2026-04-28T01:23:26","modified_gmt":"2026-04-28T01:23:26","slug":"100ml-yen-sao-chung-san-hu-size-m","status":"publish","type":"product","link":"https:\/\/halonyspa.com\/ko\/100ml-yen-sao-chung-san-hu-size-m","title":{"rendered":"100ml \uc989\uc11d \uc81c\ube44\uc9d1 (M \uc0ac\uc774\uc988 \ubcd1)"},"content":{"rendered":"<p>\ub9e4\uc77c \uc12d\ucde8 \uac00\ub2a5\ud55c \uc989\uc11d \uc81c\ube44\uc9d1, 100% \uc21c\uc218 \uc81c\ud488\uc73c\ub85c \ub2e4\uc591\ud55c \ub9db\uc774 \uc788\uc2b5\ub2c8\ub2e4:<\/p>\n<ul>\n<li><em>\ube59\ud0d5 \uc81c\ube44\uc9d1<\/em><\/li>\n<li><em>\ub3d9\ucda9\ud558\ucd08\uc640 \uad6c\uae30\uc790\uac00 \ub4e4\uc5b4\uac04 \uc81c\ube44\uc9d1 \uc2a4\ud29c<\/em><\/li>\n<li><em>\ub9e4\uc77c \ubbf9\uc2a4\ub41c \uc81c\ube44\uc9d1 \uc2a4\ud29c<\/em><\/li>\n<\/ul>\n<p><strong><em>HALONY\ub294 \ub760\uc5d4\uc7a5\uc5d0 \uc81c\ube44\uc9d1 \uc0ac\uc721 \uc2dc\uc124\uc744 \ubcf4\uc720\ud558\uace0 \uc788\uc73c\uba70, \uc911\uac04 \uc720\ud1b5 \uacfc\uc815 \uc5c6\uc774 \uc9c1\uc811 \uc218\ud655\ud558\uace0 \uc0dd\uc0b0\ud569\ub2c8\ub2e4. <\/em><\/strong><\/p>\n<p><strong><em>HALONY\ub294 \uc81c\uacf5\ud558\ub294 \uc81c\ube44\uc9d1\uc758 \ud488\uc9c8\uc744 \uc644\uc804\ud788 \ubcf4\uc7a5\ud558\uba70, 100% \uc9c4\uc9dc \uc81c\ube44\uc9d1\uc73c\ub85c \uc5b4\ub5a0\ud55c \ud63c\ud569\ub3c4 \ud558\uc9c0 \uc54a\uc2b5\ub2c8\ub2e4.<\/em><\/strong><\/p>","protected":false},"excerpt":{"rendered":"<p><em>Halony\ub294 \ud604\uc7ac \ub0c9\ub3d9 \uc0dd \uc81c\ube44\uc9d1\uacfc \ub3d9\uacb0\uac74\uc870 \uc81c\ube44\uc9d1\ub9cc \uc81c\uacf5\ud558\uba70, \uc989\uc11d \uc81c\ube44\uc9d1 \uc81c\ud488\uc740 \ubbf8\ub9ac \uc81c\uc870\ud558\uc9c0 \uc54a\uc2b5\ub2c8\ub2e4.<\/p>\n<p class=\" translation-block\">\uac01 \uc81c\ube44\uc9d1 \uc81c\ud488\uc740 \uace0\uac1d\ub2d8\uc758 \uc8fc\ubb38\uc744 \ubc1b\uc740 \uc9c1\ud6c4 Halony\uc5d0\uc11c \uc2e0\uc120\ud558\uac8c \uc870\ub9ac\ub418\uba70, \ud56d\uc0c1 \uc2e0\uc120\ud568\uc744 \uc720\uc9c0\ud558\uace0 \uc12d\ucde8 \uc2dc \ucd5c\uace0\uc758 \uc601\uc591 \uac00\uce58\ub97c \ubcf4\uc7a5\ud569\ub2c8\ub2e4.<\/p>\n<p class=\" translation-block\">\ub530\ub77c\uc11c Halony\uac00 \ucda9\ubd84\ud55c \uc2dc\uac04 \ub3d9\uc548 \uc900\ube44\ud558\uace0 \uc870\ub9ac\ud560 \uc218 \uc788\ub3c4\ub85d \ucd5c\uc18c 120\ubd84 \uc804\uc5d0 \uc8fc\ubb38\ud574 \uc8fc\uc2dc\uae30 \ubc14\ub77c\uba70, \uace0\uac1d\ub2d8\uaed8 \uc644\uc804\ud558\uace0 \ucd5c\uace0\uc758 \ud488\uc9c8\ub85c \uc804\ub2ec\ub420 \uc218 \uc788\ub3c4\ub85d \ud569\ub2c8\ub2e4.<\/p>","protected":false},"featured_media":1164,"comment_status":"open","ping_status":"closed","template":"","meta":[],"product_cat":[24,18],"product_tag":[66,78,40,38,31],"class_list":{"0":"post-1163","1":"product","2":"type-product","3":"status-publish","4":"has-post-thumbnail","6":"product_cat-yen-chung-san","7":"product_cat-yen-sao","8":"product_tag-100ml","9":"product_tag-hu-size-m","10":"product_tag-to-yen","11":"product_tag-yen-chung-san","12":"product_tag-yen-sao-chung-san","14":"first","15":"instock","16":"purchasable","17":"product-type-simple"},"yoast_head":"<!-- This site is optimized with the Yoast SEO Premium plugin v23.2 (Yoast SEO v23.2) - https:\/\/yoast.com\/wordpress\/plugins\/seo\/ -->\n<title>100ML Y\u1ebeN S\u00c0O CH\u01afNG S\u1eb4N (H\u0168 SIZE M) - Halony \u0110\u00e0 L\u1ea1t<\/title>\n<meta name=\"description\" content=\"Y\u1ebfn ch\u01b0ng s\u1eb5n, Y\u1ebfn s\u00e0oY\u1ebfn s\u00e0o, Y\u1ebfn s\u00e0o ch\u01b0ng s\u1eb5n\" \/>\n<meta name=\"robots\" content=\"index, follow, max-snippet:-1, max-image-preview:large, max-video-preview:-1\" \/>\n<link rel=\"canonical\" href=\"https:\/\/halonyspa.com\/ko\/100ml-yen-sao-chung-san-hu-size-m\/\" \/>\n<meta property=\"og:locale\" content=\"ko_KR\" \/>\n<meta property=\"og:type\" content=\"article\" \/>\n<meta property=\"og:title\" content=\"100ML Y\u1ebeN S\u00c0O CH\u01afNG S\u1eb4N (H\u0168 SIZE M)\" \/>\n<meta property=\"og:description\" content=\"Y\u1ebfn ch\u01b0ng s\u1eb5n, Y\u1ebfn s\u00e0oY\u1ebfn s\u00e0o, Y\u1ebfn s\u00e0o ch\u01b0ng s\u1eb5n\" \/>\n<meta property=\"og:url\" content=\"https:\/\/halonyspa.com\/ko\/100ml-yen-sao-chung-san-hu-size-m\/\" \/>\n<meta property=\"og:site_name\" content=\"Halony \u0110\u00e0 L\u1ea1t\" \/>\n<meta property=\"article:modified_time\" content=\"2026-04-28T01:23:26+00:00\" \/>\n<meta property=\"og:image\" content=\"https:\/\/halonyspa.com\/wp-content\/uploads\/2026\/04\/z6582283381372_15a348656cf69c21ca83e072103975f1-e1777330870712.jpg\" \/>\n\t<meta property=\"og:image:width\" content=\"1920\" \/>\n\t<meta property=\"og:image:height\" content=\"1920\" \/>\n\t<meta property=\"og:image:type\" content=\"image\/jpeg\" \/>\n<meta name=\"twitter:card\" content=\"summary_large_image\" \/>\n<meta name=\"twitter:label1\" content=\"\uc608\uc0c1 \ub418\ub294 \ud310\ub3c5 \uc2dc\uac04\" \/>\n\t<meta name=\"twitter:data1\" content=\"1\ubd84\" \/>\n<script type=\"application\/ld+json\" class=\"yoast-schema-graph\">{\"@context\":\"https:\/\/schema.org\",\"@graph\":[{\"@type\":\"WebPage\",\"@id\":\"https:\/\/halonyspa.com\/100ml-yen-sao-chung-san-hu-size-m\",\"url\":\"https:\/\/halonyspa.com\/100ml-yen-sao-chung-san-hu-size-m\",\"name\":\"100ML Y\u1ebeN S\u00c0O CH\u01afNG S\u1eb4N (H\u0168 SIZE M) - Halony \u0110\u00e0 L\u1ea1t\",\"isPartOf\":{\"@id\":\"https:\/\/halonyspa.com\/#website\"},\"primaryImageOfPage\":{\"@id\":\"https:\/\/halonyspa.com\/100ml-yen-sao-chung-san-hu-size-m#primaryimage\"},\"image\":{\"@id\":\"https:\/\/halonyspa.com\/100ml-yen-sao-chung-san-hu-size-m#primaryimage\"},\"thumbnailUrl\":\"https:\/\/halonyspa.com\/wp-content\/uploads\/2026\/04\/z6582283381372_15a348656cf69c21ca83e072103975f1-e1777330870712.jpg\",\"datePublished\":\"2026-04-27T22:50:20+00:00\",\"dateModified\":\"2026-04-28T01:23:26+00:00\",\"description\":\"Y\u1ebfn ch\u01b0ng s\u1eb5n, Y\u1ebfn s\u00e0oY\u1ebfn s\u00e0o, Y\u1ebfn s\u00e0o ch\u01b0ng s\u1eb5n\",\"breadcrumb\":{\"@id\":\"https:\/\/halonyspa.com\/100ml-yen-sao-chung-san-hu-size-m#breadcrumb\"},\"inLanguage\":\"ko-KR\",\"potentialAction\":[{\"@type\":\"ReadAction\",\"target\":[\"https:\/\/halonyspa.com\/100ml-yen-sao-chung-san-hu-size-m\"]}]},{\"@type\":\"ImageObject\",\"inLanguage\":\"ko-KR\",\"@id\":\"https:\/\/halonyspa.com\/100ml-yen-sao-chung-san-hu-size-m#primaryimage\",\"url\":\"https:\/\/halonyspa.com\/wp-content\/uploads\/2026\/04\/z6582283381372_15a348656cf69c21ca83e072103975f1-e1777330870712.jpg\",\"contentUrl\":\"https:\/\/halonyspa.com\/wp-content\/uploads\/2026\/04\/z6582283381372_15a348656cf69c21ca83e072103975f1-e1777330870712.jpg\",\"width\":1920,\"height\":1920,\"caption\":\"y\u1ebfn ch\u01b0ng 100ml\"},{\"@type\":\"BreadcrumbList\",\"@id\":\"https:\/\/halonyspa.com\/100ml-yen-sao-chung-san-hu-size-m#breadcrumb\",\"itemListElement\":[{\"@type\":\"ListItem\",\"position\":1,\"name\":\"Trang ch\u1ee7\",\"item\":\"https:\/\/halonyspa.com\/\"},{\"@type\":\"ListItem\",\"position\":2,\"name\":\"S\u1ea3n ph\u1ea9m\",\"item\":\"https:\/\/halonyspa.com\/san-pham\"},{\"@type\":\"ListItem\",\"position\":3,\"name\":\"100ML Y\u1ebeN S\u00c0O CH\u01afNG S\u1eb4N (H\u0168 SIZE M)\"}]},{\"@type\":\"WebSite\",\"@id\":\"https:\/\/halonyspa.com\/#website\",\"url\":\"https:\/\/halonyspa.com\/\",\"name\":\"Halony \u0110\u00e0 L\u1ea1t\",\"description\":\"\",\"potentialAction\":[{\"@type\":\"SearchAction\",\"target\":{\"@type\":\"EntryPoint\",\"urlTemplate\":\"https:\/\/halonyspa.com\/?s={search_term_string}\"},\"query-input\":\"required name=search_term_string\"}],\"inLanguage\":\"ko-KR\"}]}<\/script>\n<!-- \/ Yoast SEO Premium plugin. -->","yoast_head_json":{"title":"100ML Y\u1ebeN S\u00c0O CH\u01afNG S\u1eb4N (H\u0168 SIZE M) - Halony \u0110\u00e0 L\u1ea1t","description":"Y\u1ebfn ch\u01b0ng s\u1eb5n, Y\u1ebfn s\u00e0oY\u1ebfn s\u00e0o, Y\u1ebfn s\u00e0o ch\u01b0ng s\u1eb5n","robots":{"index":"index","follow":"follow","max-snippet":"max-snippet:-1","max-image-preview":"max-image-preview:large","max-video-preview":"max-video-preview:-1"},"canonical":"https:\/\/halonyspa.com\/ko\/100ml-yen-sao-chung-san-hu-size-m\/","og_locale":"ko_KR","og_type":"article","og_title":"100ML Y\u1ebeN S\u00c0O CH\u01afNG S\u1eb4N (H\u0168 SIZE M)","og_description":"Y\u1ebfn ch\u01b0ng s\u1eb5n, Y\u1ebfn s\u00e0oY\u1ebfn s\u00e0o, Y\u1ebfn s\u00e0o ch\u01b0ng s\u1eb5n","og_url":"https:\/\/halonyspa.com\/ko\/100ml-yen-sao-chung-san-hu-size-m\/","og_site_name":"Halony \u0110\u00e0 L\u1ea1t","article_modified_time":"2026-04-28T01:23:26+00:00","og_image":[{"width":1920,"height":1920,"url":"https:\/\/halonyspa.com\/wp-content\/uploads\/2026\/04\/z6582283381372_15a348656cf69c21ca83e072103975f1-e1777330870712.jpg","type":"image\/jpeg"}],"twitter_card":"summary_large_image","twitter_misc":{"\uc608\uc0c1 \ub418\ub294 \ud310\ub3c5 \uc2dc\uac04":"1\ubd84"},"schema":{"@context":"https:\/\/schema.org","@graph":[{"@type":"WebPage","@id":"https:\/\/halonyspa.com\/100ml-yen-sao-chung-san-hu-size-m","url":"https:\/\/halonyspa.com\/100ml-yen-sao-chung-san-hu-size-m","name":"100ML Y\u1ebeN S\u00c0O CH\u01afNG S\u1eb4N (H\u0168 SIZE M) - Halony \u0110\u00e0 L\u1ea1t","isPartOf":{"@id":"https:\/\/halonyspa.com\/#website"},"primaryImageOfPage":{"@id":"https:\/\/halonyspa.com\/100ml-yen-sao-chung-san-hu-size-m#primaryimage"},"image":{"@id":"https:\/\/halonyspa.com\/100ml-yen-sao-chung-san-hu-size-m#primaryimage"},"thumbnailUrl":"https:\/\/halonyspa.com\/wp-content\/uploads\/2026\/04\/z6582283381372_15a348656cf69c21ca83e072103975f1-e1777330870712.jpg","datePublished":"2026-04-27T22:50:20+00:00","dateModified":"2026-04-28T01:23:26+00:00","description":"Y\u1ebfn ch\u01b0ng s\u1eb5n, Y\u1ebfn s\u00e0oY\u1ebfn s\u00e0o, Y\u1ebfn s\u00e0o ch\u01b0ng s\u1eb5n","breadcrumb":{"@id":"https:\/\/halonyspa.com\/100ml-yen-sao-chung-san-hu-size-m#breadcrumb"},"inLanguage":"ko-KR","potentialAction":[{"@type":"ReadAction","target":["https:\/\/halonyspa.com\/100ml-yen-sao-chung-san-hu-size-m"]}]},{"@type":"ImageObject","inLanguage":"ko-KR","@id":"https:\/\/halonyspa.com\/100ml-yen-sao-chung-san-hu-size-m#primaryimage","url":"https:\/\/halonyspa.com\/wp-content\/uploads\/2026\/04\/z6582283381372_15a348656cf69c21ca83e072103975f1-e1777330870712.jpg","contentUrl":"https:\/\/halonyspa.com\/wp-content\/uploads\/2026\/04\/z6582283381372_15a348656cf69c21ca83e072103975f1-e1777330870712.jpg","width":1920,"height":1920,"caption":"y\u1ebfn ch\u01b0ng 100ml"},{"@type":"BreadcrumbList","@id":"https:\/\/halonyspa.com\/100ml-yen-sao-chung-san-hu-size-m#breadcrumb","itemListElement":[{"@type":"ListItem","position":1,"name":"Trang ch\u1ee7","item":"https:\/\/halonyspa.com\/"},{"@type":"ListItem","position":2,"name":"S\u1ea3n ph\u1ea9m","item":"https:\/\/halonyspa.com\/san-pham"},{"@type":"ListItem","position":3,"name":"100ML Y\u1ebeN S\u00c0O CH\u01afNG S\u1eb4N (H\u0168 SIZE M)"}]},{"@type":"WebSite","@id":"https:\/\/halonyspa.com\/#website","url":"https:\/\/halonyspa.com\/","name":"Halony \u0110\u00e0 L\u1ea1t","description":"","potentialAction":[{"@type":"SearchAction","target":{"@type":"EntryPoint","urlTemplate":"https:\/\/halonyspa.com\/?s={search_term_string}"},"query-input":"required name=search_term_string"}],"inLanguage":"ko-KR"}]}},"_links":{"self":[{"href":"https:\/\/halonyspa.com\/ko\/wp-json\/wp\/v2\/product\/1163","targetHints":{"allow":["GET"]}}],"collection":[{"href":"https:\/\/halonyspa.com\/ko\/wp-json\/wp\/v2\/product"}],"about":[{"href":"https:\/\/halonyspa.com\/ko\/wp-json\/wp\/v2\/types\/product"}],"replies":[{"embeddable":true,"href":"https:\/\/halonyspa.com\/ko\/wp-json\/wp\/v2\/comments?post=1163"}],"wp:featuredmedia":[{"embeddable":true,"href":"https:\/\/halonyspa.com\/ko\/wp-json\/wp\/v2\/media\/1164"}],"wp:attachment":[{"href":"https:\/\/halonyspa.com\/ko\/wp-json\/wp\/v2\/media?parent=1163"}],"wp:term":[{"taxonomy":"product_cat","embeddable":true,"href":"https:\/\/halonyspa.com\/ko\/wp-json\/wp\/v2\/product_cat?post=1163"},{"taxonomy":"product_tag","embeddable":true,"href":"https:\/\/halonyspa.com\/ko\/wp-json\/wp\/v2\/product_tag?post=1163"}],"curies":[{"name":"wp","href":"https:\/\/api.w.org\/{rel}","templated":true}]}}