{"id":1158,"date":"2026-04-27T21:40:24","date_gmt":"2026-04-27T21:40:24","guid":{"rendered":"https:\/\/halonyspa.com\/?post_type=product&#038;p=1158"},"modified":"2026-04-28T00:47:01","modified_gmt":"2026-04-28T00:47:01","slug":"1-tai-yen-sach-say-thang-hoa-10gr","status":"publish","type":"product","link":"https:\/\/halonyspa.com\/ko\/1-tai-yen-sach-say-thang-hoa-10gr","title":{"rendered":"\ub3d9\uacb0\uac74\uc870 \uc815\uc81c \uc81c\ube44\uc9d1 1\uac1c (~10g)"},"content":{"rendered":"<div class=\"woocommerce-product-details__short-description\">\n<p>\uc815\uc81c \uc81c\ube44\uc9d1\uc740 \uc218\uc791\uc5c5\uc73c\ub85c \uae68\ub057\ud558\uac8c \uc190\uc9c8\ud55c \ud6c4 \ub3d9\uacb0\uac74\uc870\ud558\uc5ec \ub9cc\ub4ed\ub2c8\ub2e4. \uc644\uc804\ud788 \uac74\uc870\ub418\uc5b4 \uc7a5\uae30\uac04 \ubcf4\uad00\uc774 \uac00\ub2a5\ud569\ub2c8\ub2e4.<\/p>\n<p>\uc544\ub984\ub2e4\uc6b4 \uc81c\ube44\uc9d1\uc73c\ub85c, \uae38\uace0 \ub450\uaecd\uace0 \ucd18\ucd18\ud558\uac8c \uacb0\uc774 \ud615\uc131\ub418\uc5b4 \uc788\uc2b5\ub2c8\ub2e4.<\/p>\n<p><strong><em>HALONY\ub294 \ub760\uc5d4\uc7a5\uc5d0 \uc81c\ube44\uc9d1 \uc0ac\uc721 \uc2dc\uc124\uc744 \ubcf4\uc720\ud558\uace0 \uc788\uc73c\uba70, \uc911\uac04 \uc720\ud1b5 \uacfc\uc815 \uc5c6\uc774 \uc9c1\uc811 \uc218\ud655\ud558\uace0 \uc0dd\uc0b0\ud569\ub2c8\ub2e4. <\/em><\/strong><\/p>\n<p><strong><em>HALONY\ub294 \uc81c\uacf5\ud558\ub294 \uc81c\ube44\uc9d1\uc758 \ud488\uc9c8\uc744 \uc644\uc804\ud788 \ubcf4\uc7a5\ud558\uba70, 100% \uc9c4\uc9dc \uc81c\ube44\uc9d1\uc73c\ub85c \uc5b4\ub5a0\ud55c \ud63c\ud569\ub3c4 \ud558\uc9c0 \uc54a\uc2b5\ub2c8\ub2e4.<\/em><\/strong><\/p>\n<\/div>","protected":false},"excerpt":{"rendered":"<p><em><strong>\ud560\ub85c\ub2c8 \uc81c\ube44\uc9d1 \uc911\ub7c9 \uc548\ub0b4:<\/strong><\/p>\n<p>\ud560\ub85c\ub2c8 \uc81c\ube44\uc9d1\uc740 \uace0\uac1d\uc774 \uc7a5\uae30 \uc0ac\uc6a9 \uc804\uc5d0 \uccb4\ud5d8\ud560 \uc218 \uc788\ub3c4\ub85d \uc18c\ubd84\ub41c \uc81c\ud488\uc774\uae30 \ub54c\ubb38\uc5d0 \uac01 \uac1c\ubcc4 \uc911\ub7c9\uc774 \uc644\uc804\ud788 \uace0\uc815\ub418\uc5b4 \uc788\uc9c0 \uc54a\uc744 \uc218 \uc788\uc2b5\ub2c8\ub2e4.<\/p>\n<p>\ub530\ub77c\uc11c \uac01 \uc81c\ube44\uc9d1 \uac04\uc5d0\ub294 \uc57d\uac04\uc758 \uc911\ub7c9 \ucc28\uc774\uac00 \uc788\uc744 \uc218 \uc788\uc2b5\ub2c8\ub2e4. \uc77c\ubc18\uc801\uc73c\ub85c \ud560\ub85c\ub2c8 \uc81c\ube44\uc9d1 1\uac1c\ub294 \uc57d ~10g\uc785\ub2c8\ub2e4. \uc81c\ud488 \uc0ac\uc6a9 \uc2dc \ucd5c\uc0c1\uc758 \uacbd\ud5d8\uc744 \uc704\ud574 \uc774\ub7ec\ud55c \uc791\uc740 \ucc28\uc774\uc5d0 \ub300\ud574 \uc591\ud574 \ubd80\ud0c1\ub4dc\ub9bd\ub2c8\ub2e4.<\/em><\/p>","protected":false},"featured_media":1159,"comment_status":"open","ping_status":"closed","template":"","meta":[],"product_cat":[21,18],"product_tag":[45,46],"class_list":{"0":"post-1158","1":"product","2":"type-product","3":"status-publish","4":"has-post-thumbnail","6":"product_cat-yen-sach","7":"product_cat-yen-sao","8":"product_tag-yen-sach-say-thang-hoa","9":"product_tag-yen-tinh-che-sach","11":"first","12":"instock","13":"taxable","14":"shipping-taxable","15":"purchasable","16":"product-type-simple"},"yoast_head":"<!-- This site is optimized with the Yoast SEO Premium plugin v23.2 (Yoast SEO v23.2) - https:\/\/yoast.com\/wordpress\/plugins\/seo\/ -->\n<title>1 TAI Y\u1ebeN S\u1ea0CH S\u1ea4Y TH\u0102NG HOA (~10GR) - Halony \u0110\u00e0 L\u1ea1t<\/title>\n<meta name=\"description\" content=\"Y\u1ebfn s\u00e0o, 100% y\u1ebfn s\u1ea1ch\" \/>\n<meta name=\"robots\" content=\"index, follow, max-snippet:-1, max-image-preview:large, max-video-preview:-1\" \/>\n<link rel=\"canonical\" href=\"https:\/\/halonyspa.com\/ko\/1-tai-yen-sach-say-thang-hoa-10gr\/\" \/>\n<meta property=\"og:locale\" content=\"ko_KR\" \/>\n<meta property=\"og:type\" content=\"article\" \/>\n<meta property=\"og:title\" content=\"1 TAI Y\u1ebeN S\u1ea0CH S\u1ea4Y TH\u0102NG HOA (~10GR)\" \/>\n<meta property=\"og:description\" content=\"Y\u1ebfn s\u00e0o, 100% y\u1ebfn s\u1ea1ch\" \/>\n<meta property=\"og:url\" content=\"https:\/\/halonyspa.com\/ko\/1-tai-yen-sach-say-thang-hoa-10gr\/\" \/>\n<meta property=\"og:site_name\" content=\"Halony \u0110\u00e0 L\u1ea1t\" \/>\n<meta property=\"article:modified_time\" content=\"2026-04-28T00:47:01+00:00\" \/>\n<meta property=\"og:image\" content=\"https:\/\/halonyspa.com\/wp-content\/uploads\/2026\/04\/tAI-YEN.jpg\" \/>\n\t<meta property=\"og:image:width\" content=\"2393\" \/>\n\t<meta property=\"og:image:height\" content=\"2560\" \/>\n\t<meta property=\"og:image:type\" content=\"image\/jpeg\" \/>\n<meta name=\"twitter:card\" content=\"summary_large_image\" \/>\n<meta name=\"twitter:label1\" content=\"\uc608\uc0c1 \ub418\ub294 \ud310\ub3c5 \uc2dc\uac04\" \/>\n\t<meta name=\"twitter:data1\" content=\"1\ubd84\" \/>\n<script type=\"application\/ld+json\" class=\"yoast-schema-graph\">{\"@context\":\"https:\/\/schema.org\",\"@graph\":[{\"@type\":\"WebPage\",\"@id\":\"https:\/\/halonyspa.com\/1-tai-yen-sach-say-thang-hoa-10gr\",\"url\":\"https:\/\/halonyspa.com\/1-tai-yen-sach-say-thang-hoa-10gr\",\"name\":\"1 TAI Y\u1ebeN S\u1ea0CH S\u1ea4Y TH\u0102NG HOA (~10GR) - Halony \u0110\u00e0 L\u1ea1t\",\"isPartOf\":{\"@id\":\"https:\/\/halonyspa.com\/#website\"},\"primaryImageOfPage\":{\"@id\":\"https:\/\/halonyspa.com\/1-tai-yen-sach-say-thang-hoa-10gr#primaryimage\"},\"image\":{\"@id\":\"https:\/\/halonyspa.com\/1-tai-yen-sach-say-thang-hoa-10gr#primaryimage\"},\"thumbnailUrl\":\"https:\/\/halonyspa.com\/wp-content\/uploads\/2026\/04\/tAI-YEN.jpg\",\"datePublished\":\"2026-04-27T21:40:24+00:00\",\"dateModified\":\"2026-04-28T00:47:01+00:00\",\"description\":\"Y\u1ebfn s\u00e0o, 100% y\u1ebfn s\u1ea1ch\",\"breadcrumb\":{\"@id\":\"https:\/\/halonyspa.com\/1-tai-yen-sach-say-thang-hoa-10gr#breadcrumb\"},\"inLanguage\":\"ko-KR\",\"potentialAction\":[{\"@type\":\"ReadAction\",\"target\":[\"https:\/\/halonyspa.com\/1-tai-yen-sach-say-thang-hoa-10gr\"]}]},{\"@type\":\"ImageObject\",\"inLanguage\":\"ko-KR\",\"@id\":\"https:\/\/halonyspa.com\/1-tai-yen-sach-say-thang-hoa-10gr#primaryimage\",\"url\":\"https:\/\/halonyspa.com\/wp-content\/uploads\/2026\/04\/tAI-YEN.jpg\",\"contentUrl\":\"https:\/\/halonyspa.com\/wp-content\/uploads\/2026\/04\/tAI-YEN.jpg\",\"width\":2393,\"height\":2560},{\"@type\":\"BreadcrumbList\",\"@id\":\"https:\/\/halonyspa.com\/1-tai-yen-sach-say-thang-hoa-10gr#breadcrumb\",\"itemListElement\":[{\"@type\":\"ListItem\",\"position\":1,\"name\":\"Trang ch\u1ee7\",\"item\":\"https:\/\/halonyspa.com\/\"},{\"@type\":\"ListItem\",\"position\":2,\"name\":\"S\u1ea3n ph\u1ea9m\",\"item\":\"https:\/\/halonyspa.com\/san-pham\"},{\"@type\":\"ListItem\",\"position\":3,\"name\":\"1 TAI Y\u1ebeN S\u1ea0CH S\u1ea4Y TH\u0102NG HOA (~10GR)\"}]},{\"@type\":\"WebSite\",\"@id\":\"https:\/\/halonyspa.com\/#website\",\"url\":\"https:\/\/halonyspa.com\/\",\"name\":\"Halony \u0110\u00e0 L\u1ea1t\",\"description\":\"\",\"potentialAction\":[{\"@type\":\"SearchAction\",\"target\":{\"@type\":\"EntryPoint\",\"urlTemplate\":\"https:\/\/halonyspa.com\/?s={search_term_string}\"},\"query-input\":\"required name=search_term_string\"}],\"inLanguage\":\"ko-KR\"}]}<\/script>\n<!-- \/ Yoast SEO Premium plugin. -->","yoast_head_json":{"title":"1 TAI Y\u1ebeN S\u1ea0CH S\u1ea4Y TH\u0102NG HOA (~10GR) - Halony \u0110\u00e0 L\u1ea1t","description":"Y\u1ebfn s\u00e0o, 100% y\u1ebfn s\u1ea1ch","robots":{"index":"index","follow":"follow","max-snippet":"max-snippet:-1","max-image-preview":"max-image-preview:large","max-video-preview":"max-video-preview:-1"},"canonical":"https:\/\/halonyspa.com\/ko\/1-tai-yen-sach-say-thang-hoa-10gr\/","og_locale":"ko_KR","og_type":"article","og_title":"1 TAI Y\u1ebeN S\u1ea0CH S\u1ea4Y TH\u0102NG HOA (~10GR)","og_description":"Y\u1ebfn s\u00e0o, 100% y\u1ebfn s\u1ea1ch","og_url":"https:\/\/halonyspa.com\/ko\/1-tai-yen-sach-say-thang-hoa-10gr\/","og_site_name":"Halony \u0110\u00e0 L\u1ea1t","article_modified_time":"2026-04-28T00:47:01+00:00","og_image":[{"width":2393,"height":2560,"url":"https:\/\/halonyspa.com\/wp-content\/uploads\/2026\/04\/tAI-YEN.jpg","type":"image\/jpeg"}],"twitter_card":"summary_large_image","twitter_misc":{"\uc608\uc0c1 \ub418\ub294 \ud310\ub3c5 \uc2dc\uac04":"1\ubd84"},"schema":{"@context":"https:\/\/schema.org","@graph":[{"@type":"WebPage","@id":"https:\/\/halonyspa.com\/1-tai-yen-sach-say-thang-hoa-10gr","url":"https:\/\/halonyspa.com\/1-tai-yen-sach-say-thang-hoa-10gr","name":"1 TAI Y\u1ebeN S\u1ea0CH S\u1ea4Y TH\u0102NG HOA (~10GR) - Halony \u0110\u00e0 L\u1ea1t","isPartOf":{"@id":"https:\/\/halonyspa.com\/#website"},"primaryImageOfPage":{"@id":"https:\/\/halonyspa.com\/1-tai-yen-sach-say-thang-hoa-10gr#primaryimage"},"image":{"@id":"https:\/\/halonyspa.com\/1-tai-yen-sach-say-thang-hoa-10gr#primaryimage"},"thumbnailUrl":"https:\/\/halonyspa.com\/wp-content\/uploads\/2026\/04\/tAI-YEN.jpg","datePublished":"2026-04-27T21:40:24+00:00","dateModified":"2026-04-28T00:47:01+00:00","description":"Y\u1ebfn s\u00e0o, 100% y\u1ebfn s\u1ea1ch","breadcrumb":{"@id":"https:\/\/halonyspa.com\/1-tai-yen-sach-say-thang-hoa-10gr#breadcrumb"},"inLanguage":"ko-KR","potentialAction":[{"@type":"ReadAction","target":["https:\/\/halonyspa.com\/1-tai-yen-sach-say-thang-hoa-10gr"]}]},{"@type":"ImageObject","inLanguage":"ko-KR","@id":"https:\/\/halonyspa.com\/1-tai-yen-sach-say-thang-hoa-10gr#primaryimage","url":"https:\/\/halonyspa.com\/wp-content\/uploads\/2026\/04\/tAI-YEN.jpg","contentUrl":"https:\/\/halonyspa.com\/wp-content\/uploads\/2026\/04\/tAI-YEN.jpg","width":2393,"height":2560},{"@type":"BreadcrumbList","@id":"https:\/\/halonyspa.com\/1-tai-yen-sach-say-thang-hoa-10gr#breadcrumb","itemListElement":[{"@type":"ListItem","position":1,"name":"Trang ch\u1ee7","item":"https:\/\/halonyspa.com\/"},{"@type":"ListItem","position":2,"name":"S\u1ea3n ph\u1ea9m","item":"https:\/\/halonyspa.com\/san-pham"},{"@type":"ListItem","position":3,"name":"1 TAI Y\u1ebeN S\u1ea0CH S\u1ea4Y TH\u0102NG HOA (~10GR)"}]},{"@type":"WebSite","@id":"https:\/\/halonyspa.com\/#website","url":"https:\/\/halonyspa.com\/","name":"Halony \u0110\u00e0 L\u1ea1t","description":"","potentialAction":[{"@type":"SearchAction","target":{"@type":"EntryPoint","urlTemplate":"https:\/\/halonyspa.com\/?s={search_term_string}"},"query-input":"required name=search_term_string"}],"inLanguage":"ko-KR"}]}},"_links":{"self":[{"href":"https:\/\/halonyspa.com\/ko\/wp-json\/wp\/v2\/product\/1158","targetHints":{"allow":["GET"]}}],"collection":[{"href":"https:\/\/halonyspa.com\/ko\/wp-json\/wp\/v2\/product"}],"about":[{"href":"https:\/\/halonyspa.com\/ko\/wp-json\/wp\/v2\/types\/product"}],"replies":[{"embeddable":true,"href":"https:\/\/halonyspa.com\/ko\/wp-json\/wp\/v2\/comments?post=1158"}],"wp:featuredmedia":[{"embeddable":true,"href":"https:\/\/halonyspa.com\/ko\/wp-json\/wp\/v2\/media\/1159"}],"wp:attachment":[{"href":"https:\/\/halonyspa.com\/ko\/wp-json\/wp\/v2\/media?parent=1158"}],"wp:term":[{"taxonomy":"product_cat","embeddable":true,"href":"https:\/\/halonyspa.com\/ko\/wp-json\/wp\/v2\/product_cat?post=1158"},{"taxonomy":"product_tag","embeddable":true,"href":"https:\/\/halonyspa.com\/ko\/wp-json\/wp\/v2\/product_tag?post=1158"}],"curies":[{"name":"wp","href":"https:\/\/api.w.org\/{rel}","templated":true}]}}