{"id":1157,"date":"2026-04-27T21:23:09","date_gmt":"2026-04-27T21:23:09","guid":{"rendered":"https:\/\/halonyspa.com\/?post_type=product&#038;p=1157"},"modified":"2026-04-28T00:45:37","modified_gmt":"2026-04-28T00:45:37","slug":"100gr-yen-tuoi-tui-copy","status":"publish","type":"product","link":"https:\/\/halonyspa.com\/ko\/100gr-yen-tuoi-tui-copy","title":{"rendered":"100GR \uc0dd \uc81c\ube44\uc9d1"},"content":{"rendered":"<p>\uc81c\ube44\uc9d1\uc740 \uc218\uc791\uc5c5\uc73c\ub85c \uae68\ub057\ud558\uac8c \uc190\uc9c8\ud55c \ud6c4 \ub0c9\ub3d9 \ubcf4\uad00\ub429\ub2c8\ub2e4.<\/p>\n<p>\uc544\ub984\ub2e4\uc6b4 \uc81c\ube44\uc9d1\uc73c\ub85c, \uae38\uace0 \ub450\uaecd\uace0 \ucd18\ucd18\ud558\uac8c \uacb0\uc774 \ud615\uc131\ub418\uc5b4 \uc788\uc2b5\ub2c8\ub2e4.<\/p>\n<p><strong><em>HALONY\ub294 \ub760\uc5d4\uc7a5\uc5d0 \uc81c\ube44\uc9d1 \uc0ac\uc721 \uc2dc\uc124\uc744 \ubcf4\uc720\ud558\uace0 \uc788\uc73c\uba70, \uc911\uac04 \uc720\ud1b5 \uacfc\uc815 \uc5c6\uc774 \uc9c1\uc811 \uc218\ud655\ud558\uace0 \uc0dd\uc0b0\ud569\ub2c8\ub2e4.<\/em><\/strong><\/p>\n<p><strong><em>HALONY\ub294 \uc81c\uacf5\ud558\ub294 \uc81c\ube44\uc9d1\uc758 \ud488\uc9c8\uc744 \uc644\uc804\ud788 \ubcf4\uc7a5\ud558\uba70, 100% \uc9c4\uc9dc \uc81c\ube44\uc9d1\uc73c\ub85c \uc5b4\ub5a0\ud55c \ud63c\ud569\ub3c4 \ud558\uc9c0 \uc54a\uc2b5\ub2c8\ub2e4.<\/em><\/strong><\/p>","protected":false},"excerpt":{"rendered":"<p><em>\uc0dd \uc81c\ube44\uc9d1\uc740 \uae43\ud138\uc744 \uae68\ub057\ud558\uac8c \uc81c\uac70\ud588\uc9c0\ub9cc \ub3d9\uacb0\uac74\uc870 \uacfc\uc815\uc744 \uac70\uce58\uc9c0 \uc54a\uc740 \uc0c1\ud0dc\uc758 \uc81c\ube44\uc9d1\uc785\ub2c8\ub2e4. \ud488\uc9c8\uacfc \uc2e0\uc120\ub3c4\ub97c \uc720\uc9c0\ud558\uae30 \uc704\ud574 \ub0c9\ub3d9 \ubcf4\uad00\uc774 \ud544\uc694\ud569\ub2c8\ub2e4.<\/p>\n<p>\ud488\uc9c8\uacfc \uc2e0\uc120\ub3c4\ub97c \uc720\uc9c0\ud558\uae30 \uc704\ud574 \ub0c9\ub3d9 \ubcf4\uad00\uc774 \ud544\uc694\ud569\ub2c8\ub2e4. \uc870\ub9ac \uc2dc \ub3d9\uacb0\uac74\uc870 \uc81c\ube44\uc9d1\ubcf4\ub2e4 \ub354 \ube60\ub974\uac8c \ubd80\ub4dc\ub7ec\uc6cc\uc9c0\uba70, \uc790\uc5f0 \uadf8\ub300\ub85c\uc758 \uc601\uc591 \uc131\ubd84\uc744 \uc720\uc9c0\ud569\ub2c8\ub2e4.<\/em><\/p>","protected":false},"featured_media":421,"comment_status":"open","ping_status":"closed","template":"","meta":[],"product_cat":[18,22],"product_tag":[74,72,73,43],"class_list":{"0":"post-1157","1":"product","2":"type-product","3":"status-publish","4":"has-post-thumbnail","6":"product_cat-yen-sao","7":"product_cat-yen-tuoi","8":"product_tag-100gr","9":"product_tag-yen-cap-dong","10":"product_tag-yen-sach-cap-dong","11":"product_tag-yen-tuoi","13":"first","14":"instock","15":"taxable","16":"shipping-taxable","17":"purchasable","18":"product-type-simple"},"yoast_head":"<!-- This site is optimized with the Yoast SEO Premium plugin v23.2 (Yoast SEO v23.2) - https:\/\/yoast.com\/wordpress\/plugins\/seo\/ -->\n<title>100GR Y\u1ebeN T\u01af\u01a0I (T\u00daI) - Halony \u0110\u00e0 L\u1ea1t<\/title>\n<meta name=\"description\" content=\"T\u1ed5 y\u1ebfn cao c\u1ea5p. Y\u1ebfn t\u01b0\u01a1i 100%.\" \/>\n<meta name=\"robots\" content=\"index, follow, max-snippet:-1, max-image-preview:large, max-video-preview:-1\" \/>\n<link rel=\"canonical\" href=\"https:\/\/halonyspa.com\/ko\/100gr-yen-tuoi-tui-copy\/\" \/>\n<meta property=\"og:locale\" content=\"ko_KR\" \/>\n<meta property=\"og:type\" content=\"article\" \/>\n<meta property=\"og:title\" content=\"100GR Y\u1ebeN T\u01af\u01a0I (T\u00daI)\" \/>\n<meta property=\"og:description\" content=\"T\u1ed5 y\u1ebfn cao c\u1ea5p. Y\u1ebfn t\u01b0\u01a1i 100%.\" \/>\n<meta property=\"og:url\" content=\"https:\/\/halonyspa.com\/ko\/100gr-yen-tuoi-tui-copy\/\" \/>\n<meta property=\"og:site_name\" content=\"Halony \u0110\u00e0 L\u1ea1t\" \/>\n<meta property=\"article:modified_time\" content=\"2026-04-28T00:45:37+00:00\" \/>\n<meta property=\"og:image\" content=\"https:\/\/halonyspa.com\/wp-content\/uploads\/2024\/10\/yen-vun-tuoi-chinh-hang-e1727976568770.jpg\" \/>\n\t<meta property=\"og:image:width\" content=\"660\" \/>\n\t<meta property=\"og:image:height\" content=\"655\" \/>\n\t<meta property=\"og:image:type\" content=\"image\/jpeg\" \/>\n<meta name=\"twitter:card\" content=\"summary_large_image\" \/>\n<meta name=\"twitter:label1\" content=\"\uc608\uc0c1 \ub418\ub294 \ud310\ub3c5 \uc2dc\uac04\" \/>\n\t<meta name=\"twitter:data1\" content=\"1\ubd84\" \/>\n<script type=\"application\/ld+json\" class=\"yoast-schema-graph\">{\"@context\":\"https:\/\/schema.org\",\"@graph\":[{\"@type\":\"WebPage\",\"@id\":\"https:\/\/halonyspa.com\/100gr-yen-tuoi-tui-copy\",\"url\":\"https:\/\/halonyspa.com\/100gr-yen-tuoi-tui-copy\",\"name\":\"100GR Y\u1ebeN T\u01af\u01a0I (T\u00daI) - Halony \u0110\u00e0 L\u1ea1t\",\"isPartOf\":{\"@id\":\"https:\/\/halonyspa.com\/#website\"},\"primaryImageOfPage\":{\"@id\":\"https:\/\/halonyspa.com\/100gr-yen-tuoi-tui-copy#primaryimage\"},\"image\":{\"@id\":\"https:\/\/halonyspa.com\/100gr-yen-tuoi-tui-copy#primaryimage\"},\"thumbnailUrl\":\"https:\/\/halonyspa.com\/wp-content\/uploads\/2024\/10\/yen-vun-tuoi-chinh-hang-e1727976568770.jpg\",\"datePublished\":\"2026-04-27T21:23:09+00:00\",\"dateModified\":\"2026-04-28T00:45:37+00:00\",\"description\":\"T\u1ed5 y\u1ebfn cao c\u1ea5p. Y\u1ebfn t\u01b0\u01a1i 100%.\",\"breadcrumb\":{\"@id\":\"https:\/\/halonyspa.com\/100gr-yen-tuoi-tui-copy#breadcrumb\"},\"inLanguage\":\"ko-KR\",\"potentialAction\":[{\"@type\":\"ReadAction\",\"target\":[\"https:\/\/halonyspa.com\/100gr-yen-tuoi-tui-copy\"]}]},{\"@type\":\"ImageObject\",\"inLanguage\":\"ko-KR\",\"@id\":\"https:\/\/halonyspa.com\/100gr-yen-tuoi-tui-copy#primaryimage\",\"url\":\"https:\/\/halonyspa.com\/wp-content\/uploads\/2024\/10\/yen-vun-tuoi-chinh-hang-e1727976568770.jpg\",\"contentUrl\":\"https:\/\/halonyspa.com\/wp-content\/uploads\/2024\/10\/yen-vun-tuoi-chinh-hang-e1727976568770.jpg\",\"width\":660,\"height\":655},{\"@type\":\"BreadcrumbList\",\"@id\":\"https:\/\/halonyspa.com\/100gr-yen-tuoi-tui-copy#breadcrumb\",\"itemListElement\":[{\"@type\":\"ListItem\",\"position\":1,\"name\":\"Trang ch\u1ee7\",\"item\":\"https:\/\/halonyspa.com\/\"},{\"@type\":\"ListItem\",\"position\":2,\"name\":\"S\u1ea3n ph\u1ea9m\",\"item\":\"https:\/\/halonyspa.com\/san-pham\"},{\"@type\":\"ListItem\",\"position\":3,\"name\":\"100GR Y\u1ebeN T\u01af\u01a0I (T\u00daI)\"}]},{\"@type\":\"WebSite\",\"@id\":\"https:\/\/halonyspa.com\/#website\",\"url\":\"https:\/\/halonyspa.com\/\",\"name\":\"Halony \u0110\u00e0 L\u1ea1t\",\"description\":\"\",\"potentialAction\":[{\"@type\":\"SearchAction\",\"target\":{\"@type\":\"EntryPoint\",\"urlTemplate\":\"https:\/\/halonyspa.com\/?s={search_term_string}\"},\"query-input\":\"required name=search_term_string\"}],\"inLanguage\":\"ko-KR\"}]}<\/script>\n<!-- \/ Yoast SEO Premium plugin. -->","yoast_head_json":{"title":"100GR Y\u1ebeN T\u01af\u01a0I (T\u00daI) - Halony \u0110\u00e0 L\u1ea1t","description":"T\u1ed5 y\u1ebfn cao c\u1ea5p. Y\u1ebfn t\u01b0\u01a1i 100%.","robots":{"index":"index","follow":"follow","max-snippet":"max-snippet:-1","max-image-preview":"max-image-preview:large","max-video-preview":"max-video-preview:-1"},"canonical":"https:\/\/halonyspa.com\/ko\/100gr-yen-tuoi-tui-copy\/","og_locale":"ko_KR","og_type":"article","og_title":"100GR Y\u1ebeN T\u01af\u01a0I (T\u00daI)","og_description":"T\u1ed5 y\u1ebfn cao c\u1ea5p. Y\u1ebfn t\u01b0\u01a1i 100%.","og_url":"https:\/\/halonyspa.com\/ko\/100gr-yen-tuoi-tui-copy\/","og_site_name":"Halony \u0110\u00e0 L\u1ea1t","article_modified_time":"2026-04-28T00:45:37+00:00","og_image":[{"width":660,"height":655,"url":"https:\/\/halonyspa.com\/wp-content\/uploads\/2024\/10\/yen-vun-tuoi-chinh-hang-e1727976568770.jpg","type":"image\/jpeg"}],"twitter_card":"summary_large_image","twitter_misc":{"\uc608\uc0c1 \ub418\ub294 \ud310\ub3c5 \uc2dc\uac04":"1\ubd84"},"schema":{"@context":"https:\/\/schema.org","@graph":[{"@type":"WebPage","@id":"https:\/\/halonyspa.com\/100gr-yen-tuoi-tui-copy","url":"https:\/\/halonyspa.com\/100gr-yen-tuoi-tui-copy","name":"100GR Y\u1ebeN T\u01af\u01a0I (T\u00daI) - Halony \u0110\u00e0 L\u1ea1t","isPartOf":{"@id":"https:\/\/halonyspa.com\/#website"},"primaryImageOfPage":{"@id":"https:\/\/halonyspa.com\/100gr-yen-tuoi-tui-copy#primaryimage"},"image":{"@id":"https:\/\/halonyspa.com\/100gr-yen-tuoi-tui-copy#primaryimage"},"thumbnailUrl":"https:\/\/halonyspa.com\/wp-content\/uploads\/2024\/10\/yen-vun-tuoi-chinh-hang-e1727976568770.jpg","datePublished":"2026-04-27T21:23:09+00:00","dateModified":"2026-04-28T00:45:37+00:00","description":"T\u1ed5 y\u1ebfn cao c\u1ea5p. Y\u1ebfn t\u01b0\u01a1i 100%.","breadcrumb":{"@id":"https:\/\/halonyspa.com\/100gr-yen-tuoi-tui-copy#breadcrumb"},"inLanguage":"ko-KR","potentialAction":[{"@type":"ReadAction","target":["https:\/\/halonyspa.com\/100gr-yen-tuoi-tui-copy"]}]},{"@type":"ImageObject","inLanguage":"ko-KR","@id":"https:\/\/halonyspa.com\/100gr-yen-tuoi-tui-copy#primaryimage","url":"https:\/\/halonyspa.com\/wp-content\/uploads\/2024\/10\/yen-vun-tuoi-chinh-hang-e1727976568770.jpg","contentUrl":"https:\/\/halonyspa.com\/wp-content\/uploads\/2024\/10\/yen-vun-tuoi-chinh-hang-e1727976568770.jpg","width":660,"height":655},{"@type":"BreadcrumbList","@id":"https:\/\/halonyspa.com\/100gr-yen-tuoi-tui-copy#breadcrumb","itemListElement":[{"@type":"ListItem","position":1,"name":"Trang ch\u1ee7","item":"https:\/\/halonyspa.com\/"},{"@type":"ListItem","position":2,"name":"S\u1ea3n ph\u1ea9m","item":"https:\/\/halonyspa.com\/san-pham"},{"@type":"ListItem","position":3,"name":"100GR Y\u1ebeN T\u01af\u01a0I (T\u00daI)"}]},{"@type":"WebSite","@id":"https:\/\/halonyspa.com\/#website","url":"https:\/\/halonyspa.com\/","name":"Halony \u0110\u00e0 L\u1ea1t","description":"","potentialAction":[{"@type":"SearchAction","target":{"@type":"EntryPoint","urlTemplate":"https:\/\/halonyspa.com\/?s={search_term_string}"},"query-input":"required name=search_term_string"}],"inLanguage":"ko-KR"}]}},"_links":{"self":[{"href":"https:\/\/halonyspa.com\/ko\/wp-json\/wp\/v2\/product\/1157","targetHints":{"allow":["GET"]}}],"collection":[{"href":"https:\/\/halonyspa.com\/ko\/wp-json\/wp\/v2\/product"}],"about":[{"href":"https:\/\/halonyspa.com\/ko\/wp-json\/wp\/v2\/types\/product"}],"replies":[{"embeddable":true,"href":"https:\/\/halonyspa.com\/ko\/wp-json\/wp\/v2\/comments?post=1157"}],"wp:featuredmedia":[{"embeddable":true,"href":"https:\/\/halonyspa.com\/ko\/wp-json\/wp\/v2\/media\/421"}],"wp:attachment":[{"href":"https:\/\/halonyspa.com\/ko\/wp-json\/wp\/v2\/media?parent=1157"}],"wp:term":[{"taxonomy":"product_cat","embeddable":true,"href":"https:\/\/halonyspa.com\/ko\/wp-json\/wp\/v2\/product_cat?post=1157"},{"taxonomy":"product_tag","embeddable":true,"href":"https:\/\/halonyspa.com\/ko\/wp-json\/wp\/v2\/product_tag?post=1157"}],"curies":[{"name":"wp","href":"https:\/\/api.w.org\/{rel}","templated":true}]}}