{"id":848,"date":"2025-04-12T01:31:35","date_gmt":"2025-04-12T01:31:35","guid":{"rendered":"https:\/\/halonyspa.com\/?page_id=848"},"modified":"2025-07-28T04:39:01","modified_gmt":"2025-07-28T04:39:01","slug":"cham-soc-da","status":"publish","type":"page","link":"https:\/\/halonyspa.com\/ko\/dich-vu\/cham-soc-da","title":{"rendered":"\ud53c\ubd80 \uad00\ub9ac\ub97c \ubc1b\ub2e4"},"content":{"rendered":"<div class=\"slider-wrapper relative\" id=\"slider-924177054\" style=\"background-color:rgb(79, 79, 79);\">\n    <div class=\"slider slider-nav-circle slider-nav-normal slider-nav-light slider-style-normal slider-show-nav\"\n        data-flickity-options='{            \"cellAlign\": \"center\",            \"imagesLoaded\": true,            \"lazyLoad\": 1,            \"freeScroll\": false,            \"wrapAround\": true,            \"autoPlay\": 6000,            \"pauseAutoPlayOnHover\" : true,            \"prevNextButtons\": true,            \"contain\" : true,            \"adaptiveHeight\" : true,            \"dragThreshold\" : 10,            \"percentPosition\": true,            \"pageDots\": true,            \"rightToLeft\": false,            \"draggable\": true,            \"selectedAttraction\": 0.1,            \"parallax\" : 0,            \"friction\": 0.6        }'\n        >\n        \n\n  <div class=\"banner has-hover has-parallax\" id=\"banner-1412077671\">\n          <div class=\"banner-inner fill\">\n        <div class=\"banner-bg fill\" data-parallax=\"-2\" data-parallax-container=\".banner\" data-parallax-background>\n                                    <div class=\"overlay\"><\/div>            \n                    <\/div>\n\t\t\n        <div class=\"banner-layers container\">\n            <div class=\"fill banner-link\"><\/div>            \n   <div id=\"text-box-1960569485\" class=\"text-box banner-layer x50 md-x50 lg-x50 y50 md-y50 lg-y50 res-text\">\n                     <div data-animate=\"blurIn\">           <div class=\"text-box-content text dark\">\n              \n              <div class=\"text-inner text-center\">\n                  \n<h3 class=\"alt-font\" data-animate=\"fadeInRight\">\u00a0<\/h3>\n<div class=\"is-divider divider clearfix\" ><\/div>\n<h2 class=\"uppercase\">\ube5b\ub098\ub294 \ud53c\ubd80, \ube5b\ub098\ub294 \ub098!<\/h2>\n<div class=\"is-divider divider clearfix\" ><\/div>\n<a class=\"button primary\"  >\n\t\t<span>book now<\/span>\n\t<\/a>\n\n<a class=\"button primary is-outline\"  >\n\t\t<span>Shop Men<\/span>\n\t<\/a>\n\n              <\/div>\n           <\/div>\n       <\/div>                     \n<style>\n#text-box-1960569485 {\n  width: 69%;\n}\n#text-box-1960569485 .text-box-content {\n  font-size: 105%;\n}\n@media (min-width:550px) {\n  #text-box-1960569485 {\n    width: 60%;\n  }\n  #text-box-1960569485 .text-box-content {\n    font-size: 100%;\n  }\n}\n<\/style>\n    <\/div>\n \n        <\/div>\n      <\/div>\n\n            \n<style>\n#banner-1412077671 {\n  padding-top: 400px;\n}\n#banner-1412077671 .overlay {\n  background-color: rgba(0, 0, 0, 0.05);\n}\n#banner-1412077671 .banner-bg img {\n  object-position: 60% 16%;\n}\n<\/style>\n  <\/div>\n\n\n\n  <div class=\"banner has-hover has-parallax\" id=\"banner-1127770198\">\n          <div class=\"banner-inner fill\">\n        <div class=\"banner-bg fill\" data-parallax=\"-2\" data-parallax-container=\".banner\" data-parallax-background>\n                                    <div class=\"overlay\"><\/div>            \n                    <\/div>\n\t\t\n        <div class=\"banner-layers container\">\n            <div class=\"fill banner-link\"><\/div>            \n   <div id=\"text-box-1643082530\" class=\"text-box banner-layer x50 md-x50 lg-x50 y50 md-y50 lg-y50 res-text\">\n                     <div data-animate=\"blurIn\">           <div class=\"text-box-content text dark\">\n              \n              <div class=\"text-inner text-center\">\n                  \n<h3 class=\"alt-font\" data-animate=\"fadeInRight\">\ucf00\uc5b4\u00a0<\/h3>\n<h2 class=\"uppercase\">\ubd80\ub4dc\ub7fd\uace0 \ube5b\ub098\ub294 \ud53c\ubd80 \u2014 \uc790\uc5f0\uc2a4\ub7fd\uac8c.<\/h2>\n<div class=\"is-divider divider clearfix\" ><\/div>\n<a class=\"button primary\"  >\n\t\t<span>\uc608\uc57d\ud558\ub2e4<\/span>\n\t<\/a>\n\n              <\/div>\n           <\/div>\n       <\/div>                     \n<style>\n#text-box-1643082530 {\n  width: 60%;\n}\n#text-box-1643082530 .text-box-content {\n  font-size: 100%;\n}\n<\/style>\n    <\/div>\n \n        <\/div>\n      <\/div>\n\n            \n<style>\n#banner-1127770198 {\n  padding-top: 400px;\n}\n#banner-1127770198 .overlay {\n  background-color: rgba(0, 0, 0, 0.05);\n}\n<\/style>\n  <\/div>\n\n\n     <\/div>\n\n     <div class=\"loading-spin dark large centered\"><\/div>\n\n\t<\/div>\n\n\n<div class=\"row\"  id=\"row-679474865\">\n\n\t<div id=\"col-201275296\" class=\"col small-12 large-12\"  >\n\t\t\t\t<div class=\"col-inner\"  >\n\t\t\t\n\t\t\t\n<div class=\"row\"  id=\"row-816511612\">\n\n\t<div id=\"col-261193894\" class=\"col small-12 large-12\"  >\n\t\t\t\t<div class=\"col-inner\"  >\n\t\t\t\n\t\t\t\n<h2 class=\"uppercase\">\uc804\uc2e0 \ud53c\ubd80 \uad00\ub9ac<\/h2>\n<div class=\"accordion\">\n\t<div id=\"accordion-2102222090\" class=\"accordion-item\">\n\t\t<a id=\"accordion-2102222090-label\" class=\"accordion-title plain\" href=\"#accordion-item-t\u1ea9y-t\u1ebf-b\u00e0o-ch\u1ebft\/-\u1ee6-d\u01b0\u1ee1ng-to\u00e0n-th\u00e2n\" aria-expanded=\"false\" aria-controls=\"accordion-2102222090-content\" >\n\t\t\t<button class=\"toggle\" aria-label=\"Toggle\"><i class=\"icon-angle-down\"><\/i><\/button>\n\t\t\t<span>\uac01\uc9c8 \uc81c\uac70 \/ \uc804\uc2e0 \ubcf4\uc2b5 \uce58\ub8cc<\/span>\n\t\t<\/a>\n\t\t<div id=\"accordion-2102222090-content\" class=\"accordion-inner\" aria-labelledby=\"accordion-2102222090-label\" >\n\t\t\t\n\t<div class=\"img has-hover x md-x lg-x y md-y lg-y\" id=\"image_1120623125\">\n\t\t\t\t\t\t\t\t<div class=\"img-inner dark\" >\n\t\t\t<img loading=\"lazy\" decoding=\"async\" width=\"770\" height=\"513\" src=\"https:\/\/halonyspa.com\/wp-content\/uploads\/2025\/04\/cach-tay-te-bao-chet-body-tai-nha-5_09e73b66814148cf97d59615a5494cc9_1024x1024.jpg\" class=\"attachment-large size-large\" alt=\"\" srcset=\"https:\/\/halonyspa.com\/wp-content\/uploads\/2025\/04\/cach-tay-te-bao-chet-body-tai-nha-5_09e73b66814148cf97d59615a5494cc9_1024x1024.jpg 770w, https:\/\/halonyspa.com\/wp-content\/uploads\/2025\/04\/cach-tay-te-bao-chet-body-tai-nha-5_09e73b66814148cf97d59615a5494cc9_1024x1024-768x512.jpg 768w, https:\/\/halonyspa.com\/wp-content\/uploads\/2025\/04\/cach-tay-te-bao-chet-body-tai-nha-5_09e73b66814148cf97d59615a5494cc9_1024x1024-18x12.jpg 18w, https:\/\/halonyspa.com\/wp-content\/uploads\/2025\/04\/cach-tay-te-bao-chet-body-tai-nha-5_09e73b66814148cf97d59615a5494cc9_1024x1024-600x400.jpg 600w\" sizes=\"auto, (max-width: 770px) 100vw, 770px\" \/>\t\t\t\t\t\t\n\t\t\t\t\t<\/div>\n\t\t\t\t\t\t\t\t\n<style>\n#image_1120623125 {\n  width: 23%;\n}\n<\/style>\n\t<\/div>\n\t\n<p><span style=\"font-size: 80%;\">1. \ubd80\ub4dc\ub7ec\uc6b4 \ubc14\ub514\uc6cc\uc2dc\ub85c \uc0e4\uc6cc\ud569\ub2c8\ub2e4.<\/span><br \/><span style=\"font-size: 80%;\">2. \ucee4\ud53c, \ucf54\ucf54\ub11b \ubc00\ud06c, \ucd08\uc720\uac00 \ube14\ub80c\ub529\ub41c \ud63c\ud569\ubb3c\ub85c \uc804\uc2e0\uc744 \ub9c8\uc0ac\uc9c0\ud558\uba70, \ubd80\ub4dc\ub7fd\uac8c \uac01\uc9c8\uc744 \uc81c\uac70\ud569\ub2c8\ub2e4.<\/span><br \/><span style=\"font-size: 80%;\">3. \ucf5c\ub77c\uac90 \uc0dd\uc131\uc744 \ub3d5\ub294 \ucd08\uc720\ub85c \uc804\uc2e0\uc744 \uc0e4\uc6cc\ud558\uace0 \ud329\uc744 \uc9c4\ud589\ud569\ub2c8\ub2e4.<\/span><br \/><span style=\"font-size: 80%;\">4. \uc804\uc2e0\uc744 \uc0e4\uc6cc\ud55c \ud6c4 \ubcf4\uc2b5 \ub85c\uc158\uc744 \ubc14\ub985\ub2c8\ub2e4.<\/span><\/p>\n<a class=\"button primary\"  style=\"border-radius:10px;\">\n\t\t<span>book now<\/span>\n\t<\/a>\n\n<a class=\"button primary is-link\"  >\n\t\t<span>60 ph\u00fat: 420,000vn\u0111<\/span>\n\t<\/a>\n\n\t\t<\/div>\n\t<\/div>\n\t\n<\/div>\n<h2 class=\"uppercase\">\ud398\uc774\uc15c \ucf00\uc5b4<\/h2>\n<div class=\"accordion\">\n\t<div id=\"accordion-4119394125\" class=\"accordion-item\">\n\t\t<a id=\"accordion-4119394125-label\" class=\"accordion-title plain\" href=\"#accordion-item-d\u01b0\u1ee1ng-sinh-da-m\u1eb7t-halony\" aria-expanded=\"false\" aria-controls=\"accordion-4119394125-content\" >\n\t\t\t<button class=\"toggle\" aria-label=\"Toggle\"><i class=\"icon-angle-down\"><\/i><\/button>\n\t\t\t<span>\ud560\ub85c\ub2c8 \ud53c\ubd80 \uc7ac\uc0dd \ucf00\uc5b4<\/span>\n\t\t<\/a>\n\t\t<div id=\"accordion-4119394125-content\" class=\"accordion-inner\" aria-labelledby=\"accordion-4119394125-label\" >\n\t\t\t\n\t<div class=\"img has-hover x md-x lg-x y md-y lg-y\" id=\"image_1841038175\">\n\t\t\t\t\t\t\t\t<div class=\"img-inner dark\" >\n\t\t\t<img loading=\"lazy\" decoding=\"async\" width=\"600\" height=\"461\" src=\"https:\/\/halonyspa.com\/wp-content\/uploads\/2025\/04\/quy-trinh-cham-soc-da-co-ban-tai-spa-chuan-khoa-hoc-va-uy-tin-1626266101-1.jpg\" class=\"attachment-large size-large\" alt=\"\" srcset=\"https:\/\/halonyspa.com\/wp-content\/uploads\/2025\/04\/quy-trinh-cham-soc-da-co-ban-tai-spa-chuan-khoa-hoc-va-uy-tin-1626266101-1.jpg 600w, https:\/\/halonyspa.com\/wp-content\/uploads\/2025\/04\/quy-trinh-cham-soc-da-co-ban-tai-spa-chuan-khoa-hoc-va-uy-tin-1626266101-1-16x12.jpg 16w\" sizes=\"auto, (max-width: 600px) 100vw, 600px\" \/>\t\t\t\t\t\t\n\t\t\t\t\t<\/div>\n\t\t\t\t\t\t\t\t\n<style>\n#image_1841038175 {\n  width: 23%;\n}\n<\/style>\n\t<\/div>\n\t\n<p><span style=\"font-size: 85%; color: #824b1e;\"><em>\ubb34\ub8cc \uc81c\uacf5: \ud5c8\ube0c \ubc1c\uc695 \u2665 \ub3d9\ucda9\ud558\ucd08 \ucc28 \u2665 \uac74\uac15\uc2dd<\/em><\/span><\/p>\n<p class=\"cvGsUA direction-ltr align-start para-style-body\"><span style=\"font-size: 85%;\"><span class=\"OYPEnA font-feature-liga-off font-feature-clig-off font-feature-calt-off text-decoration-none text-strikethrough-none\"><strong>1. \ud53c\ubd80 \ud074\ub80c\uc9d5 <\/strong><\/span><span style=\"font-size: 75%;\"><em><span class=\"OYPEnA font-feature-liga-off font-feature-clig-off font-feature-calt-off text-decoration-none text-strikethrough-none\">\ud074\ub80c\uc9d5, \uba54\uc774\ud06c\uc5c5 \uc81c\uac70, \ubd80\ub4dc\ub7ec\uc6b4 \uac01\uc9c8 \uad00\ub9ac\ub97c \ud1b5\ud574 \ub178\ud3d0\ubb3c\uacfc \uba54\uc774\ud06c\uc5c5, \uac01\uc9c8\uc744 \uae68\ub057\ud558\uac8c \uc81c\uac70\ud569\ub2c8\ub2e4.<br \/><\/span><\/em><\/span><\/span><span style=\"font-size: 85%;\"><span class=\"OYPEnA font-feature-liga-off font-feature-clig-off font-feature-calt-off text-decoration-none text-strikethrough-none\"><strong>2. \ub514\ud1a1\uc2a4 \ubc0f \ub525\ud074\ub80c\uc9d5 <\/strong><\/span><span style=\"font-size: 75%;\"><em><span class=\"OYPEnA font-feature-liga-off font-feature-clig-off font-feature-calt-off text-decoration-none text-strikethrough-none\">\ud55c\ubc29 \uc2a4\ud300, \ud53c\uc9c0 \ud761\uc785, \uc804\ubb38 \uae30\uae30\ub97c \uc774\uc6a9\ud55c \uac01\uc9c8 \uad00\ub9ac\ub85c \ubaa8\uacf5\uc744 \uae68\ub057\ud558\uac8c \uc815\ub9ac\ud574\uc90d\ub2c8\ub2e4.<br \/><\/span><\/em><\/span><\/span><span style=\"font-size: 85%;\"><span class=\"OYPEnA font-feature-liga-off font-feature-clig-off font-feature-calt-off text-decoration-none text-strikethrough-none\"><strong>3. \ub9ac\ud504\ud305 \ud398\uc774\uc15c \ub9c8\uc0ac\uc9c0 <\/strong><\/span><span style=\"font-size: 75%;\"><em><span class=\"OYPEnA font-feature-liga-off font-feature-clig-off font-feature-calt-off text-decoration-none text-strikethrough-none\">\ud608\uc561 \uc21c\ud658\uc744 \ucd09\uc9c4\ud558\uace0 \uc5bc\uad74 \uadfc\uc721\uc744 \ubd80\ub4dc\ub7fd\uac8c \ub9ac\ud504\ud305\ud574\uc90d\ub2c8\ub2e4.<br \/><\/span><\/em><\/span><\/span><span style=\"font-size: 85%;\"><span class=\"OYPEnA font-feature-liga-off font-feature-clig-off font-feature-calt-off text-decoration-none text-strikethrough-none\"><strong>4. \ud53c\ubd80 \ubc38\ub7f0\uc2f1 \ubc0f \uc9c4\uc815 \ucf00\uc5b4 <\/strong><\/span><span style=\"font-size: 75%;\"><em><span class=\"OYPEnA font-feature-liga-off font-feature-clig-off font-feature-calt-off text-decoration-none text-strikethrough-none\">\uc2e0\uc120\ud55c \uc0b0\uc18c\ub97c \ubd84\uc0ac\ud558\uac70\ub098 \uce74\ub80c\ub4c8\ub77c\/\ud788\uc54c\ub8e8\ub860\uc0b0 \ud1a0\ub108\ub97c \uc0ac\uc6a9\ud558\uc5ec \uc989\uac01\uc801\uc73c\ub85c \uc218\ubd84\uc744 \uacf5\uae09\ud558\uace0 \ud53c\ubd80\ub97c \uc9c4\uc815\uc2dc\ucf1c\uc90d\ub2c8\ub2e4.<br \/><\/span><\/em><\/span><\/span><span style=\"font-size: 85%;\"><span class=\"OYPEnA font-feature-liga-off font-feature-clig-off font-feature-calt-off text-decoration-none text-strikethrough-none\"><strong>5. \ud53c\ubd80 \uae4a\uc219\uc774 \uc601\uc591 \uacf5\uae09 <\/strong><\/span><span style=\"font-size: 75%;\"><em><span class=\"OYPEnA font-feature-liga-off font-feature-clig-off font-feature-calt-off text-decoration-none text-strikethrough-none\">\ub0c9\uac01 \uc774\uc628\ud1a0\ud3ec\ub808\uc2dc\uc2a4\uac00 B5 \uc138\ub7fc, \ud788\uc54c\ub8e8\ub860\uc0b0 \ub610\ub294 \uc2dc\ud2b8 \ub9c8\uc2a4\ud06c\uc758 \uc720\ud6a8 \uc131\ubd84\uc744 \ud53c\ubd80 \uae4a\uc219\uc774 \uc804\ub2ec\ud558\uc5ec \uc218\ubd84 \uacf5\uae09\uacfc \uc7ac\uc0dd\uc744 \ub3c4\uc640\uc90d\ub2c8\ub2e4.<br \/><\/span><\/em><\/span><\/span><span style=\"font-size: 85%;\"><span class=\"OYPEnA font-feature-liga-off font-feature-clig-off font-feature-calt-off text-decoration-none text-strikethrough-none\"><strong>6. \ud53c\ubd80 \ud68c\ubcf5\uacfc \ud3b8\uc548\ud55c \ud734\uc2dd <\/strong><\/span><span style=\"font-size: 75%;\"><em><span class=\"OYPEnA font-feature-liga-off font-feature-clig-off font-feature-calt-off text-decoration-none text-strikethrough-none\">\ucc9c\uc5f0 \ubbfc\ud2b8 \ub610\ub294 \ub3d9\ucda9\ud558\ucd08 \ub9c8\uc2a4\ud06c\ub97c \uc0ac\uc6a9\ud558\uace0, \ud56d\uade0 \ud50c\ub77c\uc988\ub9c8 \uad11\uc120 \uc694\ubc95\uacfc \ubd80\ub4dc\ub7ec\uc6b4 \ub450\ud53c \ub9c8\uc0ac\uc9c0\ub97c \ud568\uaed8 \uc81c\uacf5\ud569\ub2c8\ub2e4.<br \/><\/span><\/em><\/span><\/span><span style=\"font-size: 85%;\"><span class=\"OYPEnA font-feature-liga-off font-feature-clig-off font-feature-calt-off text-decoration-none text-strikethrough-none\"><strong>7. \ubcf4\uc2b5 \ubc0f \ubcf4\ud638 <\/strong><\/span><span style=\"font-size: 75%;\"><em><span class=\"OYPEnA font-feature-liga-off font-feature-clig-off font-feature-calt-off text-decoration-none text-strikethrough-none\">\ubcf4\uc2b5 \ub85c\uc158\uc744 \ubc1c\ub77c \uc218\ubd84\uc744 \uc7a0\uadf8\uace0 \ud53c\ubd80 \ubcf4\ud638 \uc7a5\ubcbd\uc744 \ud68c\ubcf5\uc2dc\ucf1c\uc90d\ub2c8\ub2e4. (\ud544\uc694\uc2dc \uc790\uc678\uc120 \ucc28\ub2e8\uc81c\ub97c \ucd94\uac00\ub85c \ubc1c\ub77c\ub4dc\ub9bd\ub2c8\ub2e4.)<\/span><\/em><\/span><\/span><\/p>\n<p><span style=\"font-size: 85%;\"><em>\uc774 \ud398\uc774\uc15c \ucf00\uc5b4\ub294 \ud53c\ubd80\ub97c \ub525\ud074\ub80c\uc9d5\ud558\uace0 \uc989\uac01\uc801\uc778 \uc218\ubd84\uc744 \uacf5\uae09\ud558\uba70 \ud0c4\ub825\uc744 \uac1c\uc120\ud574\uc90d\ub2c8\ub2e4.\n\uc790\uc5f0 \uc720\ub798\uc758 \uc800\uc790\uadf9 \uc131\ubd84\uc73c\ub85c \uc608\ubbfc\ud55c \ud53c\ubd80\uae4c\uc9c0\ub3c4 \ubd80\ub4dc\ub7fd\uac8c \ucf00\uc5b4\ud558\uba70, \ubaa8\ub4e0 \ud53c\ubd80 \ud0c0\uc785\uc5d0 \uc548\uc804\ud558\uac8c \uc0ac\uc6a9\ud560 \uc218 \uc788\uc2b5\ub2c8\ub2e4.<\/em><\/span><\/p>\n<a class=\"button primary\"  style=\"border-radius:10px;\">\n\t\t<span>book now<\/span>\n\t<\/a>\n\n<a class=\"button primary is-link\"  >\n\t\t<span>60 \ubd84: 380,000VND<\/span>\n\t<\/a>\n\n\t\t<\/div>\n\t<\/div>\n\t\n<\/div>\n\t\t<\/div>\n\t\t\t\t\t<\/div>\n\n\t\n<\/div>\n<h2 class=\"uppercase\">\uae30\ud0c0 \uc11c\ube44\uc2a4<\/h2>\n<h3 class=\"thin-font\">\ucd94\uac00 \uc11c\ube44\uc2a4\ub294 \uc120\ud0dd\ud558\uc2e0 \uc8fc\uc694 \uc11c\ube44\uc2a4\uc640 \ud568\uaed8 \uc774\uc6a9\ud558\uc2e4 \uc218 \uc788\uc2b5\ub2c8\ub2e4.<\/h3>\n<div class=\"accordion\">\n\t<div id=\"accordion-2340503776\" class=\"accordion-item\">\n\t\t<a id=\"accordion-2340503776-label\" class=\"accordion-title plain\" href=\"#accordion-item-\u0110\u1eafp-m\u1eb7t-n\u1ea1-d\u01b0\u1ee1ng-\u1ea9m\" aria-expanded=\"false\" aria-controls=\"accordion-2340503776-content\" >\n\t\t\t<button class=\"toggle\" aria-label=\"Toggle\"><i class=\"icon-angle-down\"><\/i><\/button>\n\t\t\t<span>\ubcf4\uc2b5 \ub9c8\uc2a4\ud06c\ub97c \ubc14\ub974\ub2e4<\/span>\n\t\t<\/a>\n\t\t<div id=\"accordion-2340503776-content\" class=\"accordion-inner\" aria-labelledby=\"accordion-2340503776-label\" >\n\t\t\t\n\t\t<\/div>\n\t<\/div>\n\t\n\t<div id=\"accordion-1226535124\" class=\"accordion-item\">\n\t\t<a id=\"accordion-1226535124-label\" class=\"accordion-title plain\" href=\"#accordion-item-ch\u0103m-s\u00f3c-v\u00f9ng-m\u1eb7t\" aria-expanded=\"false\" aria-controls=\"accordion-1226535124-content\" >\n\t\t\t<button class=\"toggle\" aria-label=\"Toggle\"><i class=\"icon-angle-down\"><\/i><\/button>\n\t\t\t<span>\uc5bc\uad74 \uad00\ub9ac<\/span>\n\t\t<\/a>\n\t\t<div id=\"accordion-1226535124-content\" class=\"accordion-inner\" aria-labelledby=\"accordion-1226535124-label\" >\n\t\t\t\n\t\t<\/div>\n\t<\/div>\n\t\n\t<div id=\"accordion-3052808341\" class=\"accordion-item\">\n\t\t<a id=\"accordion-3052808341-label\" class=\"accordion-title plain\" href=\"#accordion-item-ch\u0103m-s\u00f3c-t\u00f3c\" aria-expanded=\"false\" aria-controls=\"accordion-3052808341-content\" >\n\t\t\t<button class=\"toggle\" aria-label=\"Toggle\"><i class=\"icon-angle-down\"><\/i><\/button>\n\t\t\t<span>\ud5e4\uc5b4 \ucf00\uc5b4<\/span>\n\t\t<\/a>\n\t\t<div id=\"accordion-3052808341-content\" class=\"accordion-inner\" aria-labelledby=\"accordion-3052808341-label\" >\n\t\t\t\n\t\t<\/div>\n\t<\/div>\n\t\n<\/div>\n<div class=\"accordion\">\n\t<div id=\"accordion-900348452\" class=\"accordion-item\">\n\t\t<a id=\"accordion-900348452-label\" class=\"accordion-title plain\" href=\"#accordion-item-ch\u01b0\u1eddm-n\u00f3ng-body\" aria-expanded=\"false\" aria-controls=\"accordion-900348452-content\" >\n\t\t\t<button class=\"toggle\" aria-label=\"Toggle\"><i class=\"icon-angle-down\"><\/i><\/button>\n\t\t\t<span>\uc628\ucc1c\uc9c8<\/span>\n\t\t<\/a>\n\t\t<div id=\"accordion-900348452-content\" class=\"accordion-inner\" aria-labelledby=\"accordion-900348452-label\" >\n\t\t\t\n\t\t<\/div>\n\t<\/div>\n\t\n\t<div id=\"accordion-1799516530\" class=\"accordion-item\">\n\t\t<a id=\"accordion-1799516530-label\" class=\"accordion-title plain\" href=\"#accordion-item-th\u1ea3i-\u0110\u1ed9c-body\" aria-expanded=\"false\" aria-controls=\"accordion-1799516530-content\" >\n\t\t\t<button class=\"toggle\" aria-label=\"Toggle\"><i class=\"icon-angle-down\"><\/i><\/button>\n\t\t\t<span>\ud55c\ubc29 \ub514\ud1a1\uc2a4<\/span>\n\t\t<\/a>\n\t\t<div id=\"accordion-1799516530-content\" class=\"accordion-inner\" aria-labelledby=\"accordion-1799516530-label\" >\n\t\t\t\n\t\t<\/div>\n\t<\/div>\n\t\n\t<div id=\"accordion-253086516\" class=\"accordion-item\">\n\t\t<a id=\"accordion-253086516-label\" class=\"accordion-title plain\" href=\"#accordion-item-x\u00f4ng-h\u01a1i-\u01af\u1edbt\" aria-expanded=\"false\" aria-controls=\"accordion-253086516-content\" >\n\t\t\t<button class=\"toggle\" aria-label=\"Toggle\"><i class=\"icon-angle-down\"><\/i><\/button>\n\t\t\t<span>\uc804\uc2e0 \uc99d\uae30\uc695<\/span>\n\t\t<\/a>\n\t\t<div id=\"accordion-253086516-content\" class=\"accordion-inner\" aria-labelledby=\"accordion-253086516-label\" >\n\t\t\t\n\t\t<\/div>\n\t<\/div>\n\t\n<\/div>\n<div class=\"accordion\">\n\t<div id=\"accordion-476718773\" class=\"accordion-item\">\n\t\t<a id=\"accordion-476718773-label\" class=\"accordion-title plain\" href=\"#accordion-item-for-lady-(x\u00f4ng-ph\u1ee5-khoa\/-t\u1eafm-th\u1ea3o-m\u1ed9c)\" aria-expanded=\"false\" aria-controls=\"accordion-476718773-content\" >\n\t\t\t<button class=\"toggle\" aria-label=\"Toggle\"><i class=\"icon-angle-down\"><\/i><\/button>\n\t\t\t<span>\uc5ec\uc131\uc744 \uc704\ud55c (\uc9c8 \uc2a4\ud300\/ \ud5c8\ube0c \ubaa9\uc695)<\/span>\n\t\t<\/a>\n\t\t<div id=\"accordion-476718773-content\" class=\"accordion-inner\" aria-labelledby=\"accordion-476718773-label\" >\n\t\t\t\n\t\t<\/div>\n\t<\/div>\n\t\n<\/div>\n\t\t<\/div>\n\t\t\t\t\t<\/div>\n\n\t\n<\/div>\n\t\n  \n    <div class=\"row large-columns-4 medium-columns-3 small-columns-2 row-small slider row-slider slider-nav-reveal slider-nav-push\"  data-flickity-options='{&quot;imagesLoaded&quot;: true, &quot;groupCells&quot;: &quot;100%&quot;, &quot;dragThreshold&quot; : 5, &quot;cellAlign&quot;: &quot;left&quot;,&quot;wrapAround&quot;: true,&quot;prevNextButtons&quot;: true,&quot;percentPosition&quot;: true,&quot;pageDots&quot;: false, &quot;rightToLeft&quot;: false, &quot;autoPlay&quot; : false}' >\n\n  <\/div>","protected":false},"excerpt":{"rendered":"","protected":false},"author":3,"featured_media":0,"parent":321,"menu_order":0,"comment_status":"closed","ping_status":"closed","template":"","meta":{"footnotes":""},"class_list":["post-848","page","type-page","status-publish","hentry"],"yoast_head":"<!-- This site is optimized with the Yoast SEO Premium plugin v23.2 (Yoast SEO v23.2) - https:\/\/yoast.com\/wordpress\/plugins\/seo\/ -->\n<title>CH\u0102M S\u00d3C DA - Halony \u0110\u00e0 L\u1ea1t<\/title>\n<meta name=\"robots\" content=\"index, follow, max-snippet:-1, max-image-preview:large, max-video-preview:-1\" \/>\n<link rel=\"canonical\" href=\"https:\/\/halonyspa.com\/ko\/dich-vu\/cham-soc-da\/\" \/>\n<meta property=\"og:locale\" content=\"ko_KR\" \/>\n<meta property=\"og:type\" content=\"article\" \/>\n<meta property=\"og:title\" content=\"CH\u0102M S\u00d3C DA\" \/>\n<meta property=\"og:url\" content=\"https:\/\/halonyspa.com\/ko\/dich-vu\/cham-soc-da\/\" \/>\n<meta property=\"og:site_name\" content=\"Halony \u0110\u00e0 L\u1ea1t\" \/>\n<meta property=\"article:modified_time\" content=\"2025-07-28T04:39:01+00:00\" \/>\n<meta name=\"twitter:card\" content=\"summary_large_image\" \/>\n<script type=\"application\/ld+json\" class=\"yoast-schema-graph\">{\"@context\":\"https:\/\/schema.org\",\"@graph\":[{\"@type\":\"WebPage\",\"@id\":\"https:\/\/halonyspa.com\/dich-vu\/cham-soc-da\",\"url\":\"https:\/\/halonyspa.com\/dich-vu\/cham-soc-da\",\"name\":\"CH\u0102M S\u00d3C DA - Halony \u0110\u00e0 L\u1ea1t\",\"isPartOf\":{\"@id\":\"https:\/\/halonyspa.com\/#website\"},\"datePublished\":\"2025-04-12T01:31:35+00:00\",\"dateModified\":\"2025-07-28T04:39:01+00:00\",\"breadcrumb\":{\"@id\":\"https:\/\/halonyspa.com\/dich-vu\/cham-soc-da#breadcrumb\"},\"inLanguage\":\"ko-KR\",\"potentialAction\":[{\"@type\":\"ReadAction\",\"target\":[\"https:\/\/halonyspa.com\/dich-vu\/cham-soc-da\"]}]},{\"@type\":\"BreadcrumbList\",\"@id\":\"https:\/\/halonyspa.com\/dich-vu\/cham-soc-da#breadcrumb\",\"itemListElement\":[{\"@type\":\"ListItem\",\"position\":1,\"name\":\"Trang ch\u1ee7\",\"item\":\"https:\/\/halonyspa.com\/\"},{\"@type\":\"ListItem\",\"position\":2,\"name\":\"D\u1ecbch v\u1ee5\",\"item\":\"https:\/\/halonyspa.com\/dich-vu\"},{\"@type\":\"ListItem\",\"position\":3,\"name\":\"CH\u0102M S\u00d3C DA\"}]},{\"@type\":\"WebSite\",\"@id\":\"https:\/\/halonyspa.com\/#website\",\"url\":\"https:\/\/halonyspa.com\/\",\"name\":\"Halony \u0110\u00e0 L\u1ea1t\",\"description\":\"\",\"potentialAction\":[{\"@type\":\"SearchAction\",\"target\":{\"@type\":\"EntryPoint\",\"urlTemplate\":\"https:\/\/halonyspa.com\/?s={search_term_string}\"},\"query-input\":\"required name=search_term_string\"}],\"inLanguage\":\"ko-KR\"}]}<\/script>\n<!-- \/ Yoast SEO Premium plugin. -->","yoast_head_json":{"title":"CH\u0102M S\u00d3C DA - Halony \u0110\u00e0 L\u1ea1t","robots":{"index":"index","follow":"follow","max-snippet":"max-snippet:-1","max-image-preview":"max-image-preview:large","max-video-preview":"max-video-preview:-1"},"canonical":"https:\/\/halonyspa.com\/ko\/dich-vu\/cham-soc-da\/","og_locale":"ko_KR","og_type":"article","og_title":"CH\u0102M S\u00d3C DA","og_url":"https:\/\/halonyspa.com\/ko\/dich-vu\/cham-soc-da\/","og_site_name":"Halony \u0110\u00e0 L\u1ea1t","article_modified_time":"2025-07-28T04:39:01+00:00","twitter_card":"summary_large_image","schema":{"@context":"https:\/\/schema.org","@graph":[{"@type":"WebPage","@id":"https:\/\/halonyspa.com\/dich-vu\/cham-soc-da","url":"https:\/\/halonyspa.com\/dich-vu\/cham-soc-da","name":"CH\u0102M S\u00d3C DA - Halony \u0110\u00e0 L\u1ea1t","isPartOf":{"@id":"https:\/\/halonyspa.com\/#website"},"datePublished":"2025-04-12T01:31:35+00:00","dateModified":"2025-07-28T04:39:01+00:00","breadcrumb":{"@id":"https:\/\/halonyspa.com\/dich-vu\/cham-soc-da#breadcrumb"},"inLanguage":"ko-KR","potentialAction":[{"@type":"ReadAction","target":["https:\/\/halonyspa.com\/dich-vu\/cham-soc-da"]}]},{"@type":"BreadcrumbList","@id":"https:\/\/halonyspa.com\/dich-vu\/cham-soc-da#breadcrumb","itemListElement":[{"@type":"ListItem","position":1,"name":"Trang ch\u1ee7","item":"https:\/\/halonyspa.com\/"},{"@type":"ListItem","position":2,"name":"D\u1ecbch v\u1ee5","item":"https:\/\/halonyspa.com\/dich-vu"},{"@type":"ListItem","position":3,"name":"CH\u0102M S\u00d3C DA"}]},{"@type":"WebSite","@id":"https:\/\/halonyspa.com\/#website","url":"https:\/\/halonyspa.com\/","name":"Halony \u0110\u00e0 L\u1ea1t","description":"","potentialAction":[{"@type":"SearchAction","target":{"@type":"EntryPoint","urlTemplate":"https:\/\/halonyspa.com\/?s={search_term_string}"},"query-input":"required name=search_term_string"}],"inLanguage":"ko-KR"}]}},"_links":{"self":[{"href":"https:\/\/halonyspa.com\/ko\/wp-json\/wp\/v2\/pages\/848","targetHints":{"allow":["GET"]}}],"collection":[{"href":"https:\/\/halonyspa.com\/ko\/wp-json\/wp\/v2\/pages"}],"about":[{"href":"https:\/\/halonyspa.com\/ko\/wp-json\/wp\/v2\/types\/page"}],"author":[{"embeddable":true,"href":"https:\/\/halonyspa.com\/ko\/wp-json\/wp\/v2\/users\/3"}],"replies":[{"embeddable":true,"href":"https:\/\/halonyspa.com\/ko\/wp-json\/wp\/v2\/comments?post=848"}],"version-history":[{"count":7,"href":"https:\/\/halonyspa.com\/ko\/wp-json\/wp\/v2\/pages\/848\/revisions"}],"predecessor-version":[{"id":917,"href":"https:\/\/halonyspa.com\/ko\/wp-json\/wp\/v2\/pages\/848\/revisions\/917"}],"up":[{"embeddable":true,"href":"https:\/\/halonyspa.com\/ko\/wp-json\/wp\/v2\/pages\/321"}],"wp:attachment":[{"href":"https:\/\/halonyspa.com\/ko\/wp-json\/wp\/v2\/media?parent=848"}],"curies":[{"name":"wp","href":"https:\/\/api.w.org\/{rel}","templated":true}]}}