{"id":188,"date":"2024-08-30T09:18:39","date_gmt":"2024-08-30T09:18:39","guid":{"rendered":"https:\/\/halonyspa.com\/?page_id=188"},"modified":"2025-01-25T01:10:52","modified_gmt":"2025-01-25T01:10:52","slug":"gioi-thieu","status":"publish","type":"page","link":"https:\/\/halonyspa.com\/ko\/gioi-thieu","title":{"rendered":"\uc18c\uac1c"},"content":{"rendered":"<div class=\"banner has-hover\" id=\"banner-1262865706\">\n          <div class=\"banner-inner fill\">\n        <div class=\"banner-bg fill\" >\n            <img loading=\"lazy\" decoding=\"async\" width=\"2440\" height=\"1330\" src=\"https:\/\/halonyspa.com\/wp-content\/uploads\/2025\/01\/z6244971975566_203fda6fbd255359b5e3c88bb9aa337c-e1737325163581.jpg\" class=\"bg attachment-original size-original\" alt=\"\" \/>                                    \n                    <\/div>\n\t\t\n        <div class=\"banner-layers container\">\n            <div class=\"fill banner-link\"><\/div>            \n   <div id=\"text-box-2004947904\" class=\"text-box banner-layer x50 md-x50 lg-x50 y50 md-y50 lg-y50 res-text\">\n                                <div class=\"text-box-content text dark\">\n              \n              <div class=\"text-inner text-center\">\n                  \n              <\/div>\n           <\/div>\n                            \n<style>\n#text-box-2004947904 {\n  width: 60%;\n}\n#text-box-2004947904 .text-box-content {\n  font-size: 100%;\n}\n@media (min-width:550px) {\n  #text-box-2004947904 {\n    width: 60%;\n  }\n}\n<\/style>\n    <\/div>\n \n        <\/div>\n      <\/div>\n\n            \n<style>\n#banner-1262865706 {\n  padding-top: 35%;\n}\n@media (min-width:550px) {\n  #banner-1262865706 {\n    padding-top: 40%;\n  }\n}\n<\/style>\n  <\/div>\n\n\n\n\t<section class=\"section\" id=\"section_851253238\">\n\t\t<div class=\"section-bg fill\" >\n\t\t\t\t\t\t\t\t\t\n\t\t\t\n\n\t\t<\/div>\n\n\t\t\n\n\t\t<div class=\"section-content relative\">\n\t\t\t\n<div class=\"row row-small align-center\"  id=\"row-1324461713\">\n\n\t<div id=\"col-771758670\" class=\"col medium-10 small-12 large-10\"  >\n\t\t\t\t<div class=\"col-inner\"  >\n\t\t\t\n\t\t\t\n\t<div id=\"text-1970365555\" class=\"text text-title-t-1\">\n\t\t\n<h2><span style=\"color: #c27d24;\">\uc18c\uac1c<\/span><\/h2>\n\t\t\n<style>\n#text-1970365555 {\n  text-align: center;\n}\n<\/style>\n\t<\/div>\n\t\n<p style=\"text-align: center;\"><span style=\"font-size: 85%;\"><em><strong>Halony Spa \u2013 \uac74\uac15\uc744 \ud5a5\uc0c1\uc2dc\ud0a4\uace0 \uc0ac\ub791\uc744 \uc804\ud30c\ud569\ub2c8\ub2e4<\/strong>. 2022\ub144 \ucf54\ub85c\ub09819 \ud32c\ub370\ubbf9 \uae30\uac04\uc5d0 \uc124\ub9bd\ub41c Halony Spa\ub294 \uac74\uac15\uc774 \uc0b6\uc758 \ud575\uc2ec \uae30\ubc18\uc784\uc744 \uae4a\uc774 \uc778\uc2dd\ud558\uace0 \uc788\uc2b5\ub2c8\ub2e4. \uc6b0\ub9ac\ub294 '\ucee4\ubba4\ub2c8\ud2f0\uc5d0 \uac74\uac15\uc744 \uc804\ud30c\ud55c\ub2e4'\ub294 \uc0ac\uba85\uc744 \uac00\uc9c0\uace0 \uc788\uc73c\uba70, \uace0\uac1d\ub2d8\uaed8 \uac00\uc7a5 \ud3b8\uc548\ud558\uace0 \uc815\uad50\ud55c \uacbd\ud5d8\uc744 \uc81c\uacf5\ud558\uace0\uc790 \ud569\ub2c8\ub2e4.<\/em><\/span><\/p>\n<p style=\"text-align: center;\"><span style=\"font-size: 85%;\"><em><strong>\ube44\uc804<\/strong> Halony Spa\ub294 \uac74\uac15 \uad00\ub9ac \ubd84\uc57c\uc5d0\uc11c \uc9c0\uc18d \uac00\ub2a5\ud55c \ubc1c\uc804\uc744 \ucd94\uad6c\ud558\uba70, \uc790\uc5f0\uc5d0\uc11c \uc628 \ud3b8\uc548\ud558\uace0 \uc7ac\ucda9\uc804\ub418\ub294 \uacbd\ud5d8\uc744 \uc81c\uacf5\ud558\uae30 \uc704\ud574 \uce5c\ud658\uacbd\uc801\uc774\uace0 \uae68\ub057\ud55c \uc7ac\ub8cc\ub97c \uc0ac\uc6a9\ud558\ub294 \uac83\uc744 \uc57d\uc18d\ud569\ub2c8\ub2e4. \ub3d9\uc2dc\uc5d0 \uc9c0\uc5ed \uc0ac\ud68c\uc5d0 \uc7a5\uae30\uc801\uc778 \uac74\uac15 \uac00\uce58\ub97c \ucc3d\ucd9c\ud558\uace0\uc790 \ud569\ub2c8\ub2e4.<\/em><\/span><\/p>\n<p style=\"text-align: center;\"><span style=\"font-size: 85%;\"><em><strong>\ubc1c\uc804 \uc804\ub7b5 <\/strong>\u2013 \uc11c\ube44\uc2a4 \ud488\uc9c8 \ud5a5\uc0c1: \ud300\uc744 \uc9c0\uc18d\uc801\uc73c\ub85c \uad50\uc721\ud558\uace0 \ub9c8\uc0ac\uc9c0 \uae30\uc220\uc744 \uac1c\uc120\ud558\uba70, \uace0\ud488\uc9c8 \uc790\uc5f0 \uc81c\ud488\uc744 \uacb0\ud569\ud569\ub2c8\ub2e4. \uc9c0\uc18d \uac00\ub2a5\ud55c \ubc1c\uc804: \uce5c\ud658\uacbd \uc7ac\ub8cc\ub97c \uc0ac\uc6a9\ud558\uace0, \uce5c\ud658\uacbd\uc801\uc778 \uae68\ub057\ud55c \ud504\ub85c\uc138\uc2a4\ub97c \uad6c\ucd95\ud569\ub2c8\ub2e4. \uace0\uac1d \uacbd\ud5d8 \ud5a5\uc0c1: \uc11c\ube44\uc2a4\ub97c \uac1c\uc778\ud654\ud558\uc5ec \uac01 \uce58\ub8cc \uacfc\uc815\uc5d0\uc11c \uc5f0\uacb0\uacfc \ub9cc\uc871\uc744 \ucc3d\ucd9c\ud569\ub2c8\ub2e4.<\/em><\/span><\/p>\n\t<div id=\"text-1921578140\" class=\"text text-title-t-1\">\n\t\t\n<h2><span style=\"color: #c27d24;\">HALONY\ub294 \ucc28\ubcc4\ud654\ub41c \uac00\uce58\ub97c \ucc3d\ucd9c\ud569\ub2c8\ub2e4<\/span><\/h2>\n\t\t\n<style>\n#text-1921578140 {\n  text-align: center;\n}\n<\/style>\n\t<\/div>\n\t\n\t<div id=\"gap-1409603902\" class=\"gap-element clearfix\" style=\"display:block; height:auto;\">\n\t\t\n<style>\n#gap-1409603902 {\n  padding-top: 20px;\n}\n<\/style>\n\t<\/div>\n\t\n<div class=\"row\"  id=\"row-1073791298\">\n\n\t<div id=\"col-1657995827\" class=\"col medium-6 small-12 large-6\"  >\n\t\t\t\t<div class=\"col-inner\"  >\n\t\t\t\n\t\t\t\n\t<div id=\"text-3169856106\" class=\"text text-dv-t\">\n\t\t\n<h2><span style=\"color: #c27d24; font-size: 80%;\">Halony Spa\uc5d0\uc11c \ub9c8\uc74c\uc758 \ud3c9\ud654\ub97c \ucc3e\uc73c\uc138\uc694<\/span><\/h2>\n<p><span style=\"font-size: 80%;\">\uc644\uc804\ud788 \uc790\uc5f0 \uc720\ub798\uc758 \uc548\uc804\ud55c \uc81c\ud488\uacfc \uc12c\uc138\ud55c \ub9c8\uc0ac\uc9c0 \uae30\ubc95\uc774 \uacb0\ud569\ub418\uc5b4, \uace0\uac1d\ub2d8\uc740 \ucd5c\uace0\uc758 \ud734\uc2dd\uacfc \uc0c1\ucf8c\ud568\uc744 \uacbd\ud5d8\ud558\uc2e4 \uc218 \uc788\uc2b5\ub2c8\ub2e4. <br \/>\uac01 \uce58\ub8cc \ud6c4, \uace0\uac1d\ub2d8\uc740 \ub3d9\ucda9\ud558\ucd08 \ucc28\uc640 \uc0ac\ud504\ub780 \uaf43\uc744 \uc6b0\ub9b0 \ucc28\ub97c \uc990\uae30\uc2e4 \uc218 \uc788\uc73c\uba70, \uc774\ub294 \uade0\ud615\uacfc \ub9d1\uc740 \uc815\uc2e0\uc744 \uc81c\uacf5\ud569\ub2c8\ub2e4. <br \/>\uccb4\ud5d8\uc744 \ub9c8\uce5c \ud6c4\uc5d0\ub294 \ub9e4\uc77c \uc0c8\ub85c \ub9cc\ub4e0 \ub530\ub73b\ud55c \uac74\uac15 \uc218\ud504 \ud55c \uadf8\ub987\uc774 \uc81c\uacf5\ub418\uba70, \uc774\ub294 \uc5d0\ub108\uc9c0\ub97c \uc7ac\ucda9\uc804\ud558\uace0 \ubab8\uc744 \ubcf4\uc591\ud558\ub294 \ub370 \ub3c4\uc6c0\uc744 \uc90d\ub2c8\ub2e4.<\/span><\/p>\n\t\t\t<\/div>\n\t\n\t<div id=\"text-815533184\" class=\"text text-dv-t\">\n\t\t\n<h2><span style=\"color: #c27d24; font-size: 80%;\">\uc790\uc5f0 \uc81c\ud488\"<\/span><\/h2>\n<p><span style=\"font-size: 80%;\">Halony\uc758 \ub300\ud45c\uc801\uc778 \uc81c\ud488\ub4e4 \uc608\ub97c \ub4e4\uc5b4 <strong>\uc624\uac00\ub2c9 \uc0f4\ud478<\/strong> 16\uac00\uc9c0 \uc774\uc0c1\uc758 \ud55c\ubc29 \uc7ac\ub8cc\ub85c \uc804\ud1b5 \ubc29\uc2dd\uc73c\ub85c \uc870\ub9ac\ub418\uba70, \ubc29\ubd80\uc81c\uac00 \ud3ec\ud568\ub418\uc9c0 \uc54a\uc544 \uba38\ub9ac\uce74\ub77d\uc744 \uc18d\ubd80\ud130 \ud2bc\ud2bc\ud558\uac8c \ub9cc\ub4e4\uc5b4\uc90d\ub2c8\ub2e4.<br \/><\/span><span style=\"font-size: 80%;\">\u00a0<strong>\ub3d9\ucda9\ud558\ucd08 \ub9c8\uc2a4\ud06c<\/strong> \ud2b9\uc720\uc758 \uc6b0\uc720 \ud5a5\uc774 \ud53c\ubd80\ub97c \uc7ac\uc0dd\uc2dc\ucf1c \ub9c8\uc2a4\ud06c \uce58\ub8cc \ud6c4 \uc989\uc2dc \ubd80\ub4dc\ub7fd\uace0 \ube5b\ub098\ub294 \ud53c\ubd80\ub97c \ub9cc\ub4e4\uc5b4 \uc90d\ub2c8\ub2e4.<br \/><strong>\ucc9c\uc5f0 \uc5d0\uc13c\uc15c \uc624\uc77c<\/strong> \ub530\ub73b\ud55c \uc624\uc77c\uc740 \ub9e4\uc6b0 \uc21c\ud558\uace0 \ubd80\ub4dc\ub7fd\uac8c \ub9c8\uc0ac\uc9c0\uac00 \uc774\ub8e8\uc5b4\uc9c0\ub3c4\ub85d \ub3c4\uc640\uc8fc\uba70, \ub3d9\uc2dc\uc5d0 \ud53c\ubd80\ub97c \uc601\uc591 \uacf5\uae09\ud558\uc5ec \ub354\uc6b1 \ubd80\ub4dc\ub7fd\uace0 \ub9e4\ub044\ub7fd\uac8c \ub9cc\ub4ed\ub2c8\ub2e4.<\/span><\/p>\n<p>\u00a0<\/p>\n\t\t\t<\/div>\n\t\n\t\t<\/div>\n\t\t\t\t\t<\/div>\n\n\t\n\n\t<div id=\"col-1882187567\" class=\"col medium-6 small-12 large-6\"  >\n\t\t\t\t<div class=\"col-inner\"  >\n\t\t\t\n\t\t\t\n\t<div class=\"img has-hover x md-x lg-x y md-y lg-y\" id=\"image_1235258933\">\n\t\t\t\t\t\t\t\t<div class=\"img-inner image-cover dark\" style=\"padding-top:62%;\">\n\t\t\t<img loading=\"lazy\" decoding=\"async\" width=\"650\" height=\"650\" src=\"https:\/\/halonyspa.com\/wp-content\/uploads\/2024\/10\/359630-70-phut-massage-body-foot-massage-bong-lai-cat-1.jpg\" class=\"attachment-original size-original\" alt=\"\" srcset=\"https:\/\/halonyspa.com\/wp-content\/uploads\/2024\/10\/359630-70-phut-massage-body-foot-massage-bong-lai-cat-1.jpg 650w, https:\/\/halonyspa.com\/wp-content\/uploads\/2024\/10\/359630-70-phut-massage-body-foot-massage-bong-lai-cat-1-12x12.jpg 12w, https:\/\/halonyspa.com\/wp-content\/uploads\/2024\/10\/359630-70-phut-massage-body-foot-massage-bong-lai-cat-1-600x600.jpg 600w, https:\/\/halonyspa.com\/wp-content\/uploads\/2024\/10\/359630-70-phut-massage-body-foot-massage-bong-lai-cat-1-100x100.jpg 100w\" sizes=\"auto, (max-width: 650px) 100vw, 650px\" \/>\t\t\t\t\t\t\n\t\t\t\t\t<\/div>\n\t\t\t\t\t\t\t\t\n<style>\n#image_1235258933 {\n  width: 100%;\n}\n<\/style>\n\t<\/div>\n\t\n<h2><span style=\"color: #c27d24; font-size: 80%;\">\uc804\ubb38 \uae30\uc220<\/span><\/h2>\n<p><span style=\"font-size: 80%;\">\uac01 \uce58\ub8cc\uc5d0\uc11c\uc758 \uc138\uc2ec\ud55c \uad00\ub9ac\uc640 \uc804\ubb38\uc801\uc778 \ub9c8\uc0ac\uc9c0 \uae30\uc220\uc740 \ud3b8\uc548\ud568\uc744 \uc81c\uacf5\ud560 \ubfd0\ub9cc \uc544\ub2c8\ub77c \uc5d0\ub108\uc9c0\ub97c \uc7ac\ucda9\uc804\ud558\uace0 \ubab8\uacfc \ub9c8\uc74c\uc758 \uade0\ud615\uc744 \ub9de\ucd94\ub294 \ub370 \ub3c4\uc6c0\uc744 \uc90d\ub2c8\ub2e4.<\/span><span style=\"font-size: 80%;\">\u1ed7i li\u1ec7u tr\u00ecnh kh\u00f4ng ch\u1ec9 mang l\u1ea1i c\u1ea3m gi\u00e1c th\u01b0 th\u00e1i m\u00e0 c\u00f2n gi\u00fap t\u00e1i t\u1ea1o n\u0103ng l\u01b0\u1ee3ng, mang l\u1ea1i s\u1ef1 c\u00e2n b\u1eb1ng cho c\u01a1 th\u1ec3 v\u00e0 t\u00e2m tr\u00ed.<\/span><\/p>\n<h2><span style=\"color: #c27d24; font-size: 80%;\">\ub9e4\uc6b0 \ud569\ub9ac\uc801\uc778 \uac00\uaca9<\/span><\/h2>\n<p><span style=\"font-size: 80%;\">\ub9e4\uc6b0 \ud569\ub9ac\uc801\uc778 \uac00\uaca9\uc73c\ub85c \uba4b\uc9c4 \ud734\uc2dd\uacfc \uce58\ub8cc \uacbd\ud5d8\uc744 \uc990\uae38 \uc218 \uc788\ub294 \uacf3! Halony\ub294 \uc804\ubb38\uc801\uc778 \ub9c8\uc0ac\uc9c0 \uae30\uc220\ubd80\ud130 \uc138\uc2ec\ud55c \uad00\ub9ac, \ubd80\ub4dc\ub7fd\uace0 \uc790\uc5f0 \uce5c\ud654\uc801\uc778 \uc7ac\ub8cc\ub97c \uc0ac\uc6a9\ud558\ub294 \ud0c1\uc6d4\ud55c \ud488\uc9c8\uc744 \uc81c\uacf5\ud558\uaca0\ub2e4\uace0 \uc57d\uc18d\ud569\ub2c8\ub2e4. <\/span><\/p>\n\t\t<\/div>\n\t\t\t\t\t<\/div>\n\n\t\n<\/div>\n<div class=\"row row-small align-middle\"  id=\"row-1858387942\">\n\n\t<div id=\"col-1644732324\" class=\"col medium-6 small-12 large-6\"  >\n\t\t\t\t<div class=\"col-inner\"  >\n\t\t\t\n\t\t\t\n\t<div class=\"img has-hover x md-x lg-x y md-y lg-y\" id=\"image_172552646\">\n\t\t\t\t\t\t\t\t<div class=\"img-inner image-cover dark\" style=\"padding-top:72%;\">\n\t\t\t<img loading=\"lazy\" decoding=\"async\" width=\"768\" height=\"593\" src=\"https:\/\/halonyspa.com\/wp-content\/uploads\/2024\/10\/yen-chung-dong-trung-ha-thao-5-1.jpg\" class=\"attachment-original size-original\" alt=\"\" srcset=\"https:\/\/halonyspa.com\/wp-content\/uploads\/2024\/10\/yen-chung-dong-trung-ha-thao-5-1.jpg 768w, https:\/\/halonyspa.com\/wp-content\/uploads\/2024\/10\/yen-chung-dong-trung-ha-thao-5-1-16x12.jpg 16w, https:\/\/halonyspa.com\/wp-content\/uploads\/2024\/10\/yen-chung-dong-trung-ha-thao-5-1-600x463.jpg 600w\" sizes=\"auto, (max-width: 768px) 100vw, 768px\" \/>\t\t\t\t\t\t\n\t\t\t\t\t<\/div>\n\t\t\t\t\t\t\t\t\n<style>\n#image_172552646 {\n  width: 100%;\n}\n<\/style>\n\t<\/div>\n\t\n\t\t<\/div>\n\t\t\t\t\t<\/div>\n\n\t\n\n\t<div id=\"col-1756422871\" class=\"col medium-6 small-12 large-6\"  >\n\t\t\t\t<div class=\"col-inner\"  >\n\t\t\t\n\t\t\t\n\t<div id=\"text-3760565991\" class=\"text text-dv-t\">\n\t\t\n<h2><span style=\"color: #c27d24; font-size: 80%;\">\uc0c8\ub465\uc9c0\uc640 \uaca8\uc6b8 \ubc84\uc12f\uc744 \uc990\uae38 \uc218 \uc788\ub294 \uacf3<\/span><\/h2>\n<p><span style=\"font-size: 80%;\"><strong>\ud560\ub85c\ub2c8\ub294 \uc0c8\ub465\uc9c0\uc640 \ub3d9\ucda9\ud558\ucd08\ub97c \uc9c1\uc811 \uc0dd\uc0b0, \uc720\ud1b5\ud558\uace0 \uc788\uc2b5\ub2c8\ub2e4.<\/strong><br \/>\ub9c8\uc0ac\uc9c0 \ud2b8\ub9ac\ud2b8\uba3c\ud2b8 \ud6c4\uc5d0\ub294 \ub9e4\uc77c \ubcc4\ub3c4\uc758 \ub808\uc2dc\ud53c\uc5d0 \ub530\ub77c \uc870\ub9ac\ub41c \uc81c\ube44\uc9d1 \uc694\ub9ac\ub97c \uc990\uae30\uc2e4 \uc218 \uc788\uc2b5\ub2c8\ub2e4. <br \/>\ubab8\uc5d0 \ub300\ud55c \ubcf4\uc0c1\uc778 \uc0c8\ub465\uc9c0\ub294 \uc601\uc591\ubd84\uc744 \ubcf4\ucda9\ud558\uace0 \uc0c1\ucf8c\ud568\uc744 \uac00\uc838\uc624\uba70 \uc5d0\ub108\uc9c0\ub97c \ud68c\ubcf5\ud558\ub294 \ub370 \ub3c4\uc6c0\uc774 \ub429\ub2c8\ub2e4.<\/span><\/p>\n\t\t\t<\/div>\n\t\n\t\t<\/div>\n\t\t\t\t\t<\/div>\n\n\t\n<\/div>\n\t\t<\/div>\n\t\t\t\t\t<\/div>\n\n\t\n<\/div>\n\t\t<\/div>\n\n\t\t\n<style>\n#section_851253238 {\n  padding-top: 30px;\n  padding-bottom: 30px;\n}\n<\/style>\n\t<\/section>","protected":false},"excerpt":{"rendered":"","protected":false},"author":1,"featured_media":0,"parent":0,"menu_order":0,"comment_status":"closed","ping_status":"closed","template":"page-blank.php","meta":{"footnotes":""},"class_list":["post-188","page","type-page","status-publish","hentry"],"yoast_head":"<!-- This site is optimized with the Yoast SEO Premium plugin v23.2 (Yoast SEO v23.2) - https:\/\/yoast.com\/wordpress\/plugins\/seo\/ -->\n<title>Gi\u1edbi thi\u1ec7u - Halony \u0110\u00e0 L\u1ea1t<\/title>\n<meta name=\"robots\" content=\"index, follow, max-snippet:-1, max-image-preview:large, max-video-preview:-1\" \/>\n<link rel=\"canonical\" href=\"https:\/\/halonyspa.com\/ko\/gioi-thieu\/\" \/>\n<meta property=\"og:locale\" content=\"ko_KR\" \/>\n<meta property=\"og:type\" content=\"article\" \/>\n<meta property=\"og:title\" content=\"Gi\u1edbi thi\u1ec7u\" \/>\n<meta property=\"og:url\" content=\"https:\/\/halonyspa.com\/ko\/gioi-thieu\/\" \/>\n<meta property=\"og:site_name\" content=\"Halony \u0110\u00e0 L\u1ea1t\" \/>\n<meta property=\"article:modified_time\" content=\"2025-01-25T01:10:52+00:00\" \/>\n<meta name=\"twitter:card\" content=\"summary_large_image\" \/>\n<script type=\"application\/ld+json\" class=\"yoast-schema-graph\">{\"@context\":\"https:\/\/schema.org\",\"@graph\":[{\"@type\":\"WebPage\",\"@id\":\"https:\/\/halonyspa.com\/gioi-thieu\",\"url\":\"https:\/\/halonyspa.com\/gioi-thieu\",\"name\":\"Gi\u1edbi thi\u1ec7u - Halony \u0110\u00e0 L\u1ea1t\",\"isPartOf\":{\"@id\":\"https:\/\/halonyspa.com\/#website\"},\"datePublished\":\"2024-08-30T09:18:39+00:00\",\"dateModified\":\"2025-01-25T01:10:52+00:00\",\"breadcrumb\":{\"@id\":\"https:\/\/halonyspa.com\/gioi-thieu#breadcrumb\"},\"inLanguage\":\"ko-KR\",\"potentialAction\":[{\"@type\":\"ReadAction\",\"target\":[\"https:\/\/halonyspa.com\/gioi-thieu\"]}]},{\"@type\":\"BreadcrumbList\",\"@id\":\"https:\/\/halonyspa.com\/gioi-thieu#breadcrumb\",\"itemListElement\":[{\"@type\":\"ListItem\",\"position\":1,\"name\":\"Trang ch\u1ee7\",\"item\":\"https:\/\/halonyspa.com\/\"},{\"@type\":\"ListItem\",\"position\":2,\"name\":\"Gi\u1edbi thi\u1ec7u\"}]},{\"@type\":\"WebSite\",\"@id\":\"https:\/\/halonyspa.com\/#website\",\"url\":\"https:\/\/halonyspa.com\/\",\"name\":\"Halony \u0110\u00e0 L\u1ea1t\",\"description\":\"\",\"potentialAction\":[{\"@type\":\"SearchAction\",\"target\":{\"@type\":\"EntryPoint\",\"urlTemplate\":\"https:\/\/halonyspa.com\/?s={search_term_string}\"},\"query-input\":\"required name=search_term_string\"}],\"inLanguage\":\"ko-KR\"}]}<\/script>\n<!-- \/ Yoast SEO Premium plugin. -->","yoast_head_json":{"title":"Gi\u1edbi thi\u1ec7u - Halony \u0110\u00e0 L\u1ea1t","robots":{"index":"index","follow":"follow","max-snippet":"max-snippet:-1","max-image-preview":"max-image-preview:large","max-video-preview":"max-video-preview:-1"},"canonical":"https:\/\/halonyspa.com\/ko\/gioi-thieu\/","og_locale":"ko_KR","og_type":"article","og_title":"Gi\u1edbi thi\u1ec7u","og_url":"https:\/\/halonyspa.com\/ko\/gioi-thieu\/","og_site_name":"Halony \u0110\u00e0 L\u1ea1t","article_modified_time":"2025-01-25T01:10:52+00:00","twitter_card":"summary_large_image","schema":{"@context":"https:\/\/schema.org","@graph":[{"@type":"WebPage","@id":"https:\/\/halonyspa.com\/gioi-thieu","url":"https:\/\/halonyspa.com\/gioi-thieu","name":"Gi\u1edbi thi\u1ec7u - Halony \u0110\u00e0 L\u1ea1t","isPartOf":{"@id":"https:\/\/halonyspa.com\/#website"},"datePublished":"2024-08-30T09:18:39+00:00","dateModified":"2025-01-25T01:10:52+00:00","breadcrumb":{"@id":"https:\/\/halonyspa.com\/gioi-thieu#breadcrumb"},"inLanguage":"ko-KR","potentialAction":[{"@type":"ReadAction","target":["https:\/\/halonyspa.com\/gioi-thieu"]}]},{"@type":"BreadcrumbList","@id":"https:\/\/halonyspa.com\/gioi-thieu#breadcrumb","itemListElement":[{"@type":"ListItem","position":1,"name":"Trang ch\u1ee7","item":"https:\/\/halonyspa.com\/"},{"@type":"ListItem","position":2,"name":"Gi\u1edbi thi\u1ec7u"}]},{"@type":"WebSite","@id":"https:\/\/halonyspa.com\/#website","url":"https:\/\/halonyspa.com\/","name":"Halony \u0110\u00e0 L\u1ea1t","description":"","potentialAction":[{"@type":"SearchAction","target":{"@type":"EntryPoint","urlTemplate":"https:\/\/halonyspa.com\/?s={search_term_string}"},"query-input":"required name=search_term_string"}],"inLanguage":"ko-KR"}]}},"_links":{"self":[{"href":"https:\/\/halonyspa.com\/ko\/wp-json\/wp\/v2\/pages\/188","targetHints":{"allow":["GET"]}}],"collection":[{"href":"https:\/\/halonyspa.com\/ko\/wp-json\/wp\/v2\/pages"}],"about":[{"href":"https:\/\/halonyspa.com\/ko\/wp-json\/wp\/v2\/types\/page"}],"author":[{"embeddable":true,"href":"https:\/\/halonyspa.com\/ko\/wp-json\/wp\/v2\/users\/1"}],"replies":[{"embeddable":true,"href":"https:\/\/halonyspa.com\/ko\/wp-json\/wp\/v2\/comments?post=188"}],"version-history":[{"count":9,"href":"https:\/\/halonyspa.com\/ko\/wp-json\/wp\/v2\/pages\/188\/revisions"}],"predecessor-version":[{"id":691,"href":"https:\/\/halonyspa.com\/ko\/wp-json\/wp\/v2\/pages\/188\/revisions\/691"}],"wp:attachment":[{"href":"https:\/\/halonyspa.com\/ko\/wp-json\/wp\/v2\/media?parent=188"}],"curies":[{"name":"wp","href":"https:\/\/api.w.org\/{rel}","templated":true}]}}