{"id":456,"date":"2024-10-03T19:41:18","date_gmt":"2024-10-03T19:41:18","guid":{"rendered":"https:\/\/halonyspa.com\/?post_type=product&#038;p=456"},"modified":"2025-06-08T21:32:16","modified_gmt":"2025-06-08T21:32:16","slug":"150ml-dau-goi-duong-sinh-halony","status":"publish","type":"product","link":"https:\/\/halonyspa.com\/en\/150ml-dau-goi-duong-sinh-halony","title":{"rendered":"150ML D\u1ea7u g\u1ed9i th\u1ea3o m\u1ed9c Halony Homemade"},"content":{"rendered":"<p>D\u1ea7u g\u1ed9i th\u1ea3o d\u01b0\u1ee3c Halony \u0111\u01b0\u1ee3c n\u1ea5u c\u00f4 \u0111\u1eb7c t\u1eeb 16 lo\u1ea1i th\u1ea3o m\u1ed9c: H\u00e0 th\u1ee7 \u00f4, \u0110inh l\u0103ng, N\u00fac n\u00e1c, B\u1ea1c h\u00e0, Ho\u1eafc h\u01b0\u01a1ng, C\u1ecf m\u1ea7n tr\u1ea7u, G\u1eebng, V\u1ecf b\u01b0\u1edfi, S\u1ea3, B\u1ed3 h\u00f2n, B\u1ed3 k\u1ebft, H\u01b0\u01a1ng nhu, Qu\u1ebf chi, Ng\u1ea3i c\u1ee9u, Khuynh di\u1ec7p tr\u1eafng, Khuynh di\u1ec7p chanh, v\u00e0 m\u1ed9t s\u1ed1 lo\u1ea1i th\u1ea3o m\u1ed9c kh\u00e1c.<\/p>\n<p>S\u1ea3n ph\u1ea9m \u0111\u01b0\u1ee3c s\u1eed d\u1ee5ng cho kh\u00e1ch h\u00e0ng t\u1ea1i spa, ho\u00e0n to\u00e0n l\u00e0nh t\u00ednh. Gi\u00fap ng\u0103n ng\u1eeba r\u1ee5ng t\u00f3c, k\u00edch th\u00edch m\u1ecdc t\u00f3c, s\u1ea1ch G\u00e0u nh\u1eddn ng\u1ee9a.<\/p>\n<p><em><strong>T\u00f3c kh\u1ecfe t\u1eeb g\u1ed1c. Th\u1ea3o m\u1ed9c th\u1eadt, ch\u1ea5t l\u01b0\u1ee3ng th\u1eadt.<\/strong><\/em><\/p>","protected":false},"excerpt":{"rendered":"<p>D\u1ea7u g\u1ed9i th\u1ea3o d\u01b0\u1ee3c Halony \u0111\u01b0\u1ee3c n\u1ea5u c\u00f4 \u0111\u1eb7c t\u1eeb 16 lo\u1ea1i th\u1ea3o m\u1ed9c: H\u00e0 th\u1ee7 \u00f4, \u0110inh l\u0103ng, N\u00fac n\u00e1c, B\u1ea1c h\u00e0, Ho\u1eafc h\u01b0\u01a1ng, C\u1ecf m\u1ea7n tr\u1ea7u, G\u1eebng, V\u1ecf b\u01b0\u1edfi, S\u1ea3, B\u1ed3 h\u00f2n, B\u1ed3 k\u1ebft, H\u01b0\u01a1ng nhu, Qu\u1ebf chi, Ng\u1ea3i c\u1ee9u, Khuynh di\u1ec7p tr\u1eafng, Khuynh di\u1ec7p chanh, v\u00e0 m\u1ed9t s\u1ed1 lo\u1ea1i th\u1ea3o m\u1ed9c kh\u00e1c.<\/p>","protected":false},"featured_media":457,"comment_status":"open","ping_status":"closed","template":"","meta":[],"product_cat":[35],"product_tag":[36],"class_list":{"0":"post-456","1":"product","2":"type-product","3":"status-publish","4":"has-post-thumbnail","6":"product_cat-san-pham-organic-khac","7":"product_tag-dau-goi-thao-moc-organic","9":"first","10":"outofstock","11":"purchasable","12":"product-type-simple"},"yoast_head":"<!-- This site is optimized with the Yoast SEO Premium plugin v23.2 (Yoast SEO v23.2) - https:\/\/yoast.com\/wordpress\/plugins\/seo\/ -->\n<title>150ML D\u1ea7u g\u1ed9i th\u1ea3o m\u1ed9c Halony Homemade - Halony \u0110\u00e0 L\u1ea1t<\/title>\n<meta name=\"description\" content=\"D\u1ea7u g\u1ed9i Organic \u0111\u01b0\u1ee3c n\u1ea5u c\u00f4 \u0111\u1eb7c t\u1eeb 16 lo\u1ea1i th\u1ea3o m\u1ed9c thi\u00ean nhi\u00ean. Ho\u00e0n to\u00e0n l\u00e0nh t\u00ednh, nu\u00f4i d\u01b0\u1ee1ng da \u0111\u1ea7u, k\u00edch th\u00edch m\u1ecdc t\u00f3c, mang l\u1ea1i m\u00e1i t\u00f3c ch\u1eafc kh\u1ecfe, v\u00e0 m\u1ec1m m\u01b0\u1ee3t.\" \/>\n<meta name=\"robots\" content=\"index, follow, max-snippet:-1, max-image-preview:large, max-video-preview:-1\" \/>\n<link rel=\"canonical\" href=\"https:\/\/halonyspa.com\/en\/150ml-dau-goi-duong-sinh-halony\/\" \/>\n<meta property=\"og:locale\" content=\"en_US\" \/>\n<meta property=\"og:type\" content=\"article\" \/>\n<meta property=\"og:title\" content=\"150ML D\u1ea7u g\u1ed9i th\u1ea3o m\u1ed9c Halony Homemade\" \/>\n<meta property=\"og:description\" content=\"D\u1ea7u g\u1ed9i Organic \u0111\u01b0\u1ee3c n\u1ea5u c\u00f4 \u0111\u1eb7c t\u1eeb 16 lo\u1ea1i th\u1ea3o m\u1ed9c thi\u00ean nhi\u00ean. Ho\u00e0n to\u00e0n l\u00e0nh t\u00ednh, nu\u00f4i d\u01b0\u1ee1ng da \u0111\u1ea7u, k\u00edch th\u00edch m\u1ecdc t\u00f3c, mang l\u1ea1i m\u00e1i t\u00f3c ch\u1eafc kh\u1ecfe, v\u00e0 m\u1ec1m m\u01b0\u1ee3t.\" \/>\n<meta property=\"og:url\" content=\"https:\/\/halonyspa.com\/en\/150ml-dau-goi-duong-sinh-halony\/\" \/>\n<meta property=\"og:site_name\" content=\"Halony \u0110\u00e0 L\u1ea1t\" \/>\n<meta property=\"article:modified_time\" content=\"2025-06-08T21:32:16+00:00\" \/>\n<meta property=\"og:image\" content=\"https:\/\/halonyspa.com\/wp-content\/uploads\/2024\/10\/3-scaled.jpg\" \/>\n\t<meta property=\"og:image:width\" content=\"2560\" \/>\n\t<meta property=\"og:image:height\" content=\"2560\" \/>\n\t<meta property=\"og:image:type\" content=\"image\/jpeg\" \/>\n<meta name=\"twitter:card\" content=\"summary_large_image\" \/>\n<meta name=\"twitter:label1\" content=\"Est. reading time\" \/>\n\t<meta name=\"twitter:data1\" content=\"1 minute\" \/>\n<script type=\"application\/ld+json\" class=\"yoast-schema-graph\">{\"@context\":\"https:\/\/schema.org\",\"@graph\":[{\"@type\":\"WebPage\",\"@id\":\"https:\/\/halonyspa.com\/150ml-dau-goi-duong-sinh-halony\",\"url\":\"https:\/\/halonyspa.com\/150ml-dau-goi-duong-sinh-halony\",\"name\":\"150ML D\u1ea7u g\u1ed9i th\u1ea3o m\u1ed9c Halony Homemade - Halony \u0110\u00e0 L\u1ea1t\",\"isPartOf\":{\"@id\":\"https:\/\/halonyspa.com\/#website\"},\"primaryImageOfPage\":{\"@id\":\"https:\/\/halonyspa.com\/150ml-dau-goi-duong-sinh-halony#primaryimage\"},\"image\":{\"@id\":\"https:\/\/halonyspa.com\/150ml-dau-goi-duong-sinh-halony#primaryimage\"},\"thumbnailUrl\":\"https:\/\/halonyspa.com\/wp-content\/uploads\/2024\/10\/3-scaled.jpg\",\"datePublished\":\"2024-10-03T19:41:18+00:00\",\"dateModified\":\"2025-06-08T21:32:16+00:00\",\"description\":\"D\u1ea7u g\u1ed9i Organic \u0111\u01b0\u1ee3c n\u1ea5u c\u00f4 \u0111\u1eb7c t\u1eeb 16 lo\u1ea1i th\u1ea3o m\u1ed9c thi\u00ean nhi\u00ean. Ho\u00e0n to\u00e0n l\u00e0nh t\u00ednh, nu\u00f4i d\u01b0\u1ee1ng da \u0111\u1ea7u, k\u00edch th\u00edch m\u1ecdc t\u00f3c, mang l\u1ea1i m\u00e1i t\u00f3c ch\u1eafc kh\u1ecfe, v\u00e0 m\u1ec1m m\u01b0\u1ee3t.\",\"breadcrumb\":{\"@id\":\"https:\/\/halonyspa.com\/150ml-dau-goi-duong-sinh-halony#breadcrumb\"},\"inLanguage\":\"en-US\",\"potentialAction\":[{\"@type\":\"ReadAction\",\"target\":[\"https:\/\/halonyspa.com\/150ml-dau-goi-duong-sinh-halony\"]}]},{\"@type\":\"ImageObject\",\"inLanguage\":\"en-US\",\"@id\":\"https:\/\/halonyspa.com\/150ml-dau-goi-duong-sinh-halony#primaryimage\",\"url\":\"https:\/\/halonyspa.com\/wp-content\/uploads\/2024\/10\/3-scaled.jpg\",\"contentUrl\":\"https:\/\/halonyspa.com\/wp-content\/uploads\/2024\/10\/3-scaled.jpg\",\"width\":2560,\"height\":2560},{\"@type\":\"BreadcrumbList\",\"@id\":\"https:\/\/halonyspa.com\/150ml-dau-goi-duong-sinh-halony#breadcrumb\",\"itemListElement\":[{\"@type\":\"ListItem\",\"position\":1,\"name\":\"Trang ch\u1ee7\",\"item\":\"https:\/\/halonyspa.com\/\"},{\"@type\":\"ListItem\",\"position\":2,\"name\":\"S\u1ea3n ph\u1ea9m\",\"item\":\"https:\/\/halonyspa.com\/san-pham\"},{\"@type\":\"ListItem\",\"position\":3,\"name\":\"150ML D\u1ea7u g\u1ed9i th\u1ea3o m\u1ed9c Halony Homemade\"}]},{\"@type\":\"WebSite\",\"@id\":\"https:\/\/halonyspa.com\/#website\",\"url\":\"https:\/\/halonyspa.com\/\",\"name\":\"Halony \u0110\u00e0 L\u1ea1t\",\"description\":\"\",\"potentialAction\":[{\"@type\":\"SearchAction\",\"target\":{\"@type\":\"EntryPoint\",\"urlTemplate\":\"https:\/\/halonyspa.com\/?s={search_term_string}\"},\"query-input\":\"required name=search_term_string\"}],\"inLanguage\":\"en-US\"}]}<\/script>\n<!-- \/ Yoast SEO Premium plugin. -->","yoast_head_json":{"title":"150ML D\u1ea7u g\u1ed9i th\u1ea3o m\u1ed9c Halony Homemade - Halony \u0110\u00e0 L\u1ea1t","description":"D\u1ea7u g\u1ed9i Organic \u0111\u01b0\u1ee3c n\u1ea5u c\u00f4 \u0111\u1eb7c t\u1eeb 16 lo\u1ea1i th\u1ea3o m\u1ed9c thi\u00ean nhi\u00ean. Ho\u00e0n to\u00e0n l\u00e0nh t\u00ednh, nu\u00f4i d\u01b0\u1ee1ng da \u0111\u1ea7u, k\u00edch th\u00edch m\u1ecdc t\u00f3c, mang l\u1ea1i m\u00e1i t\u00f3c ch\u1eafc kh\u1ecfe, v\u00e0 m\u1ec1m m\u01b0\u1ee3t.","robots":{"index":"index","follow":"follow","max-snippet":"max-snippet:-1","max-image-preview":"max-image-preview:large","max-video-preview":"max-video-preview:-1"},"canonical":"https:\/\/halonyspa.com\/en\/150ml-dau-goi-duong-sinh-halony\/","og_locale":"en_US","og_type":"article","og_title":"150ML D\u1ea7u g\u1ed9i th\u1ea3o m\u1ed9c Halony Homemade","og_description":"D\u1ea7u g\u1ed9i Organic \u0111\u01b0\u1ee3c n\u1ea5u c\u00f4 \u0111\u1eb7c t\u1eeb 16 lo\u1ea1i th\u1ea3o m\u1ed9c thi\u00ean nhi\u00ean. Ho\u00e0n to\u00e0n l\u00e0nh t\u00ednh, nu\u00f4i d\u01b0\u1ee1ng da \u0111\u1ea7u, k\u00edch th\u00edch m\u1ecdc t\u00f3c, mang l\u1ea1i m\u00e1i t\u00f3c ch\u1eafc kh\u1ecfe, v\u00e0 m\u1ec1m m\u01b0\u1ee3t.","og_url":"https:\/\/halonyspa.com\/en\/150ml-dau-goi-duong-sinh-halony\/","og_site_name":"Halony \u0110\u00e0 L\u1ea1t","article_modified_time":"2025-06-08T21:32:16+00:00","og_image":[{"width":2560,"height":2560,"url":"https:\/\/halonyspa.com\/wp-content\/uploads\/2024\/10\/3-scaled.jpg","type":"image\/jpeg"}],"twitter_card":"summary_large_image","twitter_misc":{"Est. reading time":"1 minute"},"schema":{"@context":"https:\/\/schema.org","@graph":[{"@type":"WebPage","@id":"https:\/\/halonyspa.com\/150ml-dau-goi-duong-sinh-halony","url":"https:\/\/halonyspa.com\/150ml-dau-goi-duong-sinh-halony","name":"150ML D\u1ea7u g\u1ed9i th\u1ea3o m\u1ed9c Halony Homemade - Halony \u0110\u00e0 L\u1ea1t","isPartOf":{"@id":"https:\/\/halonyspa.com\/#website"},"primaryImageOfPage":{"@id":"https:\/\/halonyspa.com\/150ml-dau-goi-duong-sinh-halony#primaryimage"},"image":{"@id":"https:\/\/halonyspa.com\/150ml-dau-goi-duong-sinh-halony#primaryimage"},"thumbnailUrl":"https:\/\/halonyspa.com\/wp-content\/uploads\/2024\/10\/3-scaled.jpg","datePublished":"2024-10-03T19:41:18+00:00","dateModified":"2025-06-08T21:32:16+00:00","description":"D\u1ea7u g\u1ed9i Organic \u0111\u01b0\u1ee3c n\u1ea5u c\u00f4 \u0111\u1eb7c t\u1eeb 16 lo\u1ea1i th\u1ea3o m\u1ed9c thi\u00ean nhi\u00ean. Ho\u00e0n to\u00e0n l\u00e0nh t\u00ednh, nu\u00f4i d\u01b0\u1ee1ng da \u0111\u1ea7u, k\u00edch th\u00edch m\u1ecdc t\u00f3c, mang l\u1ea1i m\u00e1i t\u00f3c ch\u1eafc kh\u1ecfe, v\u00e0 m\u1ec1m m\u01b0\u1ee3t.","breadcrumb":{"@id":"https:\/\/halonyspa.com\/150ml-dau-goi-duong-sinh-halony#breadcrumb"},"inLanguage":"en-US","potentialAction":[{"@type":"ReadAction","target":["https:\/\/halonyspa.com\/150ml-dau-goi-duong-sinh-halony"]}]},{"@type":"ImageObject","inLanguage":"en-US","@id":"https:\/\/halonyspa.com\/150ml-dau-goi-duong-sinh-halony#primaryimage","url":"https:\/\/halonyspa.com\/wp-content\/uploads\/2024\/10\/3-scaled.jpg","contentUrl":"https:\/\/halonyspa.com\/wp-content\/uploads\/2024\/10\/3-scaled.jpg","width":2560,"height":2560},{"@type":"BreadcrumbList","@id":"https:\/\/halonyspa.com\/150ml-dau-goi-duong-sinh-halony#breadcrumb","itemListElement":[{"@type":"ListItem","position":1,"name":"Trang ch\u1ee7","item":"https:\/\/halonyspa.com\/"},{"@type":"ListItem","position":2,"name":"S\u1ea3n ph\u1ea9m","item":"https:\/\/halonyspa.com\/san-pham"},{"@type":"ListItem","position":3,"name":"150ML D\u1ea7u g\u1ed9i th\u1ea3o m\u1ed9c Halony Homemade"}]},{"@type":"WebSite","@id":"https:\/\/halonyspa.com\/#website","url":"https:\/\/halonyspa.com\/","name":"Halony \u0110\u00e0 L\u1ea1t","description":"","potentialAction":[{"@type":"SearchAction","target":{"@type":"EntryPoint","urlTemplate":"https:\/\/halonyspa.com\/?s={search_term_string}"},"query-input":"required name=search_term_string"}],"inLanguage":"en-US"}]}},"_links":{"self":[{"href":"https:\/\/halonyspa.com\/en\/wp-json\/wp\/v2\/product\/456","targetHints":{"allow":["GET"]}}],"collection":[{"href":"https:\/\/halonyspa.com\/en\/wp-json\/wp\/v2\/product"}],"about":[{"href":"https:\/\/halonyspa.com\/en\/wp-json\/wp\/v2\/types\/product"}],"replies":[{"embeddable":true,"href":"https:\/\/halonyspa.com\/en\/wp-json\/wp\/v2\/comments?post=456"}],"wp:featuredmedia":[{"embeddable":true,"href":"https:\/\/halonyspa.com\/en\/wp-json\/wp\/v2\/media\/457"}],"wp:attachment":[{"href":"https:\/\/halonyspa.com\/en\/wp-json\/wp\/v2\/media?parent=456"}],"wp:term":[{"taxonomy":"product_cat","embeddable":true,"href":"https:\/\/halonyspa.com\/en\/wp-json\/wp\/v2\/product_cat?post=456"},{"taxonomy":"product_tag","embeddable":true,"href":"https:\/\/halonyspa.com\/en\/wp-json\/wp\/v2\/product_tag?post=456"}],"curies":[{"name":"wp","href":"https:\/\/api.w.org\/{rel}","templated":true}]}}