{"id":435,"date":"2024-10-03T18:12:49","date_gmt":"2024-10-03T18:12:49","guid":{"rendered":"https:\/\/halonyspa.com\/?post_type=product&#038;p=435"},"modified":"2024-10-04T14:46:16","modified_gmt":"2024-10-04T14:46:16","slug":"1000gr-bot-nam-dong-trung-say-thang-hoa-organic-hop-tui","status":"publish","type":"product","link":"https:\/\/halonyspa.com\/en\/1000gr-bot-nam-dong-trung-say-thang-hoa-organic-hop-tui","title":{"rendered":"1000GR B\u1ed8T N\u1ea4M \u0110\u00d4NG TR\u00d9NG S\u1ea4Y TH\u0102NG HOA ORGANIC (H\u1ed8P\/T\u00daI)"},"content":{"rendered":"<p><span style=\"font-size: 100%;\">B\u1ed9t N\u1ea5m \u0110\u00f4ng Tr\u00f9ng H\u1ea1 Th\u1ea3o &#8211; H\u1ed9p\/T\u00fai<\/span><span style=\"font-size: 100%;\"> 1000g &#8211; \u0110\u01b0\u1ee3c nu\u00f4i tr\u1ed3ng <em>\u0111\u01b0\u1ee3c nu\u00f4i tr\u1ed3ng<\/em> theo ti\u00eau chu\u1ea9n h\u1eefu c\u01a1, quy tr\u00ecnh s\u1ea3n xu\u1ea5t kh\u1eaft khe.<\/span><\/p>\n<p>C\u00f3 th\u1ec3 d\u00f9ng \u0111\u1eafp m\u1eb7t n\u1ea1, gi\u00fap d\u01b0\u1ee1ng da tr\u1eafng h\u1ed3ng, ng\u0103n ng\u1eeba l\u00e3o h\u00f3a. Ho\u1eb7c pha tr\u00e0 u\u1ed1ng tr\u1ef1c ti\u1ebfp m\u1ed7i s\u00e1ng\/t\u1ed1i t\u1ed1t cho h\u1ec7 ti\u00eau h\u00f3a, thanh l\u1ecdc c\u01a1 th\u1ec3, ngo\u00e0i ra s\u1ea3n ph\u1ea9m r\u1ea5t t\u1ed1t trong vi\u1ec7c ng\u0103n ng\u1eeba b\u1ec7nh ti\u1ec3u \u0111\u01b0\u1eddng.<\/p>\n<p><strong>HALONY<em> c\u00f3 c\u01a1 s\u1edf nu\u00f4i Y\u1ebfn v\u00e0 N\u1ea5m \u0110\u00f4ng tr\u00f9ng h\u1ea1 th\u1ea3o t\u1ea1i Ti\u1ec1n Giang. Vi\u1ec7c thu gom v\u00e0 s\u1ea3n xu\u1ea5t\u00a0 Y\u1ebfn\/ N\u1ea5m l\u00e0 tr\u1ef1c ti\u1ebfp, kh\u00f4ng qua kh\u00e2u trung gian.<\/em><\/strong><\/p>\n<p><strong><em>HALONY ho\u00e0n to\u00e0n \u0111\u1ea3m b\u1ea3o v\u1ec1 ch\u1ea5t l\u01b0\u1ee3ng T\u1ed5 Y\u1ebfn\/ N\u1ea5m \u0111\u00f4ng tr\u00f9ng ch\u00fang t\u00f4i cung c\u1ea5p 100% l\u00e0 Y\u1ebfn\/ N\u1ea5m \u0111\u00f4ng tr\u00f9ng th\u1eadt, kh\u00f4ng pha tr\u1ed9n.<\/em><\/strong><\/p>","protected":false},"excerpt":{"rendered":"<p>B\u1ed9t N\u1ea5m \u0110\u00f4ng Tr\u00f9ng H\u1ea1 Th\u1ea3o &#8211; H\u1ed9p\/T\u00fai 1000g &#8211; \u0110\u01b0\u1ee3c nu\u00f4i tr\u1ed3ng \u0111\u01b0\u1ee3c nu\u00f4i tr\u1ed3ng theo ti\u00eau chu\u1ea9n h\u1eefu c\u01a1, quy tr\u00ecnh s\u1ea3n xu\u1ea5t kh\u1eaft khe. C\u00f3 th\u1ec3 d\u00f9ng \u0111\u1eafp m\u1eb7t n\u1ea1, gi\u00fap d\u01b0\u1ee1ng da tr\u1eafng h\u1ed3ng, ng\u0103n ng\u1eeba l\u00e3o h\u00f3a. Ho\u1eb7c pha tr\u00e0 u\u1ed1ng tr\u1ef1c ti\u1ebfp m\u1ed7i s\u00e1ng\/t\u1ed1i t\u1ed1t cho h\u1ec7 ti\u00eau h\u00f3a,<\/p>","protected":false},"featured_media":432,"comment_status":"open","ping_status":"closed","template":"","meta":[],"product_cat":[26,19],"product_tag":[37],"class_list":{"0":"post-435","1":"product","2":"type-product","3":"status-publish","4":"has-post-thumbnail","6":"product_cat-bot-say-thang-hoa","7":"product_cat-nam-dong-trung-ha-thao","8":"product_tag-bot-nam-dong-trung-ha-thao","10":"first","11":"instock","12":"taxable","13":"shipping-taxable","14":"purchasable","15":"product-type-simple"},"yoast_head":"<!-- This site is optimized with the Yoast SEO Premium plugin v23.2 (Yoast SEO v23.2) - https:\/\/yoast.com\/wordpress\/plugins\/seo\/ -->\n<title>1000GR B\u1ed8T N\u1ea4M \u0110\u00d4NG TR\u00d9NG S\u1ea4Y TH\u0102NG HOA ORGANIC (H\u1ed8P\/T\u00daI) - Halony \u0110\u00e0 L\u1ea1t<\/title>\n<meta name=\"description\" content=\"B\u1ed9t N\u1ea5m \u0111\u00f4ng tr\u00f9ng h\u1ea1 th\u1ea3o Organic. C\u00f3 th\u1ec3 \u0111\u1eafp m\u1eb7t n\u1ea1 d\u01b0\u1ee1ng da tr\u1eafng h\u1ed3ng, ng\u0103n ng\u1eeba l\u00e3o h\u00f3a ho\u1eb7c pha tr\u00e0 u\u1ed1ng tr\u1ef1c ti\u1ebfp m\u1ed7i s\u00e1ng\/t\u1ed1i.\" \/>\n<meta name=\"robots\" content=\"index, follow, max-snippet:-1, max-image-preview:large, max-video-preview:-1\" \/>\n<link rel=\"canonical\" href=\"https:\/\/halonyspa.com\/en\/1000gr-bot-nam-dong-trung-say-thang-hoa-organic-hop-tui\/\" \/>\n<meta property=\"og:locale\" content=\"en_US\" \/>\n<meta property=\"og:type\" content=\"article\" \/>\n<meta property=\"og:title\" content=\"1000GR B\u1ed8T N\u1ea4M \u0110\u00d4NG TR\u00d9NG S\u1ea4Y TH\u0102NG HOA ORGANIC (H\u1ed8P\/T\u00daI)\" \/>\n<meta property=\"og:description\" content=\"B\u1ed9t N\u1ea5m \u0111\u00f4ng tr\u00f9ng h\u1ea1 th\u1ea3o Organic. C\u00f3 th\u1ec3 \u0111\u1eafp m\u1eb7t n\u1ea1 d\u01b0\u1ee1ng da tr\u1eafng h\u1ed3ng, ng\u0103n ng\u1eeba l\u00e3o h\u00f3a ho\u1eb7c pha tr\u00e0 u\u1ed1ng tr\u1ef1c ti\u1ebfp m\u1ed7i s\u00e1ng\/t\u1ed1i.\" \/>\n<meta property=\"og:url\" content=\"https:\/\/halonyspa.com\/en\/1000gr-bot-nam-dong-trung-say-thang-hoa-organic-hop-tui\/\" \/>\n<meta property=\"og:site_name\" content=\"Halony \u0110\u00e0 L\u1ea1t\" \/>\n<meta property=\"article:modified_time\" content=\"2024-10-04T14:46:16+00:00\" \/>\n<meta property=\"og:image\" content=\"https:\/\/halonyspa.com\/wp-content\/uploads\/2024\/10\/z5752235985922_75c44d1ae0ab6015e88868300101eeb1-e1727981365951.jpg\" \/>\n\t<meta property=\"og:image:width\" content=\"1014\" \/>\n\t<meta property=\"og:image:height\" content=\"973\" \/>\n\t<meta property=\"og:image:type\" content=\"image\/jpeg\" \/>\n<meta name=\"twitter:card\" content=\"summary_large_image\" \/>\n<meta name=\"twitter:label1\" content=\"Est. reading time\" \/>\n\t<meta name=\"twitter:data1\" content=\"1 minute\" \/>\n<script type=\"application\/ld+json\" class=\"yoast-schema-graph\">{\"@context\":\"https:\/\/schema.org\",\"@graph\":[{\"@type\":\"WebPage\",\"@id\":\"https:\/\/halonyspa.com\/1000gr-bot-nam-dong-trung-say-thang-hoa-organic-hop-tui\",\"url\":\"https:\/\/halonyspa.com\/1000gr-bot-nam-dong-trung-say-thang-hoa-organic-hop-tui\",\"name\":\"1000GR B\u1ed8T N\u1ea4M \u0110\u00d4NG TR\u00d9NG S\u1ea4Y TH\u0102NG HOA ORGANIC (H\u1ed8P\/T\u00daI) - Halony \u0110\u00e0 L\u1ea1t\",\"isPartOf\":{\"@id\":\"https:\/\/halonyspa.com\/#website\"},\"primaryImageOfPage\":{\"@id\":\"https:\/\/halonyspa.com\/1000gr-bot-nam-dong-trung-say-thang-hoa-organic-hop-tui#primaryimage\"},\"image\":{\"@id\":\"https:\/\/halonyspa.com\/1000gr-bot-nam-dong-trung-say-thang-hoa-organic-hop-tui#primaryimage\"},\"thumbnailUrl\":\"https:\/\/halonyspa.com\/wp-content\/uploads\/2024\/10\/z5752235985922_75c44d1ae0ab6015e88868300101eeb1-e1727981365951.jpg\",\"datePublished\":\"2024-10-03T18:12:49+00:00\",\"dateModified\":\"2024-10-04T14:46:16+00:00\",\"description\":\"B\u1ed9t N\u1ea5m \u0111\u00f4ng tr\u00f9ng h\u1ea1 th\u1ea3o Organic. C\u00f3 th\u1ec3 \u0111\u1eafp m\u1eb7t n\u1ea1 d\u01b0\u1ee1ng da tr\u1eafng h\u1ed3ng, ng\u0103n ng\u1eeba l\u00e3o h\u00f3a ho\u1eb7c pha tr\u00e0 u\u1ed1ng tr\u1ef1c ti\u1ebfp m\u1ed7i s\u00e1ng\/t\u1ed1i.\",\"breadcrumb\":{\"@id\":\"https:\/\/halonyspa.com\/1000gr-bot-nam-dong-trung-say-thang-hoa-organic-hop-tui#breadcrumb\"},\"inLanguage\":\"en-US\",\"potentialAction\":[{\"@type\":\"ReadAction\",\"target\":[\"https:\/\/halonyspa.com\/1000gr-bot-nam-dong-trung-say-thang-hoa-organic-hop-tui\"]}]},{\"@type\":\"ImageObject\",\"inLanguage\":\"en-US\",\"@id\":\"https:\/\/halonyspa.com\/1000gr-bot-nam-dong-trung-say-thang-hoa-organic-hop-tui#primaryimage\",\"url\":\"https:\/\/halonyspa.com\/wp-content\/uploads\/2024\/10\/z5752235985922_75c44d1ae0ab6015e88868300101eeb1-e1727981365951.jpg\",\"contentUrl\":\"https:\/\/halonyspa.com\/wp-content\/uploads\/2024\/10\/z5752235985922_75c44d1ae0ab6015e88868300101eeb1-e1727981365951.jpg\",\"width\":1014,\"height\":973},{\"@type\":\"BreadcrumbList\",\"@id\":\"https:\/\/halonyspa.com\/1000gr-bot-nam-dong-trung-say-thang-hoa-organic-hop-tui#breadcrumb\",\"itemListElement\":[{\"@type\":\"ListItem\",\"position\":1,\"name\":\"Trang ch\u1ee7\",\"item\":\"https:\/\/halonyspa.com\/\"},{\"@type\":\"ListItem\",\"position\":2,\"name\":\"S\u1ea3n ph\u1ea9m\",\"item\":\"https:\/\/halonyspa.com\/san-pham\"},{\"@type\":\"ListItem\",\"position\":3,\"name\":\"1000GR B\u1ed8T N\u1ea4M \u0110\u00d4NG TR\u00d9NG S\u1ea4Y TH\u0102NG HOA ORGANIC (H\u1ed8P\/T\u00daI)\"}]},{\"@type\":\"WebSite\",\"@id\":\"https:\/\/halonyspa.com\/#website\",\"url\":\"https:\/\/halonyspa.com\/\",\"name\":\"Halony \u0110\u00e0 L\u1ea1t\",\"description\":\"\",\"potentialAction\":[{\"@type\":\"SearchAction\",\"target\":{\"@type\":\"EntryPoint\",\"urlTemplate\":\"https:\/\/halonyspa.com\/?s={search_term_string}\"},\"query-input\":\"required name=search_term_string\"}],\"inLanguage\":\"en-US\"}]}<\/script>\n<!-- \/ Yoast SEO Premium plugin. -->","yoast_head_json":{"title":"1000GR B\u1ed8T N\u1ea4M \u0110\u00d4NG TR\u00d9NG S\u1ea4Y TH\u0102NG HOA ORGANIC (H\u1ed8P\/T\u00daI) - Halony \u0110\u00e0 L\u1ea1t","description":"B\u1ed9t N\u1ea5m \u0111\u00f4ng tr\u00f9ng h\u1ea1 th\u1ea3o Organic. C\u00f3 th\u1ec3 \u0111\u1eafp m\u1eb7t n\u1ea1 d\u01b0\u1ee1ng da tr\u1eafng h\u1ed3ng, ng\u0103n ng\u1eeba l\u00e3o h\u00f3a ho\u1eb7c pha tr\u00e0 u\u1ed1ng tr\u1ef1c ti\u1ebfp m\u1ed7i s\u00e1ng\/t\u1ed1i.","robots":{"index":"index","follow":"follow","max-snippet":"max-snippet:-1","max-image-preview":"max-image-preview:large","max-video-preview":"max-video-preview:-1"},"canonical":"https:\/\/halonyspa.com\/en\/1000gr-bot-nam-dong-trung-say-thang-hoa-organic-hop-tui\/","og_locale":"en_US","og_type":"article","og_title":"1000GR B\u1ed8T N\u1ea4M \u0110\u00d4NG TR\u00d9NG S\u1ea4Y TH\u0102NG HOA ORGANIC (H\u1ed8P\/T\u00daI)","og_description":"B\u1ed9t N\u1ea5m \u0111\u00f4ng tr\u00f9ng h\u1ea1 th\u1ea3o Organic. C\u00f3 th\u1ec3 \u0111\u1eafp m\u1eb7t n\u1ea1 d\u01b0\u1ee1ng da tr\u1eafng h\u1ed3ng, ng\u0103n ng\u1eeba l\u00e3o h\u00f3a ho\u1eb7c pha tr\u00e0 u\u1ed1ng tr\u1ef1c ti\u1ebfp m\u1ed7i s\u00e1ng\/t\u1ed1i.","og_url":"https:\/\/halonyspa.com\/en\/1000gr-bot-nam-dong-trung-say-thang-hoa-organic-hop-tui\/","og_site_name":"Halony \u0110\u00e0 L\u1ea1t","article_modified_time":"2024-10-04T14:46:16+00:00","og_image":[{"width":1014,"height":973,"url":"https:\/\/halonyspa.com\/wp-content\/uploads\/2024\/10\/z5752235985922_75c44d1ae0ab6015e88868300101eeb1-e1727981365951.jpg","type":"image\/jpeg"}],"twitter_card":"summary_large_image","twitter_misc":{"Est. reading time":"1 minute"},"schema":{"@context":"https:\/\/schema.org","@graph":[{"@type":"WebPage","@id":"https:\/\/halonyspa.com\/1000gr-bot-nam-dong-trung-say-thang-hoa-organic-hop-tui","url":"https:\/\/halonyspa.com\/1000gr-bot-nam-dong-trung-say-thang-hoa-organic-hop-tui","name":"1000GR B\u1ed8T N\u1ea4M \u0110\u00d4NG TR\u00d9NG S\u1ea4Y TH\u0102NG HOA ORGANIC (H\u1ed8P\/T\u00daI) - Halony \u0110\u00e0 L\u1ea1t","isPartOf":{"@id":"https:\/\/halonyspa.com\/#website"},"primaryImageOfPage":{"@id":"https:\/\/halonyspa.com\/1000gr-bot-nam-dong-trung-say-thang-hoa-organic-hop-tui#primaryimage"},"image":{"@id":"https:\/\/halonyspa.com\/1000gr-bot-nam-dong-trung-say-thang-hoa-organic-hop-tui#primaryimage"},"thumbnailUrl":"https:\/\/halonyspa.com\/wp-content\/uploads\/2024\/10\/z5752235985922_75c44d1ae0ab6015e88868300101eeb1-e1727981365951.jpg","datePublished":"2024-10-03T18:12:49+00:00","dateModified":"2024-10-04T14:46:16+00:00","description":"B\u1ed9t N\u1ea5m \u0111\u00f4ng tr\u00f9ng h\u1ea1 th\u1ea3o Organic. C\u00f3 th\u1ec3 \u0111\u1eafp m\u1eb7t n\u1ea1 d\u01b0\u1ee1ng da tr\u1eafng h\u1ed3ng, ng\u0103n ng\u1eeba l\u00e3o h\u00f3a ho\u1eb7c pha tr\u00e0 u\u1ed1ng tr\u1ef1c ti\u1ebfp m\u1ed7i s\u00e1ng\/t\u1ed1i.","breadcrumb":{"@id":"https:\/\/halonyspa.com\/1000gr-bot-nam-dong-trung-say-thang-hoa-organic-hop-tui#breadcrumb"},"inLanguage":"en-US","potentialAction":[{"@type":"ReadAction","target":["https:\/\/halonyspa.com\/1000gr-bot-nam-dong-trung-say-thang-hoa-organic-hop-tui"]}]},{"@type":"ImageObject","inLanguage":"en-US","@id":"https:\/\/halonyspa.com\/1000gr-bot-nam-dong-trung-say-thang-hoa-organic-hop-tui#primaryimage","url":"https:\/\/halonyspa.com\/wp-content\/uploads\/2024\/10\/z5752235985922_75c44d1ae0ab6015e88868300101eeb1-e1727981365951.jpg","contentUrl":"https:\/\/halonyspa.com\/wp-content\/uploads\/2024\/10\/z5752235985922_75c44d1ae0ab6015e88868300101eeb1-e1727981365951.jpg","width":1014,"height":973},{"@type":"BreadcrumbList","@id":"https:\/\/halonyspa.com\/1000gr-bot-nam-dong-trung-say-thang-hoa-organic-hop-tui#breadcrumb","itemListElement":[{"@type":"ListItem","position":1,"name":"Trang ch\u1ee7","item":"https:\/\/halonyspa.com\/"},{"@type":"ListItem","position":2,"name":"S\u1ea3n ph\u1ea9m","item":"https:\/\/halonyspa.com\/san-pham"},{"@type":"ListItem","position":3,"name":"1000GR B\u1ed8T N\u1ea4M \u0110\u00d4NG TR\u00d9NG S\u1ea4Y TH\u0102NG HOA ORGANIC (H\u1ed8P\/T\u00daI)"}]},{"@type":"WebSite","@id":"https:\/\/halonyspa.com\/#website","url":"https:\/\/halonyspa.com\/","name":"Halony \u0110\u00e0 L\u1ea1t","description":"","potentialAction":[{"@type":"SearchAction","target":{"@type":"EntryPoint","urlTemplate":"https:\/\/halonyspa.com\/?s={search_term_string}"},"query-input":"required name=search_term_string"}],"inLanguage":"en-US"}]}},"_links":{"self":[{"href":"https:\/\/halonyspa.com\/en\/wp-json\/wp\/v2\/product\/435","targetHints":{"allow":["GET"]}}],"collection":[{"href":"https:\/\/halonyspa.com\/en\/wp-json\/wp\/v2\/product"}],"about":[{"href":"https:\/\/halonyspa.com\/en\/wp-json\/wp\/v2\/types\/product"}],"replies":[{"embeddable":true,"href":"https:\/\/halonyspa.com\/en\/wp-json\/wp\/v2\/comments?post=435"}],"wp:featuredmedia":[{"embeddable":true,"href":"https:\/\/halonyspa.com\/en\/wp-json\/wp\/v2\/media\/432"}],"wp:attachment":[{"href":"https:\/\/halonyspa.com\/en\/wp-json\/wp\/v2\/media?parent=435"}],"wp:term":[{"taxonomy":"product_cat","embeddable":true,"href":"https:\/\/halonyspa.com\/en\/wp-json\/wp\/v2\/product_cat?post=435"},{"taxonomy":"product_tag","embeddable":true,"href":"https:\/\/halonyspa.com\/en\/wp-json\/wp\/v2\/product_tag?post=435"}],"curies":[{"name":"wp","href":"https:\/\/api.w.org\/{rel}","templated":true}]}}