{"id":420,"date":"2024-10-03T17:31:16","date_gmt":"2024-10-03T17:31:16","guid":{"rendered":"https:\/\/halonyspa.com\/?post_type=product&#038;p=420"},"modified":"2025-06-08T21:42:49","modified_gmt":"2025-06-08T21:42:49","slug":"100gr-yen-tuoi-tui","status":"publish","type":"product","link":"https:\/\/halonyspa.com\/en\/100gr-yen-tuoi-tui","title":{"rendered":"160GR Y\u1ebeN T\u01af\u01a0I (T\u00daI)"},"content":{"rendered":"<p>T\u1ed5 Y\u1ebfn \u0111\u01b0\u1ee3c l\u00e0m s\u1ea1ch th\u1ee7 c\u00f4ng, v\u00e0 b\u1ea3o qu\u1ea3n c\u1ea5p \u0111\u00f4ng.<\/p>\n<p>T\u1ed5 Y\u1ebfn \u0111\u1eb9p, s\u1ee3i d\u00e0i v\u00e0 d\u00e0y.<\/p>\n<p><strong><em>HALONY c\u00f3 c\u01a1 s\u1edf nu\u00f4i Y\u1ebfn t\u1ea1i Ti\u1ec1n Giang, thu gom v\u00e0 s\u1ea3n xu\u1ea5t\u00a0 Y\u1ebfn tr\u1ef1c ti\u1ebfp, kh\u00f4ng qua kh\u00e2u trung gian.<\/em><\/strong><\/p>\n<p><strong><em>HALONY ho\u00e0n to\u00e0n \u0111\u1ea3m b\u1ea3o v\u1ec1 ch\u1ea5t l\u01b0\u1ee3ng T\u1ed5 Y\u1ebfn\u00a0 ch\u00fang t\u00f4i cung c\u1ea5p 100% l\u00e0 Y\u1ebfn th\u1eadt, kh\u00f4ng pha tr\u1ed9n.<\/em><\/strong><\/p>","protected":false},"excerpt":{"rendered":"<p>T\u1ed5 Y\u1ebfn \u0111\u01b0\u1ee3c l\u00e0m s\u1ea1ch th\u1ee7 c\u00f4ng, v\u00e0 b\u1ea3o qu\u1ea3n c\u1ea5p \u0111\u00f4ng. T\u1ed5 Y\u1ebfn \u0111\u1eb9p, s\u1ee3i d\u00e0i v\u00e0 d\u00e0y. HALONY c\u00f3 c\u01a1 s\u1edf nu\u00f4i Y\u1ebfn t\u1ea1i Ti\u1ec1n Giang, thu gom v\u00e0 s\u1ea3n xu\u1ea5t\u00a0 Y\u1ebfn tr\u1ef1c ti\u1ebfp, kh\u00f4ng qua kh\u00e2u trung gian. HALONY ho\u00e0n to\u00e0n \u0111\u1ea3m b\u1ea3o v\u1ec1 ch\u1ea5t l\u01b0\u1ee3ng T\u1ed5 Y\u1ebfn\u00a0 ch\u00fang t\u00f4i cung c\u1ea5p<\/p>","protected":false},"featured_media":421,"comment_status":"open","ping_status":"closed","template":"","meta":[],"product_cat":[18,22],"product_tag":[43],"class_list":{"0":"post-420","1":"product","2":"type-product","3":"status-publish","4":"has-post-thumbnail","6":"product_cat-yen-sao","7":"product_cat-yen-tuoi","8":"product_tag-yen-tuoi","10":"first","11":"instock","12":"taxable","13":"shipping-taxable","14":"purchasable","15":"product-type-simple"},"yoast_head":"<!-- This site is optimized with the Yoast SEO Premium plugin v23.2 (Yoast SEO v23.2) - https:\/\/yoast.com\/wordpress\/plugins\/seo\/ -->\n<title>160GR Y\u1ebeN T\u01af\u01a0I (T\u00daI) - Halony \u0110\u00e0 L\u1ea1t<\/title>\n<meta name=\"description\" content=\"T\u1ed5 y\u1ebfn cao c\u1ea5p. Y\u1ebfn t\u01b0\u01a1i 100%.\" \/>\n<meta name=\"robots\" content=\"index, follow, max-snippet:-1, max-image-preview:large, max-video-preview:-1\" \/>\n<link rel=\"canonical\" href=\"https:\/\/halonyspa.com\/en\/100gr-yen-tuoi-tui\/\" \/>\n<meta property=\"og:locale\" content=\"en_US\" \/>\n<meta property=\"og:type\" content=\"article\" \/>\n<meta property=\"og:title\" content=\"160GR Y\u1ebeN T\u01af\u01a0I (T\u00daI)\" \/>\n<meta property=\"og:description\" content=\"T\u1ed5 y\u1ebfn cao c\u1ea5p. Y\u1ebfn t\u01b0\u01a1i 100%.\" \/>\n<meta property=\"og:url\" content=\"https:\/\/halonyspa.com\/en\/100gr-yen-tuoi-tui\/\" \/>\n<meta property=\"og:site_name\" content=\"Halony \u0110\u00e0 L\u1ea1t\" \/>\n<meta property=\"article:modified_time\" content=\"2025-06-08T21:42:49+00:00\" \/>\n<meta property=\"og:image\" content=\"https:\/\/halonyspa.com\/wp-content\/uploads\/2024\/10\/yen-vun-tuoi-chinh-hang-e1727976568770.jpg\" \/>\n\t<meta property=\"og:image:width\" content=\"660\" \/>\n\t<meta property=\"og:image:height\" content=\"655\" \/>\n\t<meta property=\"og:image:type\" content=\"image\/jpeg\" \/>\n<meta name=\"twitter:card\" content=\"summary_large_image\" \/>\n<meta name=\"twitter:label1\" content=\"Est. reading time\" \/>\n\t<meta name=\"twitter:data1\" content=\"1 minute\" \/>\n<script type=\"application\/ld+json\" class=\"yoast-schema-graph\">{\"@context\":\"https:\/\/schema.org\",\"@graph\":[{\"@type\":\"WebPage\",\"@id\":\"https:\/\/halonyspa.com\/100gr-yen-tuoi-tui\",\"url\":\"https:\/\/halonyspa.com\/100gr-yen-tuoi-tui\",\"name\":\"160GR Y\u1ebeN T\u01af\u01a0I (T\u00daI) - Halony \u0110\u00e0 L\u1ea1t\",\"isPartOf\":{\"@id\":\"https:\/\/halonyspa.com\/#website\"},\"primaryImageOfPage\":{\"@id\":\"https:\/\/halonyspa.com\/100gr-yen-tuoi-tui#primaryimage\"},\"image\":{\"@id\":\"https:\/\/halonyspa.com\/100gr-yen-tuoi-tui#primaryimage\"},\"thumbnailUrl\":\"https:\/\/halonyspa.com\/wp-content\/uploads\/2024\/10\/yen-vun-tuoi-chinh-hang-e1727976568770.jpg\",\"datePublished\":\"2024-10-03T17:31:16+00:00\",\"dateModified\":\"2025-06-08T21:42:49+00:00\",\"description\":\"T\u1ed5 y\u1ebfn cao c\u1ea5p. Y\u1ebfn t\u01b0\u01a1i 100%.\",\"breadcrumb\":{\"@id\":\"https:\/\/halonyspa.com\/100gr-yen-tuoi-tui#breadcrumb\"},\"inLanguage\":\"en-US\",\"potentialAction\":[{\"@type\":\"ReadAction\",\"target\":[\"https:\/\/halonyspa.com\/100gr-yen-tuoi-tui\"]}]},{\"@type\":\"ImageObject\",\"inLanguage\":\"en-US\",\"@id\":\"https:\/\/halonyspa.com\/100gr-yen-tuoi-tui#primaryimage\",\"url\":\"https:\/\/halonyspa.com\/wp-content\/uploads\/2024\/10\/yen-vun-tuoi-chinh-hang-e1727976568770.jpg\",\"contentUrl\":\"https:\/\/halonyspa.com\/wp-content\/uploads\/2024\/10\/yen-vun-tuoi-chinh-hang-e1727976568770.jpg\",\"width\":660,\"height\":655},{\"@type\":\"BreadcrumbList\",\"@id\":\"https:\/\/halonyspa.com\/100gr-yen-tuoi-tui#breadcrumb\",\"itemListElement\":[{\"@type\":\"ListItem\",\"position\":1,\"name\":\"Trang ch\u1ee7\",\"item\":\"https:\/\/halonyspa.com\/\"},{\"@type\":\"ListItem\",\"position\":2,\"name\":\"S\u1ea3n ph\u1ea9m\",\"item\":\"https:\/\/halonyspa.com\/san-pham\"},{\"@type\":\"ListItem\",\"position\":3,\"name\":\"160GR Y\u1ebeN T\u01af\u01a0I (T\u00daI)\"}]},{\"@type\":\"WebSite\",\"@id\":\"https:\/\/halonyspa.com\/#website\",\"url\":\"https:\/\/halonyspa.com\/\",\"name\":\"Halony \u0110\u00e0 L\u1ea1t\",\"description\":\"\",\"potentialAction\":[{\"@type\":\"SearchAction\",\"target\":{\"@type\":\"EntryPoint\",\"urlTemplate\":\"https:\/\/halonyspa.com\/?s={search_term_string}\"},\"query-input\":\"required name=search_term_string\"}],\"inLanguage\":\"en-US\"}]}<\/script>\n<!-- \/ Yoast SEO Premium plugin. -->","yoast_head_json":{"title":"160GR Y\u1ebeN T\u01af\u01a0I (T\u00daI) - Halony \u0110\u00e0 L\u1ea1t","description":"T\u1ed5 y\u1ebfn cao c\u1ea5p. Y\u1ebfn t\u01b0\u01a1i 100%.","robots":{"index":"index","follow":"follow","max-snippet":"max-snippet:-1","max-image-preview":"max-image-preview:large","max-video-preview":"max-video-preview:-1"},"canonical":"https:\/\/halonyspa.com\/en\/100gr-yen-tuoi-tui\/","og_locale":"en_US","og_type":"article","og_title":"160GR Y\u1ebeN T\u01af\u01a0I (T\u00daI)","og_description":"T\u1ed5 y\u1ebfn cao c\u1ea5p. Y\u1ebfn t\u01b0\u01a1i 100%.","og_url":"https:\/\/halonyspa.com\/en\/100gr-yen-tuoi-tui\/","og_site_name":"Halony \u0110\u00e0 L\u1ea1t","article_modified_time":"2025-06-08T21:42:49+00:00","og_image":[{"width":660,"height":655,"url":"https:\/\/halonyspa.com\/wp-content\/uploads\/2024\/10\/yen-vun-tuoi-chinh-hang-e1727976568770.jpg","type":"image\/jpeg"}],"twitter_card":"summary_large_image","twitter_misc":{"Est. reading time":"1 minute"},"schema":{"@context":"https:\/\/schema.org","@graph":[{"@type":"WebPage","@id":"https:\/\/halonyspa.com\/100gr-yen-tuoi-tui","url":"https:\/\/halonyspa.com\/100gr-yen-tuoi-tui","name":"160GR Y\u1ebeN T\u01af\u01a0I (T\u00daI) - Halony \u0110\u00e0 L\u1ea1t","isPartOf":{"@id":"https:\/\/halonyspa.com\/#website"},"primaryImageOfPage":{"@id":"https:\/\/halonyspa.com\/100gr-yen-tuoi-tui#primaryimage"},"image":{"@id":"https:\/\/halonyspa.com\/100gr-yen-tuoi-tui#primaryimage"},"thumbnailUrl":"https:\/\/halonyspa.com\/wp-content\/uploads\/2024\/10\/yen-vun-tuoi-chinh-hang-e1727976568770.jpg","datePublished":"2024-10-03T17:31:16+00:00","dateModified":"2025-06-08T21:42:49+00:00","description":"T\u1ed5 y\u1ebfn cao c\u1ea5p. Y\u1ebfn t\u01b0\u01a1i 100%.","breadcrumb":{"@id":"https:\/\/halonyspa.com\/100gr-yen-tuoi-tui#breadcrumb"},"inLanguage":"en-US","potentialAction":[{"@type":"ReadAction","target":["https:\/\/halonyspa.com\/100gr-yen-tuoi-tui"]}]},{"@type":"ImageObject","inLanguage":"en-US","@id":"https:\/\/halonyspa.com\/100gr-yen-tuoi-tui#primaryimage","url":"https:\/\/halonyspa.com\/wp-content\/uploads\/2024\/10\/yen-vun-tuoi-chinh-hang-e1727976568770.jpg","contentUrl":"https:\/\/halonyspa.com\/wp-content\/uploads\/2024\/10\/yen-vun-tuoi-chinh-hang-e1727976568770.jpg","width":660,"height":655},{"@type":"BreadcrumbList","@id":"https:\/\/halonyspa.com\/100gr-yen-tuoi-tui#breadcrumb","itemListElement":[{"@type":"ListItem","position":1,"name":"Trang ch\u1ee7","item":"https:\/\/halonyspa.com\/"},{"@type":"ListItem","position":2,"name":"S\u1ea3n ph\u1ea9m","item":"https:\/\/halonyspa.com\/san-pham"},{"@type":"ListItem","position":3,"name":"160GR Y\u1ebeN T\u01af\u01a0I (T\u00daI)"}]},{"@type":"WebSite","@id":"https:\/\/halonyspa.com\/#website","url":"https:\/\/halonyspa.com\/","name":"Halony \u0110\u00e0 L\u1ea1t","description":"","potentialAction":[{"@type":"SearchAction","target":{"@type":"EntryPoint","urlTemplate":"https:\/\/halonyspa.com\/?s={search_term_string}"},"query-input":"required name=search_term_string"}],"inLanguage":"en-US"}]}},"_links":{"self":[{"href":"https:\/\/halonyspa.com\/en\/wp-json\/wp\/v2\/product\/420","targetHints":{"allow":["GET"]}}],"collection":[{"href":"https:\/\/halonyspa.com\/en\/wp-json\/wp\/v2\/product"}],"about":[{"href":"https:\/\/halonyspa.com\/en\/wp-json\/wp\/v2\/types\/product"}],"replies":[{"embeddable":true,"href":"https:\/\/halonyspa.com\/en\/wp-json\/wp\/v2\/comments?post=420"}],"wp:featuredmedia":[{"embeddable":true,"href":"https:\/\/halonyspa.com\/en\/wp-json\/wp\/v2\/media\/421"}],"wp:attachment":[{"href":"https:\/\/halonyspa.com\/en\/wp-json\/wp\/v2\/media?parent=420"}],"wp:term":[{"taxonomy":"product_cat","embeddable":true,"href":"https:\/\/halonyspa.com\/en\/wp-json\/wp\/v2\/product_cat?post=420"},{"taxonomy":"product_tag","embeddable":true,"href":"https:\/\/halonyspa.com\/en\/wp-json\/wp\/v2\/product_tag?post=420"}],"curies":[{"name":"wp","href":"https:\/\/api.w.org\/{rel}","templated":true}]}}