{"id":394,"date":"2024-09-24T04:48:08","date_gmt":"2024-09-24T04:48:08","guid":{"rendered":"https:\/\/halonyspa.com\/?post_type=product&#038;p=394"},"modified":"2026-03-28T18:14:45","modified_gmt":"2026-03-28T18:14:45","slug":"70ml-to-yen-chung-san","status":"publish","type":"product","link":"https:\/\/halonyspa.com\/en\/70ml-to-yen-chung-san","title":{"rendered":"70ML Y\u1ebeN S\u00c0O CH\u01afNG S\u1eb4N"},"content":{"rendered":"<p>Y\u1ebfn s\u00e0o ch\u01b0ng s\u1eb5n h\u00e0ng ng\u00e0y nguy\u00ean ch\u1ea5t 100%, g\u1ed3m nhi\u1ec1u h\u01b0\u01a1ng v\u1ecb:<\/p>\n<ul>\n<li><em>Y\u1ebfn s\u00e0o ch\u01b0ng \u0111\u01b0\u1eddng ph\u00e8n. <\/em><\/li>\n<li><em>Y\u1ebf s\u00e0o ch\u01b0ng n\u1ea5m \u0111\u00f4ng tr\u00f9ng h\u1ea1 th\u1ea3o, k\u1ef7 t\u1eed.<\/em><\/li>\n<li><em>Y\u1ebfn s\u00e0o ch\u01b0ng mix theo ng\u00e0y.<\/em><\/li>\n<\/ul>\n<p><strong><em>HALONY c\u00f3 c\u01a1 s\u1edf nu\u00f4i Y\u1ebfn t\u1ea1i Ti\u1ec1n Giang, thu gom v\u00e0 s\u1ea3n xu\u1ea5t\u00a0 Y\u1ebfn tr\u1ef1c ti\u1ebfp, kh\u00f4ng qua kh\u00e2u trung gian. <\/em><\/strong><\/p>\n<p><strong><em>HALONY ho\u00e0n to\u00e0n \u0111\u1ea3m b\u1ea3o v\u1ec1 ch\u1ea5t l\u01b0\u1ee3ng T\u1ed5 Y\u1ebfn\u00a0 ch\u00fang t\u00f4i cung c\u1ea5p 100% l\u00e0 Y\u1ebfn th\u1eadt, kh\u00f4ng pha tr\u1ed9n.<\/em><\/strong><\/p>","protected":false},"excerpt":{"rendered":"<p>Y\u1ebfn s\u00e0o ch\u01b0ng s\u1eb5n h\u00e0ng ng\u00e0y nguy\u00ean ch\u1ea5t 100%, g\u1ed3m nhi\u1ec1u h\u01b0\u01a1ng v\u1ecb: Y\u1ebfn s\u00e0o ch\u01b0ng \u0111\u01b0\u1eddng ph\u00e8n. Y\u1ebf s\u00e0o ch\u01b0ng n\u1ea5m \u0111\u00f4ng tr\u00f9ng h\u1ea1 th\u1ea3o, k\u1ef7 t\u1eed. Y\u1ebfn s\u00e0o ch\u01b0ng mix theo ng\u00e0y. HALONY c\u00f3 c\u01a1 s\u1edf nu\u00f4i Y\u1ebfn t\u1ea1i Ti\u1ec1n Giang, thu gom v\u00e0 s\u1ea3n xu\u1ea5t\u00a0 Y\u1ebfn tr\u1ef1c ti\u1ebfp, kh\u00f4ng qua kh\u00e2u trung<\/p>","protected":false},"featured_media":412,"comment_status":"open","ping_status":"closed","template":"","meta":[],"product_cat":[24,18],"product_tag":[30,31],"class_list":{"0":"post-394","1":"product","2":"type-product","3":"status-publish","4":"has-post-thumbnail","6":"product_cat-yen-chung-san","7":"product_cat-yen-sao","8":"product_tag-yen-sao","9":"product_tag-yen-sao-chung-san","11":"first","12":"instock","13":"taxable","14":"shipping-taxable","15":"purchasable","16":"product-type-simple"},"yoast_head":"<!-- This site is optimized with the Yoast SEO Premium plugin v23.2 (Yoast SEO v23.2) - https:\/\/yoast.com\/wordpress\/plugins\/seo\/ -->\n<title>70ML Y\u1ebeN S\u00c0O CH\u01afNG S\u1eb4N - Halony \u0110\u00e0 L\u1ea1t<\/title>\n<meta name=\"description\" content=\"Y\u1ebfn s\u00e0o nguy\u00ean ch\u1ea5t 100% \u0111\u01b0\u1ee3c Halony ch\u01b0ng c\u1ea5t h\u00e0ng ng\u00e0y, g\u1ed3m nhi\u1ec1u h\u01b0\u01a1ng v\u1ecb: Y\u1ebfn s\u00e0o ch\u01b0ng \u0111\u01b0\u1eddng ph\u00e8n, Y\u1ebfn s\u00e0o ch\u01b0ng n\u1ea5m \u0111\u00f4ng tr\u00f9ng h\u1ea1 th\u1ea3o, k\u1ef7 t\u1eed ho\u1eb7c Y\u1ebfn s\u00e0o ch\u01b0ng mix theo ng\u00e0y.\" \/>\n<meta name=\"robots\" content=\"index, follow, max-snippet:-1, max-image-preview:large, max-video-preview:-1\" \/>\n<link rel=\"canonical\" href=\"https:\/\/halonyspa.com\/en\/70ml-to-yen-chung-san\/\" \/>\n<meta property=\"og:locale\" content=\"en_US\" \/>\n<meta property=\"og:type\" content=\"article\" \/>\n<meta property=\"og:title\" content=\"70ML Y\u1ebeN S\u00c0O CH\u01afNG S\u1eb4N\" \/>\n<meta property=\"og:description\" content=\"Y\u1ebfn s\u00e0o nguy\u00ean ch\u1ea5t 100% \u0111\u01b0\u1ee3c Halony ch\u01b0ng c\u1ea5t h\u00e0ng ng\u00e0y, g\u1ed3m nhi\u1ec1u h\u01b0\u01a1ng v\u1ecb: Y\u1ebfn s\u00e0o ch\u01b0ng \u0111\u01b0\u1eddng ph\u00e8n, Y\u1ebfn s\u00e0o ch\u01b0ng n\u1ea5m \u0111\u00f4ng tr\u00f9ng h\u1ea1 th\u1ea3o, k\u1ef7 t\u1eed ho\u1eb7c Y\u1ebfn s\u00e0o ch\u01b0ng mix theo ng\u00e0y.\" \/>\n<meta property=\"og:url\" content=\"https:\/\/halonyspa.com\/en\/70ml-to-yen-chung-san\/\" \/>\n<meta property=\"og:site_name\" content=\"Halony \u0110\u00e0 L\u1ea1t\" \/>\n<meta property=\"article:modified_time\" content=\"2026-03-28T18:14:45+00:00\" \/>\n<meta property=\"og:image\" content=\"https:\/\/halonyspa.com\/wp-content\/uploads\/2024\/09\/Thiet-ke-chua-co-ten.jpg\" \/>\n\t<meta property=\"og:image:width\" content=\"1515\" \/>\n\t<meta property=\"og:image:height\" content=\"1276\" \/>\n\t<meta property=\"og:image:type\" content=\"image\/jpeg\" \/>\n<meta name=\"twitter:card\" content=\"summary_large_image\" \/>\n<meta name=\"twitter:label1\" content=\"Est. reading time\" \/>\n\t<meta name=\"twitter:data1\" content=\"1 minute\" \/>\n<script type=\"application\/ld+json\" class=\"yoast-schema-graph\">{\"@context\":\"https:\/\/schema.org\",\"@graph\":[{\"@type\":[\"WebPage\",\"ItemPage\"],\"@id\":\"https:\/\/halonyspa.com\/70ml-to-yen-chung-san\",\"url\":\"https:\/\/halonyspa.com\/70ml-to-yen-chung-san\",\"name\":\"70ML Y\u1ebeN S\u00c0O CH\u01afNG S\u1eb4N - Halony \u0110\u00e0 L\u1ea1t\",\"isPartOf\":{\"@id\":\"https:\/\/halonyspa.com\/#website\"},\"primaryImageOfPage\":{\"@id\":\"https:\/\/halonyspa.com\/70ml-to-yen-chung-san#primaryimage\"},\"image\":{\"@id\":\"https:\/\/halonyspa.com\/70ml-to-yen-chung-san#primaryimage\"},\"thumbnailUrl\":\"https:\/\/halonyspa.com\/wp-content\/uploads\/2024\/09\/Thiet-ke-chua-co-ten.jpg\",\"datePublished\":\"2024-09-24T04:48:08+00:00\",\"dateModified\":\"2026-03-28T18:14:45+00:00\",\"description\":\"Y\u1ebfn s\u00e0o nguy\u00ean ch\u1ea5t 100% \u0111\u01b0\u1ee3c Halony ch\u01b0ng c\u1ea5t h\u00e0ng ng\u00e0y, g\u1ed3m nhi\u1ec1u h\u01b0\u01a1ng v\u1ecb: Y\u1ebfn s\u00e0o ch\u01b0ng \u0111\u01b0\u1eddng ph\u00e8n, Y\u1ebfn s\u00e0o ch\u01b0ng n\u1ea5m \u0111\u00f4ng tr\u00f9ng h\u1ea1 th\u1ea3o, k\u1ef7 t\u1eed ho\u1eb7c Y\u1ebfn s\u00e0o ch\u01b0ng mix theo ng\u00e0y.\",\"breadcrumb\":{\"@id\":\"https:\/\/halonyspa.com\/70ml-to-yen-chung-san#breadcrumb\"},\"inLanguage\":\"en-US\",\"potentialAction\":[{\"@type\":\"ReadAction\",\"target\":[\"https:\/\/halonyspa.com\/70ml-to-yen-chung-san\"]}]},{\"@type\":\"ImageObject\",\"inLanguage\":\"en-US\",\"@id\":\"https:\/\/halonyspa.com\/70ml-to-yen-chung-san#primaryimage\",\"url\":\"https:\/\/halonyspa.com\/wp-content\/uploads\/2024\/09\/Thiet-ke-chua-co-ten.jpg\",\"contentUrl\":\"https:\/\/halonyspa.com\/wp-content\/uploads\/2024\/09\/Thiet-ke-chua-co-ten.jpg\",\"width\":1515,\"height\":1276},{\"@type\":\"BreadcrumbList\",\"@id\":\"https:\/\/halonyspa.com\/70ml-to-yen-chung-san#breadcrumb\",\"itemListElement\":[{\"@type\":\"ListItem\",\"position\":1,\"name\":\"Trang ch\u1ee7\",\"item\":\"https:\/\/halonyspa.com\/\"},{\"@type\":\"ListItem\",\"position\":2,\"name\":\"S\u1ea3n ph\u1ea9m\",\"item\":\"https:\/\/halonyspa.com\/san-pham\"},{\"@type\":\"ListItem\",\"position\":3,\"name\":\"70ML Y\u1ebeN S\u00c0O CH\u01afNG S\u1eb4N\"}]},{\"@type\":\"WebSite\",\"@id\":\"https:\/\/halonyspa.com\/#website\",\"url\":\"https:\/\/halonyspa.com\/\",\"name\":\"Halony \u0110\u00e0 L\u1ea1t\",\"description\":\"\",\"potentialAction\":[{\"@type\":\"SearchAction\",\"target\":{\"@type\":\"EntryPoint\",\"urlTemplate\":\"https:\/\/halonyspa.com\/?s={search_term_string}\"},\"query-input\":\"required name=search_term_string\"}],\"inLanguage\":\"en-US\"}]}<\/script>\n<!-- \/ Yoast SEO Premium plugin. -->","yoast_head_json":{"title":"70ML Y\u1ebeN S\u00c0O CH\u01afNG S\u1eb4N - Halony \u0110\u00e0 L\u1ea1t","description":"Y\u1ebfn s\u00e0o nguy\u00ean ch\u1ea5t 100% \u0111\u01b0\u1ee3c Halony ch\u01b0ng c\u1ea5t h\u00e0ng ng\u00e0y, g\u1ed3m nhi\u1ec1u h\u01b0\u01a1ng v\u1ecb: Y\u1ebfn s\u00e0o ch\u01b0ng \u0111\u01b0\u1eddng ph\u00e8n, Y\u1ebfn s\u00e0o ch\u01b0ng n\u1ea5m \u0111\u00f4ng tr\u00f9ng h\u1ea1 th\u1ea3o, k\u1ef7 t\u1eed ho\u1eb7c Y\u1ebfn s\u00e0o ch\u01b0ng mix theo ng\u00e0y.","robots":{"index":"index","follow":"follow","max-snippet":"max-snippet:-1","max-image-preview":"max-image-preview:large","max-video-preview":"max-video-preview:-1"},"canonical":"https:\/\/halonyspa.com\/en\/70ml-to-yen-chung-san\/","og_locale":"en_US","og_type":"article","og_title":"70ML Y\u1ebeN S\u00c0O CH\u01afNG S\u1eb4N","og_description":"Y\u1ebfn s\u00e0o nguy\u00ean ch\u1ea5t 100% \u0111\u01b0\u1ee3c Halony ch\u01b0ng c\u1ea5t h\u00e0ng ng\u00e0y, g\u1ed3m nhi\u1ec1u h\u01b0\u01a1ng v\u1ecb: Y\u1ebfn s\u00e0o ch\u01b0ng \u0111\u01b0\u1eddng ph\u00e8n, Y\u1ebfn s\u00e0o ch\u01b0ng n\u1ea5m \u0111\u00f4ng tr\u00f9ng h\u1ea1 th\u1ea3o, k\u1ef7 t\u1eed ho\u1eb7c Y\u1ebfn s\u00e0o ch\u01b0ng mix theo ng\u00e0y.","og_url":"https:\/\/halonyspa.com\/en\/70ml-to-yen-chung-san\/","og_site_name":"Halony \u0110\u00e0 L\u1ea1t","article_modified_time":"2026-03-28T18:14:45+00:00","og_image":[{"width":1515,"height":1276,"url":"https:\/\/halonyspa.com\/wp-content\/uploads\/2024\/09\/Thiet-ke-chua-co-ten.jpg","type":"image\/jpeg"}],"twitter_card":"summary_large_image","twitter_misc":{"Est. reading time":"1 minute"},"schema":{"@context":"https:\/\/schema.org","@graph":[{"@type":["WebPage","ItemPage"],"@id":"https:\/\/halonyspa.com\/70ml-to-yen-chung-san","url":"https:\/\/halonyspa.com\/70ml-to-yen-chung-san","name":"70ML Y\u1ebeN S\u00c0O CH\u01afNG S\u1eb4N - Halony \u0110\u00e0 L\u1ea1t","isPartOf":{"@id":"https:\/\/halonyspa.com\/#website"},"primaryImageOfPage":{"@id":"https:\/\/halonyspa.com\/70ml-to-yen-chung-san#primaryimage"},"image":{"@id":"https:\/\/halonyspa.com\/70ml-to-yen-chung-san#primaryimage"},"thumbnailUrl":"https:\/\/halonyspa.com\/wp-content\/uploads\/2024\/09\/Thiet-ke-chua-co-ten.jpg","datePublished":"2024-09-24T04:48:08+00:00","dateModified":"2026-03-28T18:14:45+00:00","description":"Y\u1ebfn s\u00e0o nguy\u00ean ch\u1ea5t 100% \u0111\u01b0\u1ee3c Halony ch\u01b0ng c\u1ea5t h\u00e0ng ng\u00e0y, g\u1ed3m nhi\u1ec1u h\u01b0\u01a1ng v\u1ecb: Y\u1ebfn s\u00e0o ch\u01b0ng \u0111\u01b0\u1eddng ph\u00e8n, Y\u1ebfn s\u00e0o ch\u01b0ng n\u1ea5m \u0111\u00f4ng tr\u00f9ng h\u1ea1 th\u1ea3o, k\u1ef7 t\u1eed ho\u1eb7c Y\u1ebfn s\u00e0o ch\u01b0ng mix theo ng\u00e0y.","breadcrumb":{"@id":"https:\/\/halonyspa.com\/70ml-to-yen-chung-san#breadcrumb"},"inLanguage":"en-US","potentialAction":[{"@type":"ReadAction","target":["https:\/\/halonyspa.com\/70ml-to-yen-chung-san"]}]},{"@type":"ImageObject","inLanguage":"en-US","@id":"https:\/\/halonyspa.com\/70ml-to-yen-chung-san#primaryimage","url":"https:\/\/halonyspa.com\/wp-content\/uploads\/2024\/09\/Thiet-ke-chua-co-ten.jpg","contentUrl":"https:\/\/halonyspa.com\/wp-content\/uploads\/2024\/09\/Thiet-ke-chua-co-ten.jpg","width":1515,"height":1276},{"@type":"BreadcrumbList","@id":"https:\/\/halonyspa.com\/70ml-to-yen-chung-san#breadcrumb","itemListElement":[{"@type":"ListItem","position":1,"name":"Trang ch\u1ee7","item":"https:\/\/halonyspa.com\/"},{"@type":"ListItem","position":2,"name":"S\u1ea3n ph\u1ea9m","item":"https:\/\/halonyspa.com\/san-pham"},{"@type":"ListItem","position":3,"name":"70ML Y\u1ebeN S\u00c0O CH\u01afNG S\u1eb4N"}]},{"@type":"WebSite","@id":"https:\/\/halonyspa.com\/#website","url":"https:\/\/halonyspa.com\/","name":"Halony \u0110\u00e0 L\u1ea1t","description":"","potentialAction":[{"@type":"SearchAction","target":{"@type":"EntryPoint","urlTemplate":"https:\/\/halonyspa.com\/?s={search_term_string}"},"query-input":"required name=search_term_string"}],"inLanguage":"en-US"}]}},"_links":{"self":[{"href":"https:\/\/halonyspa.com\/en\/wp-json\/wp\/v2\/product\/394","targetHints":{"allow":["GET"]}}],"collection":[{"href":"https:\/\/halonyspa.com\/en\/wp-json\/wp\/v2\/product"}],"about":[{"href":"https:\/\/halonyspa.com\/en\/wp-json\/wp\/v2\/types\/product"}],"replies":[{"embeddable":true,"href":"https:\/\/halonyspa.com\/en\/wp-json\/wp\/v2\/comments?post=394"}],"wp:featuredmedia":[{"embeddable":true,"href":"https:\/\/halonyspa.com\/en\/wp-json\/wp\/v2\/media\/412"}],"wp:attachment":[{"href":"https:\/\/halonyspa.com\/en\/wp-json\/wp\/v2\/media?parent=394"}],"wp:term":[{"taxonomy":"product_cat","embeddable":true,"href":"https:\/\/halonyspa.com\/en\/wp-json\/wp\/v2\/product_cat?post=394"},{"taxonomy":"product_tag","embeddable":true,"href":"https:\/\/halonyspa.com\/en\/wp-json\/wp\/v2\/product_tag?post=394"}],"curies":[{"name":"wp","href":"https:\/\/api.w.org\/{rel}","templated":true}]}}