{"id":1165,"date":"2026-04-27T22:53:06","date_gmt":"2026-04-27T22:53:06","guid":{"rendered":"https:\/\/halonyspa.com\/?post_type=product&#038;p=1165"},"modified":"2026-04-28T01:36:44","modified_gmt":"2026-04-28T01:36:44","slug":"combo-100ml-yen-chung-san-mua-5-tang-1-hu-size-m","status":"publish","type":"product","link":"https:\/\/halonyspa.com\/en\/combo-100ml-yen-chung-san-mua-5-tang-1-hu-size-m","title":{"rendered":"COMBO Buy 5 Get 1 Free - 100ml Ready-to-Eat Bird\u2019s Nest (Size M)"},"content":{"rendered":"<p>Buy 5 jars of 100ml ready-to-eat bird\u2019s nest combo, get 1 free jar of the same size.<\/p>\n<p>Daily ready-to-eat bird\u2019s nest, 100% pure, available in many flavors:<\/p>\n<ul>\n<li><em>Bird\u2019s nest stewed with rock sugar<\/em><\/li>\n<li><em>Bird\u2019s nest stewed with cordyceps mushrooms and goji berries.<\/em><\/li>\n<li><em>Bird\u2019s nest stewed with daily mixed flavors.<\/em><\/li>\n<\/ul>\n<p class=\" translation-block\">HALONY has bird\u2019s nest and cordyceps mushroom farming facilities in Tien Giang. The collection and production of bird\u2019s nests and mushrooms are carried out directly, without any intermediaries.<\/p>\n<p><strong><em>HALONY fully guarantees the quality of its bird\u2019s nest products. We provide 100% genuine bird\u2019s nests with no mixing or adulteration.<\/em><\/strong><\/p>","protected":false},"excerpt":{"rendered":"<p><em>Halony currently only provides frozen fresh bird\u2019s nest and freeze-dried bird\u2019s nest. Ready-to-eat bird\u2019s nest is not pre-made.<\/p>\n<p class=\" translation-block\">Each serving of bird\u2019s nest is freshly prepared by Halony immediately after receiving your order, to ensure it is always fresh and retains the best nutritional value when consumed.<\/p>\n<p class=\" translation-block\">Therefore, we kindly ask customers to place their order at least 120 minutes in advance so that Halony has enough time to prepare and cook, ensuring the dish is delivered to you in the best and most complete quality.<\/p>","protected":false},"featured_media":1173,"comment_status":"open","ping_status":"closed","template":"","meta":[],"product_cat":[20,29,24,18],"product_tag":[66,67,68,78,40,38],"class_list":{"0":"post-1165","1":"product","2":"type-product","3":"status-publish","4":"has-post-thumbnail","6":"product_cat-combo","7":"product_cat-set-5-hu-yen-sao","8":"product_cat-yen-chung-san","9":"product_cat-yen-sao","10":"product_tag-100ml","11":"product_tag-combo","12":"product_tag-gift-set","13":"product_tag-hu-size-m","14":"product_tag-to-yen","15":"product_tag-yen-chung-san","17":"first","18":"instock","19":"sale","20":"taxable","21":"shipping-taxable","22":"purchasable","23":"product-type-simple"},"yoast_head":"<!-- This site is optimized with the Yoast SEO Premium plugin v23.2 (Yoast SEO v23.2) - https:\/\/yoast.com\/wordpress\/plugins\/seo\/ -->\n<title>COMBO 100ML Y\u1ebeN CH\u01afNG S\u1eb4N - MUA 5 T\u1eb6NG 1 (H\u0168 SIZE M) - Halony \u0110\u00e0 L\u1ea1t<\/title>\n<meta name=\"description\" content=\"Combo Mua 5 t\u1eb7ng 1 - Lo\u1ea1i 100ml Y\u1ebfn s\u00e0o nguy\u00ean ch\u1ea5t 100% (H\u1ee7 Size M) \u0111\u01b0\u1ee3c ch\u01b0ng c\u1ea5t t\u01b0\u01a1i m\u1edbi theo \u0111\u01a1n \u0111\u1eb7t h\u00e0ng.\" \/>\n<meta name=\"robots\" content=\"index, follow, max-snippet:-1, max-image-preview:large, max-video-preview:-1\" \/>\n<link rel=\"canonical\" href=\"https:\/\/halonyspa.com\/en\/combo-100ml-yen-chung-san-mua-5-tang-1-hu-size-m\/\" \/>\n<meta property=\"og:locale\" content=\"en_US\" \/>\n<meta property=\"og:type\" content=\"article\" \/>\n<meta property=\"og:title\" content=\"COMBO 100ML Y\u1ebeN CH\u01afNG S\u1eb4N - MUA 5 T\u1eb6NG 1 (H\u0168 SIZE M)\" \/>\n<meta property=\"og:description\" content=\"Combo Mua 5 t\u1eb7ng 1 - Lo\u1ea1i 100ml Y\u1ebfn s\u00e0o nguy\u00ean ch\u1ea5t 100% (H\u1ee7 Size M) \u0111\u01b0\u1ee3c ch\u01b0ng c\u1ea5t t\u01b0\u01a1i m\u1edbi theo \u0111\u01a1n \u0111\u1eb7t h\u00e0ng.\" \/>\n<meta property=\"og:url\" content=\"https:\/\/halonyspa.com\/en\/combo-100ml-yen-chung-san-mua-5-tang-1-hu-size-m\/\" \/>\n<meta property=\"og:site_name\" content=\"Halony \u0110\u00e0 L\u1ea1t\" \/>\n<meta property=\"article:modified_time\" content=\"2026-04-28T01:36:44+00:00\" \/>\n<meta property=\"og:image\" content=\"https:\/\/halonyspa.com\/wp-content\/uploads\/2026\/04\/z7769955007484_d6d467e7f0ca839ab0eb1be206ec0e09-e1777339956161.jpg\" \/>\n\t<meta property=\"og:image:width\" content=\"1920\" \/>\n\t<meta property=\"og:image:height\" content=\"1920\" \/>\n\t<meta property=\"og:image:type\" content=\"image\/jpeg\" \/>\n<meta name=\"twitter:card\" content=\"summary_large_image\" \/>\n<meta name=\"twitter:label1\" content=\"Est. reading time\" \/>\n\t<meta name=\"twitter:data1\" content=\"1 minute\" \/>\n<script type=\"application\/ld+json\" class=\"yoast-schema-graph\">{\"@context\":\"https:\/\/schema.org\",\"@graph\":[{\"@type\":\"WebPage\",\"@id\":\"https:\/\/halonyspa.com\/combo-100ml-yen-chung-san-mua-5-tang-1-hu-size-m\",\"url\":\"https:\/\/halonyspa.com\/combo-100ml-yen-chung-san-mua-5-tang-1-hu-size-m\",\"name\":\"COMBO 100ML Y\u1ebeN CH\u01afNG S\u1eb4N - MUA 5 T\u1eb6NG 1 (H\u0168 SIZE M) - Halony \u0110\u00e0 L\u1ea1t\",\"isPartOf\":{\"@id\":\"https:\/\/halonyspa.com\/#website\"},\"primaryImageOfPage\":{\"@id\":\"https:\/\/halonyspa.com\/combo-100ml-yen-chung-san-mua-5-tang-1-hu-size-m#primaryimage\"},\"image\":{\"@id\":\"https:\/\/halonyspa.com\/combo-100ml-yen-chung-san-mua-5-tang-1-hu-size-m#primaryimage\"},\"thumbnailUrl\":\"https:\/\/halonyspa.com\/wp-content\/uploads\/2026\/04\/z7769955007484_d6d467e7f0ca839ab0eb1be206ec0e09-e1777339956161.jpg\",\"datePublished\":\"2026-04-27T22:53:06+00:00\",\"dateModified\":\"2026-04-28T01:36:44+00:00\",\"description\":\"Combo Mua 5 t\u1eb7ng 1 - Lo\u1ea1i 100ml Y\u1ebfn s\u00e0o nguy\u00ean ch\u1ea5t 100% (H\u1ee7 Size M) \u0111\u01b0\u1ee3c ch\u01b0ng c\u1ea5t t\u01b0\u01a1i m\u1edbi theo \u0111\u01a1n \u0111\u1eb7t h\u00e0ng.\",\"breadcrumb\":{\"@id\":\"https:\/\/halonyspa.com\/combo-100ml-yen-chung-san-mua-5-tang-1-hu-size-m#breadcrumb\"},\"inLanguage\":\"en-US\",\"potentialAction\":[{\"@type\":\"ReadAction\",\"target\":[\"https:\/\/halonyspa.com\/combo-100ml-yen-chung-san-mua-5-tang-1-hu-size-m\"]}]},{\"@type\":\"ImageObject\",\"inLanguage\":\"en-US\",\"@id\":\"https:\/\/halonyspa.com\/combo-100ml-yen-chung-san-mua-5-tang-1-hu-size-m#primaryimage\",\"url\":\"https:\/\/halonyspa.com\/wp-content\/uploads\/2026\/04\/z7769955007484_d6d467e7f0ca839ab0eb1be206ec0e09-e1777339956161.jpg\",\"contentUrl\":\"https:\/\/halonyspa.com\/wp-content\/uploads\/2026\/04\/z7769955007484_d6d467e7f0ca839ab0eb1be206ec0e09-e1777339956161.jpg\",\"width\":1920,\"height\":1920},{\"@type\":\"BreadcrumbList\",\"@id\":\"https:\/\/halonyspa.com\/combo-100ml-yen-chung-san-mua-5-tang-1-hu-size-m#breadcrumb\",\"itemListElement\":[{\"@type\":\"ListItem\",\"position\":1,\"name\":\"Trang ch\u1ee7\",\"item\":\"https:\/\/halonyspa.com\/\"},{\"@type\":\"ListItem\",\"position\":2,\"name\":\"S\u1ea3n ph\u1ea9m\",\"item\":\"https:\/\/halonyspa.com\/san-pham\"},{\"@type\":\"ListItem\",\"position\":3,\"name\":\"COMBO 100ML Y\u1ebeN CH\u01afNG S\u1eb4N &#8211; MUA 5 T\u1eb6NG 1 (H\u0168 SIZE M)\"}]},{\"@type\":\"WebSite\",\"@id\":\"https:\/\/halonyspa.com\/#website\",\"url\":\"https:\/\/halonyspa.com\/\",\"name\":\"Halony \u0110\u00e0 L\u1ea1t\",\"description\":\"\",\"potentialAction\":[{\"@type\":\"SearchAction\",\"target\":{\"@type\":\"EntryPoint\",\"urlTemplate\":\"https:\/\/halonyspa.com\/?s={search_term_string}\"},\"query-input\":\"required name=search_term_string\"}],\"inLanguage\":\"en-US\"}]}<\/script>\n<!-- \/ Yoast SEO Premium plugin. -->","yoast_head_json":{"title":"COMBO 100ML Y\u1ebeN CH\u01afNG S\u1eb4N - MUA 5 T\u1eb6NG 1 (H\u0168 SIZE M) - Halony \u0110\u00e0 L\u1ea1t","description":"Combo Mua 5 t\u1eb7ng 1 - Lo\u1ea1i 100ml Y\u1ebfn s\u00e0o nguy\u00ean ch\u1ea5t 100% (H\u1ee7 Size M) \u0111\u01b0\u1ee3c ch\u01b0ng c\u1ea5t t\u01b0\u01a1i m\u1edbi theo \u0111\u01a1n \u0111\u1eb7t h\u00e0ng.","robots":{"index":"index","follow":"follow","max-snippet":"max-snippet:-1","max-image-preview":"max-image-preview:large","max-video-preview":"max-video-preview:-1"},"canonical":"https:\/\/halonyspa.com\/en\/combo-100ml-yen-chung-san-mua-5-tang-1-hu-size-m\/","og_locale":"en_US","og_type":"article","og_title":"COMBO 100ML Y\u1ebeN CH\u01afNG S\u1eb4N - MUA 5 T\u1eb6NG 1 (H\u0168 SIZE M)","og_description":"Combo Mua 5 t\u1eb7ng 1 - Lo\u1ea1i 100ml Y\u1ebfn s\u00e0o nguy\u00ean ch\u1ea5t 100% (H\u1ee7 Size M) \u0111\u01b0\u1ee3c ch\u01b0ng c\u1ea5t t\u01b0\u01a1i m\u1edbi theo \u0111\u01a1n \u0111\u1eb7t h\u00e0ng.","og_url":"https:\/\/halonyspa.com\/en\/combo-100ml-yen-chung-san-mua-5-tang-1-hu-size-m\/","og_site_name":"Halony \u0110\u00e0 L\u1ea1t","article_modified_time":"2026-04-28T01:36:44+00:00","og_image":[{"width":1920,"height":1920,"url":"https:\/\/halonyspa.com\/wp-content\/uploads\/2026\/04\/z7769955007484_d6d467e7f0ca839ab0eb1be206ec0e09-e1777339956161.jpg","type":"image\/jpeg"}],"twitter_card":"summary_large_image","twitter_misc":{"Est. reading time":"1 minute"},"schema":{"@context":"https:\/\/schema.org","@graph":[{"@type":"WebPage","@id":"https:\/\/halonyspa.com\/combo-100ml-yen-chung-san-mua-5-tang-1-hu-size-m","url":"https:\/\/halonyspa.com\/combo-100ml-yen-chung-san-mua-5-tang-1-hu-size-m","name":"COMBO 100ML Y\u1ebeN CH\u01afNG S\u1eb4N - MUA 5 T\u1eb6NG 1 (H\u0168 SIZE M) - Halony \u0110\u00e0 L\u1ea1t","isPartOf":{"@id":"https:\/\/halonyspa.com\/#website"},"primaryImageOfPage":{"@id":"https:\/\/halonyspa.com\/combo-100ml-yen-chung-san-mua-5-tang-1-hu-size-m#primaryimage"},"image":{"@id":"https:\/\/halonyspa.com\/combo-100ml-yen-chung-san-mua-5-tang-1-hu-size-m#primaryimage"},"thumbnailUrl":"https:\/\/halonyspa.com\/wp-content\/uploads\/2026\/04\/z7769955007484_d6d467e7f0ca839ab0eb1be206ec0e09-e1777339956161.jpg","datePublished":"2026-04-27T22:53:06+00:00","dateModified":"2026-04-28T01:36:44+00:00","description":"Combo Mua 5 t\u1eb7ng 1 - Lo\u1ea1i 100ml Y\u1ebfn s\u00e0o nguy\u00ean ch\u1ea5t 100% (H\u1ee7 Size M) \u0111\u01b0\u1ee3c ch\u01b0ng c\u1ea5t t\u01b0\u01a1i m\u1edbi theo \u0111\u01a1n \u0111\u1eb7t h\u00e0ng.","breadcrumb":{"@id":"https:\/\/halonyspa.com\/combo-100ml-yen-chung-san-mua-5-tang-1-hu-size-m#breadcrumb"},"inLanguage":"en-US","potentialAction":[{"@type":"ReadAction","target":["https:\/\/halonyspa.com\/combo-100ml-yen-chung-san-mua-5-tang-1-hu-size-m"]}]},{"@type":"ImageObject","inLanguage":"en-US","@id":"https:\/\/halonyspa.com\/combo-100ml-yen-chung-san-mua-5-tang-1-hu-size-m#primaryimage","url":"https:\/\/halonyspa.com\/wp-content\/uploads\/2026\/04\/z7769955007484_d6d467e7f0ca839ab0eb1be206ec0e09-e1777339956161.jpg","contentUrl":"https:\/\/halonyspa.com\/wp-content\/uploads\/2026\/04\/z7769955007484_d6d467e7f0ca839ab0eb1be206ec0e09-e1777339956161.jpg","width":1920,"height":1920},{"@type":"BreadcrumbList","@id":"https:\/\/halonyspa.com\/combo-100ml-yen-chung-san-mua-5-tang-1-hu-size-m#breadcrumb","itemListElement":[{"@type":"ListItem","position":1,"name":"Trang ch\u1ee7","item":"https:\/\/halonyspa.com\/"},{"@type":"ListItem","position":2,"name":"S\u1ea3n ph\u1ea9m","item":"https:\/\/halonyspa.com\/san-pham"},{"@type":"ListItem","position":3,"name":"COMBO 100ML Y\u1ebeN CH\u01afNG S\u1eb4N &#8211; MUA 5 T\u1eb6NG 1 (H\u0168 SIZE M)"}]},{"@type":"WebSite","@id":"https:\/\/halonyspa.com\/#website","url":"https:\/\/halonyspa.com\/","name":"Halony \u0110\u00e0 L\u1ea1t","description":"","potentialAction":[{"@type":"SearchAction","target":{"@type":"EntryPoint","urlTemplate":"https:\/\/halonyspa.com\/?s={search_term_string}"},"query-input":"required name=search_term_string"}],"inLanguage":"en-US"}]}},"_links":{"self":[{"href":"https:\/\/halonyspa.com\/en\/wp-json\/wp\/v2\/product\/1165","targetHints":{"allow":["GET"]}}],"collection":[{"href":"https:\/\/halonyspa.com\/en\/wp-json\/wp\/v2\/product"}],"about":[{"href":"https:\/\/halonyspa.com\/en\/wp-json\/wp\/v2\/types\/product"}],"replies":[{"embeddable":true,"href":"https:\/\/halonyspa.com\/en\/wp-json\/wp\/v2\/comments?post=1165"}],"wp:featuredmedia":[{"embeddable":true,"href":"https:\/\/halonyspa.com\/en\/wp-json\/wp\/v2\/media\/1173"}],"wp:attachment":[{"href":"https:\/\/halonyspa.com\/en\/wp-json\/wp\/v2\/media?parent=1165"}],"wp:term":[{"taxonomy":"product_cat","embeddable":true,"href":"https:\/\/halonyspa.com\/en\/wp-json\/wp\/v2\/product_cat?post=1165"},{"taxonomy":"product_tag","embeddable":true,"href":"https:\/\/halonyspa.com\/en\/wp-json\/wp\/v2\/product_tag?post=1165"}],"curies":[{"name":"wp","href":"https:\/\/api.w.org\/{rel}","templated":true}]}}