{"id":1158,"date":"2026-04-27T21:40:24","date_gmt":"2026-04-27T21:40:24","guid":{"rendered":"https:\/\/halonyspa.com\/?post_type=product&#038;p=1158"},"modified":"2026-04-28T00:47:01","modified_gmt":"2026-04-28T00:47:01","slug":"1-tai-yen-sach-say-thang-hoa-10gr","status":"publish","type":"product","link":"https:\/\/halonyspa.com\/en\/1-tai-yen-sach-say-thang-hoa-10gr","title":{"rendered":"1 piece of clean freeze-dried bird\u2019s nest (~10g)"},"content":{"rendered":"<div class=\"woocommerce-product-details__short-description\">\n<p>Refined bird\u2019s nest is carefully hand-cleaned and freeze-dried. It is completely dry and can be stored for a long time.<\/p>\n<p>Beautiful bird\u2019s nest with long, thick, and tightly packed strands.<\/p>\n<p><strong><em>HALONY has bird\u2019s nest farming facilities in Tien Giang, directly collecting and producing bird\u2019s nests without intermediaries. <\/em><\/strong><\/p>\n<p><strong><em>HALONY fully guarantees the quality of its bird\u2019s nest products. We provide 100% genuine bird\u2019s nests with no mixing or adulteration.<\/em><\/strong><\/p>\n<\/div>","protected":false},"excerpt":{"rendered":"<p><em><strong>Note on Halony bird\u2019s nest weight:<\/strong><\/p>\n<p>The weight of each Halony bird\u2019s nest may not be completely fixed, as the product is portioned into smaller pieces to allow customers to try it before long-term use.<\/p>\n<p>Therefore, there may be slight variations between each bird\u2019s nest. Typically, each Halony bird\u2019s nest weighs around ~10 grams. We kindly ask for your understanding of these small differences to ensure the best experience when using the product.<\/em><\/p>","protected":false},"featured_media":1159,"comment_status":"open","ping_status":"closed","template":"","meta":[],"product_cat":[21,18],"product_tag":[45,46],"class_list":{"0":"post-1158","1":"product","2":"type-product","3":"status-publish","4":"has-post-thumbnail","6":"product_cat-yen-sach","7":"product_cat-yen-sao","8":"product_tag-yen-sach-say-thang-hoa","9":"product_tag-yen-tinh-che-sach","11":"first","12":"instock","13":"taxable","14":"shipping-taxable","15":"purchasable","16":"product-type-simple"},"yoast_head":"<!-- This site is optimized with the Yoast SEO Premium plugin v23.2 (Yoast SEO v23.2) - https:\/\/yoast.com\/wordpress\/plugins\/seo\/ -->\n<title>1 TAI Y\u1ebeN S\u1ea0CH S\u1ea4Y TH\u0102NG HOA (~10GR) - Halony \u0110\u00e0 L\u1ea1t<\/title>\n<meta name=\"description\" content=\"Y\u1ebfn s\u00e0o, 100% y\u1ebfn s\u1ea1ch\" \/>\n<meta name=\"robots\" content=\"index, follow, max-snippet:-1, max-image-preview:large, max-video-preview:-1\" \/>\n<link rel=\"canonical\" href=\"https:\/\/halonyspa.com\/en\/1-tai-yen-sach-say-thang-hoa-10gr\/\" \/>\n<meta property=\"og:locale\" content=\"en_US\" \/>\n<meta property=\"og:type\" content=\"article\" \/>\n<meta property=\"og:title\" content=\"1 TAI Y\u1ebeN S\u1ea0CH S\u1ea4Y TH\u0102NG HOA (~10GR)\" \/>\n<meta property=\"og:description\" content=\"Y\u1ebfn s\u00e0o, 100% y\u1ebfn s\u1ea1ch\" \/>\n<meta property=\"og:url\" content=\"https:\/\/halonyspa.com\/en\/1-tai-yen-sach-say-thang-hoa-10gr\/\" \/>\n<meta property=\"og:site_name\" content=\"Halony \u0110\u00e0 L\u1ea1t\" \/>\n<meta property=\"article:modified_time\" content=\"2026-04-28T00:47:01+00:00\" \/>\n<meta property=\"og:image\" content=\"https:\/\/halonyspa.com\/wp-content\/uploads\/2026\/04\/tAI-YEN.jpg\" \/>\n\t<meta property=\"og:image:width\" content=\"2393\" \/>\n\t<meta property=\"og:image:height\" content=\"2560\" \/>\n\t<meta property=\"og:image:type\" content=\"image\/jpeg\" \/>\n<meta name=\"twitter:card\" content=\"summary_large_image\" \/>\n<meta name=\"twitter:label1\" content=\"Est. reading time\" \/>\n\t<meta name=\"twitter:data1\" content=\"1 minute\" \/>\n<script type=\"application\/ld+json\" class=\"yoast-schema-graph\">{\"@context\":\"https:\/\/schema.org\",\"@graph\":[{\"@type\":\"WebPage\",\"@id\":\"https:\/\/halonyspa.com\/1-tai-yen-sach-say-thang-hoa-10gr\",\"url\":\"https:\/\/halonyspa.com\/1-tai-yen-sach-say-thang-hoa-10gr\",\"name\":\"1 TAI Y\u1ebeN S\u1ea0CH S\u1ea4Y TH\u0102NG HOA (~10GR) - Halony \u0110\u00e0 L\u1ea1t\",\"isPartOf\":{\"@id\":\"https:\/\/halonyspa.com\/#website\"},\"primaryImageOfPage\":{\"@id\":\"https:\/\/halonyspa.com\/1-tai-yen-sach-say-thang-hoa-10gr#primaryimage\"},\"image\":{\"@id\":\"https:\/\/halonyspa.com\/1-tai-yen-sach-say-thang-hoa-10gr#primaryimage\"},\"thumbnailUrl\":\"https:\/\/halonyspa.com\/wp-content\/uploads\/2026\/04\/tAI-YEN.jpg\",\"datePublished\":\"2026-04-27T21:40:24+00:00\",\"dateModified\":\"2026-04-28T00:47:01+00:00\",\"description\":\"Y\u1ebfn s\u00e0o, 100% y\u1ebfn s\u1ea1ch\",\"breadcrumb\":{\"@id\":\"https:\/\/halonyspa.com\/1-tai-yen-sach-say-thang-hoa-10gr#breadcrumb\"},\"inLanguage\":\"en-US\",\"potentialAction\":[{\"@type\":\"ReadAction\",\"target\":[\"https:\/\/halonyspa.com\/1-tai-yen-sach-say-thang-hoa-10gr\"]}]},{\"@type\":\"ImageObject\",\"inLanguage\":\"en-US\",\"@id\":\"https:\/\/halonyspa.com\/1-tai-yen-sach-say-thang-hoa-10gr#primaryimage\",\"url\":\"https:\/\/halonyspa.com\/wp-content\/uploads\/2026\/04\/tAI-YEN.jpg\",\"contentUrl\":\"https:\/\/halonyspa.com\/wp-content\/uploads\/2026\/04\/tAI-YEN.jpg\",\"width\":2393,\"height\":2560},{\"@type\":\"BreadcrumbList\",\"@id\":\"https:\/\/halonyspa.com\/1-tai-yen-sach-say-thang-hoa-10gr#breadcrumb\",\"itemListElement\":[{\"@type\":\"ListItem\",\"position\":1,\"name\":\"Trang ch\u1ee7\",\"item\":\"https:\/\/halonyspa.com\/\"},{\"@type\":\"ListItem\",\"position\":2,\"name\":\"S\u1ea3n ph\u1ea9m\",\"item\":\"https:\/\/halonyspa.com\/san-pham\"},{\"@type\":\"ListItem\",\"position\":3,\"name\":\"1 TAI Y\u1ebeN S\u1ea0CH S\u1ea4Y TH\u0102NG HOA (~10GR)\"}]},{\"@type\":\"WebSite\",\"@id\":\"https:\/\/halonyspa.com\/#website\",\"url\":\"https:\/\/halonyspa.com\/\",\"name\":\"Halony \u0110\u00e0 L\u1ea1t\",\"description\":\"\",\"potentialAction\":[{\"@type\":\"SearchAction\",\"target\":{\"@type\":\"EntryPoint\",\"urlTemplate\":\"https:\/\/halonyspa.com\/?s={search_term_string}\"},\"query-input\":\"required name=search_term_string\"}],\"inLanguage\":\"en-US\"}]}<\/script>\n<!-- \/ Yoast SEO Premium plugin. -->","yoast_head_json":{"title":"1 TAI Y\u1ebeN S\u1ea0CH S\u1ea4Y TH\u0102NG HOA (~10GR) - Halony \u0110\u00e0 L\u1ea1t","description":"Y\u1ebfn s\u00e0o, 100% y\u1ebfn s\u1ea1ch","robots":{"index":"index","follow":"follow","max-snippet":"max-snippet:-1","max-image-preview":"max-image-preview:large","max-video-preview":"max-video-preview:-1"},"canonical":"https:\/\/halonyspa.com\/en\/1-tai-yen-sach-say-thang-hoa-10gr\/","og_locale":"en_US","og_type":"article","og_title":"1 TAI Y\u1ebeN S\u1ea0CH S\u1ea4Y TH\u0102NG HOA (~10GR)","og_description":"Y\u1ebfn s\u00e0o, 100% y\u1ebfn s\u1ea1ch","og_url":"https:\/\/halonyspa.com\/en\/1-tai-yen-sach-say-thang-hoa-10gr\/","og_site_name":"Halony \u0110\u00e0 L\u1ea1t","article_modified_time":"2026-04-28T00:47:01+00:00","og_image":[{"width":2393,"height":2560,"url":"https:\/\/halonyspa.com\/wp-content\/uploads\/2026\/04\/tAI-YEN.jpg","type":"image\/jpeg"}],"twitter_card":"summary_large_image","twitter_misc":{"Est. reading time":"1 minute"},"schema":{"@context":"https:\/\/schema.org","@graph":[{"@type":"WebPage","@id":"https:\/\/halonyspa.com\/1-tai-yen-sach-say-thang-hoa-10gr","url":"https:\/\/halonyspa.com\/1-tai-yen-sach-say-thang-hoa-10gr","name":"1 TAI Y\u1ebeN S\u1ea0CH S\u1ea4Y TH\u0102NG HOA (~10GR) - Halony \u0110\u00e0 L\u1ea1t","isPartOf":{"@id":"https:\/\/halonyspa.com\/#website"},"primaryImageOfPage":{"@id":"https:\/\/halonyspa.com\/1-tai-yen-sach-say-thang-hoa-10gr#primaryimage"},"image":{"@id":"https:\/\/halonyspa.com\/1-tai-yen-sach-say-thang-hoa-10gr#primaryimage"},"thumbnailUrl":"https:\/\/halonyspa.com\/wp-content\/uploads\/2026\/04\/tAI-YEN.jpg","datePublished":"2026-04-27T21:40:24+00:00","dateModified":"2026-04-28T00:47:01+00:00","description":"Y\u1ebfn s\u00e0o, 100% y\u1ebfn s\u1ea1ch","breadcrumb":{"@id":"https:\/\/halonyspa.com\/1-tai-yen-sach-say-thang-hoa-10gr#breadcrumb"},"inLanguage":"en-US","potentialAction":[{"@type":"ReadAction","target":["https:\/\/halonyspa.com\/1-tai-yen-sach-say-thang-hoa-10gr"]}]},{"@type":"ImageObject","inLanguage":"en-US","@id":"https:\/\/halonyspa.com\/1-tai-yen-sach-say-thang-hoa-10gr#primaryimage","url":"https:\/\/halonyspa.com\/wp-content\/uploads\/2026\/04\/tAI-YEN.jpg","contentUrl":"https:\/\/halonyspa.com\/wp-content\/uploads\/2026\/04\/tAI-YEN.jpg","width":2393,"height":2560},{"@type":"BreadcrumbList","@id":"https:\/\/halonyspa.com\/1-tai-yen-sach-say-thang-hoa-10gr#breadcrumb","itemListElement":[{"@type":"ListItem","position":1,"name":"Trang ch\u1ee7","item":"https:\/\/halonyspa.com\/"},{"@type":"ListItem","position":2,"name":"S\u1ea3n ph\u1ea9m","item":"https:\/\/halonyspa.com\/san-pham"},{"@type":"ListItem","position":3,"name":"1 TAI Y\u1ebeN S\u1ea0CH S\u1ea4Y TH\u0102NG HOA (~10GR)"}]},{"@type":"WebSite","@id":"https:\/\/halonyspa.com\/#website","url":"https:\/\/halonyspa.com\/","name":"Halony \u0110\u00e0 L\u1ea1t","description":"","potentialAction":[{"@type":"SearchAction","target":{"@type":"EntryPoint","urlTemplate":"https:\/\/halonyspa.com\/?s={search_term_string}"},"query-input":"required name=search_term_string"}],"inLanguage":"en-US"}]}},"_links":{"self":[{"href":"https:\/\/halonyspa.com\/en\/wp-json\/wp\/v2\/product\/1158","targetHints":{"allow":["GET"]}}],"collection":[{"href":"https:\/\/halonyspa.com\/en\/wp-json\/wp\/v2\/product"}],"about":[{"href":"https:\/\/halonyspa.com\/en\/wp-json\/wp\/v2\/types\/product"}],"replies":[{"embeddable":true,"href":"https:\/\/halonyspa.com\/en\/wp-json\/wp\/v2\/comments?post=1158"}],"wp:featuredmedia":[{"embeddable":true,"href":"https:\/\/halonyspa.com\/en\/wp-json\/wp\/v2\/media\/1159"}],"wp:attachment":[{"href":"https:\/\/halonyspa.com\/en\/wp-json\/wp\/v2\/media?parent=1158"}],"wp:term":[{"taxonomy":"product_cat","embeddable":true,"href":"https:\/\/halonyspa.com\/en\/wp-json\/wp\/v2\/product_cat?post=1158"},{"taxonomy":"product_tag","embeddable":true,"href":"https:\/\/halonyspa.com\/en\/wp-json\/wp\/v2\/product_tag?post=1158"}],"curies":[{"name":"wp","href":"https:\/\/api.w.org\/{rel}","templated":true}]}}